{"id":11104,"date":"2021-10-04T17:30:08","date_gmt":"2021-10-04T17:30:08","guid":{"rendered":"https:\/\/velartrip.com\/?post_type=product&#038;p=11104"},"modified":"2024-12-04T09:28:41","modified_gmt":"2024-12-04T08:28:41","slug":"housse-valise-scorpion","status":"publish","type":"product","link":"https:\/\/velartrip.com\/de\/accessoires-pour-valise\/housse-de-valise\/housse-valise-scorpion\/","title":{"rendered":"Scorpion-Kofferh\u00fclle"},"content":{"rendered":"<ul>\n<li><span style=\"text-decoration: underline;\"><strong>S&rsquo;adapte \u00e0 99% des valises<\/strong><\/span> \u00e0 2 ou 4 roues.<\/li>\n<li><strong>Deux ouvertures pr\u00e9vues<\/strong> pour la poign\u00e9e t\u00e9lescopique et\/o\u00f9 la poign\u00e9e simple.<\/li>\n<li>Plus de risques de se faire voler ses affaires, les fermetures \u00e9clair sont\u00a0prot\u00e9g\u00e9es\u00a0par notre housse<\/li>\n<li>Finis les films en plastiques jetables aux prix exorbitants, nos housses sont rentabilis\u00e9es\u00a0d\u00e8s votre premier voyage.<\/li>\n<li><strong>Lavable \u00e0 30\u00b0C et r\u00e9utilisable<\/strong>, la plan\u00e8te se portera mieux !\u00a0\u267b\ufe0f<\/li>\n<\/ul>\n<p style=\"text-align: center;\">\ud83d\udccf R\u00e9f\u00e9rez-vous au guide des tailles pour choisir au mieux votre\u00a0housse de valise en fonction de sa dimension \ud83d\udccf<\/p>\n<p class=\"p2\">[block id=\u00a0\u00bbhousse-de-valise-produit-description\u00a0\u00bb]<\/p>\n","protected":false},"excerpt":{"rendered":"<h2><span style=\"font-size: 65%;\">Wenn Sie gerne Ihre Grenzen austesten und ehrgeizig sind, dann ist es gut m\u00f6glich, dass Sie Skorpion sind. Jetzt m\u00fcssen Sie es nur noch den anderen Reisenden mit unserer tollen Kofferh\u00fclle zeigen! \u264f\ufe0f<\/span><\/h2>","protected":false},"featured_media":12912,"comment_status":"open","ping_status":"closed","template":"","meta":{"_kad_blocks_custom_css":"","_kad_blocks_head_custom_js":"","_kad_blocks_body_custom_js":"","_kad_blocks_footer_custom_js":"","_kad_post_transparent":"","_kad_post_title":"","_kad_post_layout":"","_kad_post_sidebar_id":"","_kad_post_content_style":"","_kad_post_vertical_padding":"","_kad_post_feature":"","_kad_post_feature_position":"","_kad_post_header":false,"_kad_post_footer":false,"_kad_post_classname":""},"product_brand":[],"product_cat":[392,618,388],"product_tag":[],"class_list":{"0":"post-11104","1":"product","2":"type-product","3":"status-publish","4":"has-post-thumbnail","6":"product_cat-housse-de-valise","7":"product_cat-accessoires-pour-valise","8":"product_cat-nouveautes","10":"first","11":"instock","12":"taxable","13":"shipping-taxable","14":"purchasable","15":"product-type-variable","16":"has-default-attributes","17":"entry","18":"content-bg","19":"loop-entry"},"taxonomy_info":{"product_cat":[{"value":392,"label":"Housses De Valise"},{"value":618,"label":"Accessoires pour Valise"},{"value":388,"label":"Nouveaut\u00e9s"}]},"featured_image_src_large":["https:\/\/velartrip.com\/wp-content\/uploads\/2022\/04\/4000473256753_images_62667445628a8_14.webp",800,800,false],"author_info":[],"comment_info":0,"_links":{"self":[{"href":"https:\/\/velartrip.com\/de\/wp-json\/wp\/v2\/product\/11104","targetHints":{"allow":["GET"]}}],"collection":[{"href":"https:\/\/velartrip.com\/de\/wp-json\/wp\/v2\/product"}],"about":[{"href":"https:\/\/velartrip.com\/de\/wp-json\/wp\/v2\/types\/product"}],"replies":[{"embeddable":true,"href":"https:\/\/velartrip.com\/de\/wp-json\/wp\/v2\/comments?post=11104"}],"wp:featuredmedia":[{"embeddable":true,"href":"https:\/\/velartrip.com\/de\/wp-json\/wp\/v2\/media\/12912"}],"wp:attachment":[{"href":"https:\/\/velartrip.com\/de\/wp-json\/wp\/v2\/media?parent=11104"}],"wp:term":[{"taxonomy":"product_brand","embeddable":true,"href":"https:\/\/velartrip.com\/de\/wp-json\/wp\/v2\/product_brand?post=11104"},{"taxonomy":"product_cat","embeddable":true,"href":"https:\/\/velartrip.com\/de\/wp-json\/wp\/v2\/product_cat?post=11104"},{"taxonomy":"product_tag","embeddable":true,"href":"https:\/\/velartrip.com\/de\/wp-json\/wp\/v2\/product_tag?post=11104"}],"curies":[{"name":"wp","href":"https:\/\/api.w.org\/{rel}","templated":true}]}}