{"id":11799,"date":"2021-12-21T17:00:57","date_gmt":"2021-12-21T16:00:57","guid":{"rendered":"https:\/\/velartrip.com\/?post_type=product&#038;p=11799"},"modified":"2024-12-04T09:28:18","modified_gmt":"2024-12-04T08:28:18","slug":"protege-passeport-elephant","status":"publish","type":"product","link":"https:\/\/velartrip.com\/de\/accessoires-pour-valise\/protege-passeports\/protege-passeport-elephant\/","title":{"rendered":"Reisepass-Schutz Elefant"},"content":{"rendered":"<h2><span style=\"font-size: 80%;\">Glaubst du, dass der Elefant stark genug pusten kann, um eine Blase aus seinem Kaugummi zu machen? Was auch immer passiert, wir finden ihn einfach zu s\u00fc\u00df! \ud83d\udc18<\/span><\/h2>\n<ul>\n<li><strong>Decke deinen Pass perfekt ab.<\/strong><\/li>\n<li>Spritzwassergesch\u00fctzt.<\/li>\n<li>3 F\u00e4cher f\u00fcr Bankkarten \ud83d\udcb3.<\/li>\n<li>1 Platz f\u00fcr Banknoten.<\/li>\n<li>Kunstleder.<\/li>\n<\/ul>\n<p><em>Die tats\u00e4chliche Farbe kann leicht von der Farbe auf dem Bild abweichen.<\/em><\/p>","protected":false},"excerpt":{"rendered":"<p>Glauben Sie, dass der Elefant stark genug blasen kann, um mit seinem Kaugummi eine Blase zu machen? Was auch immer passiert, wir finden ihn so s\u00fc\u00df! \ud83d\udc18 Deckt Ihren Reisepass perfekt ab. Spritzwassergesch\u00fctzt. 3 F\u00e4cher f\u00fcr Bankkarten \ud83d\udcb3 1 Fach f\u00fcr Geldscheine. Kunstleder. Die tats\u00e4chliche Farbe kann leicht von der \u2026 abweichen.<\/p>","protected":false},"featured_media":12936,"comment_status":"open","ping_status":"closed","template":"","meta":{"_kad_blocks_custom_css":"","_kad_blocks_head_custom_js":"","_kad_blocks_body_custom_js":"","_kad_blocks_footer_custom_js":"","_kad_post_transparent":"","_kad_post_title":"","_kad_post_layout":"","_kad_post_sidebar_id":"","_kad_post_content_style":"","_kad_post_vertical_padding":"","_kad_post_feature":"","_kad_post_feature_position":"","_kad_post_header":false,"_kad_post_footer":false,"_kad_post_classname":""},"product_brand":[],"product_cat":[395,618],"product_tag":[],"class_list":{"0":"post-11799","1":"product","2":"type-product","3":"status-publish","4":"has-post-thumbnail","6":"product_cat-protege-passeports","7":"product_cat-accessoires-pour-valise","9":"first","10":"instock","11":"taxable","12":"shipping-taxable","13":"purchasable","14":"product-type-simple","15":"entry","16":"content-bg","17":"loop-entry"},"taxonomy_info":{"product_cat":[{"value":395,"label":"Prot\u00e8ge-Passeports"},{"value":618,"label":"Accessoires pour Valise"}]},"featured_image_src_large":["https:\/\/velartrip.com\/wp-content\/uploads\/2022\/04\/1005002265612210_images_62667b103c833_8.webp",800,800,false],"author_info":[],"comment_info":0,"_links":{"self":[{"href":"https:\/\/velartrip.com\/de\/wp-json\/wp\/v2\/product\/11799","targetHints":{"allow":["GET"]}}],"collection":[{"href":"https:\/\/velartrip.com\/de\/wp-json\/wp\/v2\/product"}],"about":[{"href":"https:\/\/velartrip.com\/de\/wp-json\/wp\/v2\/types\/product"}],"replies":[{"embeddable":true,"href":"https:\/\/velartrip.com\/de\/wp-json\/wp\/v2\/comments?post=11799"}],"wp:featuredmedia":[{"embeddable":true,"href":"https:\/\/velartrip.com\/de\/wp-json\/wp\/v2\/media\/12936"}],"wp:attachment":[{"href":"https:\/\/velartrip.com\/de\/wp-json\/wp\/v2\/media?parent=11799"}],"wp:term":[{"taxonomy":"product_brand","embeddable":true,"href":"https:\/\/velartrip.com\/de\/wp-json\/wp\/v2\/product_brand?post=11799"},{"taxonomy":"product_cat","embeddable":true,"href":"https:\/\/velartrip.com\/de\/wp-json\/wp\/v2\/product_cat?post=11799"},{"taxonomy":"product_tag","embeddable":true,"href":"https:\/\/velartrip.com\/de\/wp-json\/wp\/v2\/product_tag?post=11799"}],"curies":[{"name":"wp","href":"https:\/\/api.w.org\/{rel}","templated":true}]}}