{"id":12016,"date":"2021-12-21T18:56:33","date_gmt":"2021-12-21T17:56:33","guid":{"rendered":"https:\/\/velartrip.com\/?post_type=product&#038;p=12016"},"modified":"2024-12-04T09:28:18","modified_gmt":"2024-12-04T08:28:18","slug":"protege-passeport-autruche","status":"publish","type":"product","link":"https:\/\/velartrip.com\/de\/accessoires-pour-valise\/protege-passeports\/protege-passeport-autruche\/","title":{"rendered":"Reisepass-Schutz Strau\u00df"},"content":{"rendered":"<h2><span style=\"font-size: 80%;\">Wenn sie ihren Kopf ausnahmsweise einmal nicht in Bodenn\u00e4he bringt, k\u00f6nnen wir einen erhabenen Strau\u00df beim Kauen bewundern.<\/span><\/h2>\n<ul>\n<li><strong>Decke deinen Pass perfekt ab.<\/strong><\/li>\n<li>Spritzwassergesch\u00fctzt.<\/li>\n<li>3 F\u00e4cher f\u00fcr Bankkarten \ud83d\udcb3.<\/li>\n<li>1 Platz f\u00fcr Banknoten.<\/li>\n<li>Kunstleder.<\/li>\n<\/ul>\n<p><em>Die tats\u00e4chliche Farbe kann leicht von der Farbe auf dem Bild abweichen.<\/em><\/p>","protected":false},"excerpt":{"rendered":"<p>Pour une fois qu&rsquo;elle ne met pas sa t\u00eate proche du sol, nous pouvons admirer une sublime autruche m\u00e2cher. Couvre parfaitement ton passeport. R\u00e9siste aux \u00e9claboussures. 3 emplacements pour cartes bancaires \ud83d\udcb3 1 emplacement pour des billets de banque. Cuir synth\u00e9tique. La couleur r\u00e9elle peut \u00eatre l\u00e9g\u00e8rement diff\u00e9rente de la couleur de l&rsquo;image.<\/p>","protected":false},"featured_media":12941,"comment_status":"open","ping_status":"closed","template":"","meta":{"_kad_blocks_custom_css":"","_kad_blocks_head_custom_js":"","_kad_blocks_body_custom_js":"","_kad_blocks_footer_custom_js":"","_kad_post_transparent":"","_kad_post_title":"","_kad_post_layout":"","_kad_post_sidebar_id":"","_kad_post_content_style":"","_kad_post_vertical_padding":"","_kad_post_feature":"","_kad_post_feature_position":"","_kad_post_header":false,"_kad_post_footer":false,"_kad_post_classname":""},"product_brand":[],"product_cat":[395,618],"product_tag":[],"class_list":{"0":"post-12016","1":"product","2":"type-product","3":"status-publish","4":"has-post-thumbnail","6":"product_cat-protege-passeports","7":"product_cat-accessoires-pour-valise","9":"first","10":"instock","11":"taxable","12":"shipping-taxable","13":"purchasable","14":"product-type-simple","15":"entry","16":"content-bg","17":"loop-entry"},"taxonomy_info":{"product_cat":[{"value":395,"label":"Prot\u00e8ge-Passeports"},{"value":618,"label":"Accessoires pour Valise"}]},"featured_image_src_large":["https:\/\/velartrip.com\/wp-content\/uploads\/2022\/04\/1005002265612210_images_62667b103c833_3.jpg",800,800,false],"author_info":[],"comment_info":0,"_links":{"self":[{"href":"https:\/\/velartrip.com\/de\/wp-json\/wp\/v2\/product\/12016","targetHints":{"allow":["GET"]}}],"collection":[{"href":"https:\/\/velartrip.com\/de\/wp-json\/wp\/v2\/product"}],"about":[{"href":"https:\/\/velartrip.com\/de\/wp-json\/wp\/v2\/types\/product"}],"replies":[{"embeddable":true,"href":"https:\/\/velartrip.com\/de\/wp-json\/wp\/v2\/comments?post=12016"}],"wp:featuredmedia":[{"embeddable":true,"href":"https:\/\/velartrip.com\/de\/wp-json\/wp\/v2\/media\/12941"}],"wp:attachment":[{"href":"https:\/\/velartrip.com\/de\/wp-json\/wp\/v2\/media?parent=12016"}],"wp:term":[{"taxonomy":"product_brand","embeddable":true,"href":"https:\/\/velartrip.com\/de\/wp-json\/wp\/v2\/product_brand?post=12016"},{"taxonomy":"product_cat","embeddable":true,"href":"https:\/\/velartrip.com\/de\/wp-json\/wp\/v2\/product_cat?post=12016"},{"taxonomy":"product_tag","embeddable":true,"href":"https:\/\/velartrip.com\/de\/wp-json\/wp\/v2\/product_tag?post=12016"}],"curies":[{"name":"wp","href":"https:\/\/api.w.org\/{rel}","templated":true}]}}