{"id":13821,"date":"2022-06-13T17:17:33","date_gmt":"2022-06-13T15:17:33","guid":{"rendered":"https:\/\/velartrip.com\/?post_type=product&#038;p=13821"},"modified":"2024-12-04T09:28:03","modified_gmt":"2024-12-04T08:28:03","slug":"protege-passeport-believe-in-magic","status":"publish","type":"product","link":"https:\/\/velartrip.com\/de\/accessoires-pour-valise\/protege-passeports\/protege-passeport-believe-in-magic\/","title":{"rendered":"Passport Protector Believe in magic"},"content":{"rendered":"<h2>An Magie zu glauben, ja, aber die Magie des Reisens ist die berauschendste!<\/h2>\n<p>Sch\u00fctzen Sie Ihren Reisepass vor den Unw\u00e4gbarkeiten Ihrer Reise, indem Sie das Risiko von St\u00f6\u00dfen und Kratzern verringern.<\/p>\n<p>Ma\u00dfe: 14 cm * 10 cm<\/p>\n<p>Material: Polyurethan<\/p>\n<p>&nbsp;<\/p>","protected":false},"excerpt":{"rendered":"<p>Croire en la magie, oui, mais celle du voyage est la plus enivrante ! Prot\u00e9gez votre passeport contre les al\u00e9as de votre voyage en r\u00e9duisant les risques de chocs et de rayures Dimensions : 14 cm * 10 cm Mati\u00e8re : polyur\u00e9thane &nbsp;<\/p>","protected":false},"featured_media":13820,"comment_status":"open","ping_status":"closed","template":"","meta":{"_kad_blocks_custom_css":"","_kad_blocks_head_custom_js":"","_kad_blocks_body_custom_js":"","_kad_blocks_footer_custom_js":"","_kad_post_transparent":"","_kad_post_title":"","_kad_post_layout":"","_kad_post_sidebar_id":"","_kad_post_content_style":"","_kad_post_vertical_padding":"","_kad_post_feature":"","_kad_post_feature_position":"","_kad_post_header":false,"_kad_post_footer":false,"_kad_post_classname":""},"product_brand":[],"product_cat":[395,618],"product_tag":[],"class_list":{"0":"post-13821","1":"product","2":"type-product","3":"status-publish","4":"has-post-thumbnail","6":"product_cat-protege-passeports","7":"product_cat-accessoires-pour-valise","9":"first","10":"instock","11":"taxable","12":"shipping-taxable","13":"purchasable","14":"product-type-simple","15":"entry","16":"content-bg","17":"loop-entry"},"taxonomy_info":{"product_cat":[{"value":395,"label":"Prot\u00e8ge-Passeports"},{"value":618,"label":"Accessoires pour Valise"}]},"featured_image_src_large":["https:\/\/velartrip.com\/wp-content\/uploads\/2022\/06\/H2f843ba4d90f414988c401366bf019faB.jpg",800,800,false],"author_info":[],"comment_info":0,"_links":{"self":[{"href":"https:\/\/velartrip.com\/de\/wp-json\/wp\/v2\/product\/13821","targetHints":{"allow":["GET"]}}],"collection":[{"href":"https:\/\/velartrip.com\/de\/wp-json\/wp\/v2\/product"}],"about":[{"href":"https:\/\/velartrip.com\/de\/wp-json\/wp\/v2\/types\/product"}],"replies":[{"embeddable":true,"href":"https:\/\/velartrip.com\/de\/wp-json\/wp\/v2\/comments?post=13821"}],"wp:featuredmedia":[{"embeddable":true,"href":"https:\/\/velartrip.com\/de\/wp-json\/wp\/v2\/media\/13820"}],"wp:attachment":[{"href":"https:\/\/velartrip.com\/de\/wp-json\/wp\/v2\/media?parent=13821"}],"wp:term":[{"taxonomy":"product_brand","embeddable":true,"href":"https:\/\/velartrip.com\/de\/wp-json\/wp\/v2\/product_brand?post=13821"},{"taxonomy":"product_cat","embeddable":true,"href":"https:\/\/velartrip.com\/de\/wp-json\/wp\/v2\/product_cat?post=13821"},{"taxonomy":"product_tag","embeddable":true,"href":"https:\/\/velartrip.com\/de\/wp-json\/wp\/v2\/product_tag?post=13821"}],"curies":[{"name":"wp","href":"https:\/\/api.w.org\/{rel}","templated":true}]}}