{"id":13823,"date":"2022-06-13T17:39:23","date_gmt":"2022-06-13T15:39:23","guid":{"rendered":"https:\/\/velartrip.com\/?post_type=product&#038;p=13823"},"modified":"2024-12-04T09:28:03","modified_gmt":"2024-12-04T08:28:03","slug":"protege-passeport-renard","status":"publish","type":"product","link":"https:\/\/velartrip.com\/de\/accessoires-pour-valise\/protege-passeports\/protege-passeport-renard\/","title":{"rendered":"Reisepass-Schutz Fuchs"},"content":{"rendered":"<h2>Das listigste aller Caniden versteckt sich auf Ihrem Passschutz. \ud83e\udd8a<\/h2>\n<p>Mit unserem Passschutz brauchen Sie keine Angst mehr vor St\u00f6\u00dfen und Kratzern in Ihrem Reisepass zu haben.<\/p>\n<p>Nutzen Sie 3 F\u00e4cher f\u00fcr Ihre Bankkarten oder Ihren F\u00fchrerschein.<\/p>\n<p>Ma\u00dfe: 14 x 10 cm<br \/>\nMaterial: Polyurethan<\/p>","protected":false},"excerpt":{"rendered":"<p>Die listigsten Caniden verstecken sich auf deinem Passschutz. \ud83e\udd8a Keine Angst mehr vor St\u00f6\u00dfen und Kratzern in deinem Reisepass mit unserem Reisepass-Schutz. Nutzen Sie die 3 F\u00e4cher f\u00fcr Ihre Bankkarten oder Ihren F\u00fchrerschein. Ma\u00dfe: 14 x 10 cm Material: Polyurethan<\/p>","protected":false},"featured_media":13896,"comment_status":"open","ping_status":"closed","template":"","meta":{"_kad_blocks_custom_css":"","_kad_blocks_head_custom_js":"","_kad_blocks_body_custom_js":"","_kad_blocks_footer_custom_js":"","_kad_post_transparent":"","_kad_post_title":"","_kad_post_layout":"","_kad_post_sidebar_id":"","_kad_post_content_style":"","_kad_post_vertical_padding":"","_kad_post_feature":"","_kad_post_feature_position":"","_kad_post_header":false,"_kad_post_footer":false,"_kad_post_classname":""},"product_brand":[],"product_cat":[395,618],"product_tag":[],"class_list":{"0":"post-13823","1":"product","2":"type-product","3":"status-publish","4":"has-post-thumbnail","6":"product_cat-protege-passeports","7":"product_cat-accessoires-pour-valise","9":"first","10":"instock","11":"taxable","12":"shipping-taxable","13":"purchasable","14":"product-type-simple","15":"entry","16":"content-bg","17":"loop-entry"},"taxonomy_info":{"product_cat":[{"value":395,"label":"Prot\u00e8ge-Passeports"},{"value":618,"label":"Accessoires pour Valise"}]},"featured_image_src_large":["https:\/\/velartrip.com\/wp-content\/uploads\/2022\/06\/7.jpg",800,800,false],"author_info":[],"comment_info":1,"_links":{"self":[{"href":"https:\/\/velartrip.com\/de\/wp-json\/wp\/v2\/product\/13823","targetHints":{"allow":["GET"]}}],"collection":[{"href":"https:\/\/velartrip.com\/de\/wp-json\/wp\/v2\/product"}],"about":[{"href":"https:\/\/velartrip.com\/de\/wp-json\/wp\/v2\/types\/product"}],"replies":[{"embeddable":true,"href":"https:\/\/velartrip.com\/de\/wp-json\/wp\/v2\/comments?post=13823"}],"wp:featuredmedia":[{"embeddable":true,"href":"https:\/\/velartrip.com\/de\/wp-json\/wp\/v2\/media\/13896"}],"wp:attachment":[{"href":"https:\/\/velartrip.com\/de\/wp-json\/wp\/v2\/media?parent=13823"}],"wp:term":[{"taxonomy":"product_brand","embeddable":true,"href":"https:\/\/velartrip.com\/de\/wp-json\/wp\/v2\/product_brand?post=13823"},{"taxonomy":"product_cat","embeddable":true,"href":"https:\/\/velartrip.com\/de\/wp-json\/wp\/v2\/product_cat?post=13823"},{"taxonomy":"product_tag","embeddable":true,"href":"https:\/\/velartrip.com\/de\/wp-json\/wp\/v2\/product_tag?post=13823"}],"curies":[{"name":"wp","href":"https:\/\/api.w.org\/{rel}","templated":true}]}}