{"id":13856,"date":"2022-06-13T17:40:34","date_gmt":"2022-06-13T15:40:34","guid":{"rendered":"https:\/\/velartrip.com\/?post_type=product&#038;p=13856"},"modified":"2024-12-04T09:28:02","modified_gmt":"2024-12-04T08:28:02","slug":"protege-passeport-jasmin","status":"publish","type":"product","link":"https:\/\/velartrip.com\/de\/accessoires-pour-valise\/protege-passeports\/protege-passeport-jasmin\/","title":{"rendered":"Reisepass-Schutz Jasmin"},"content":{"rendered":"<h2>Kennen Sie den bet\u00f6renden Duft von Jasmin? Wenn Sie diese Blume sch\u00e4tzen, empfehlen wir Ihnen, diesen Schutz f\u00fcr Ihren Reisepass zu w\u00e4hlen.<\/h2>\n<p>Mit unserem Passschutz brauchen Sie keine Angst mehr vor St\u00f6\u00dfen und Kratzern in Ihrem Reisepass zu haben.<\/p>\n<p>Nutzen Sie 3 F\u00e4cher f\u00fcr Ihre Bankkarten oder Ihren F\u00fchrerschein.<\/p>\n<p>Ma\u00dfe: 14 x 10 cm<br \/>\nMaterial: Polyurethan<\/p>","protected":false},"excerpt":{"rendered":"<p>Vous connaissez l&rsquo;odeur envoutante du jasmin ? Si vous appr\u00e9ciez cette fleur, nous vous conseillons de choisir cette protection pour votre passeport. Ne craignez plus les chocs et les rayures sur votre passeport avec notre prot\u00e8ge-passeport. Profitez de 3 emplacements pour vos cartes bancaires ou permis de conduire. Dimensions : 14 x 10 cm Mati\u00e8re&#8230;<\/p>","protected":false},"featured_media":13894,"comment_status":"open","ping_status":"closed","template":"","meta":{"_kad_blocks_custom_css":"","_kad_blocks_head_custom_js":"","_kad_blocks_body_custom_js":"","_kad_blocks_footer_custom_js":"","_kad_post_transparent":"","_kad_post_title":"","_kad_post_layout":"","_kad_post_sidebar_id":"","_kad_post_content_style":"","_kad_post_vertical_padding":"","_kad_post_feature":"","_kad_post_feature_position":"","_kad_post_header":false,"_kad_post_footer":false,"_kad_post_classname":""},"product_brand":[],"product_cat":[395,618],"product_tag":[],"class_list":{"0":"post-13856","1":"product","2":"type-product","3":"status-publish","4":"has-post-thumbnail","6":"product_cat-protege-passeports","7":"product_cat-accessoires-pour-valise","9":"first","10":"instock","11":"taxable","12":"shipping-taxable","13":"purchasable","14":"product-type-simple","15":"entry","16":"content-bg","17":"loop-entry"},"taxonomy_info":{"product_cat":[{"value":395,"label":"Prot\u00e8ge-Passeports"},{"value":618,"label":"Accessoires pour Valise"}]},"featured_image_src_large":["https:\/\/velartrip.com\/wp-content\/uploads\/2022\/06\/5.jpg",800,800,false],"author_info":[],"comment_info":1,"_links":{"self":[{"href":"https:\/\/velartrip.com\/de\/wp-json\/wp\/v2\/product\/13856","targetHints":{"allow":["GET"]}}],"collection":[{"href":"https:\/\/velartrip.com\/de\/wp-json\/wp\/v2\/product"}],"about":[{"href":"https:\/\/velartrip.com\/de\/wp-json\/wp\/v2\/types\/product"}],"replies":[{"embeddable":true,"href":"https:\/\/velartrip.com\/de\/wp-json\/wp\/v2\/comments?post=13856"}],"wp:featuredmedia":[{"embeddable":true,"href":"https:\/\/velartrip.com\/de\/wp-json\/wp\/v2\/media\/13894"}],"wp:attachment":[{"href":"https:\/\/velartrip.com\/de\/wp-json\/wp\/v2\/media?parent=13856"}],"wp:term":[{"taxonomy":"product_brand","embeddable":true,"href":"https:\/\/velartrip.com\/de\/wp-json\/wp\/v2\/product_brand?post=13856"},{"taxonomy":"product_cat","embeddable":true,"href":"https:\/\/velartrip.com\/de\/wp-json\/wp\/v2\/product_cat?post=13856"},{"taxonomy":"product_tag","embeddable":true,"href":"https:\/\/velartrip.com\/de\/wp-json\/wp\/v2\/product_tag?post=13856"}],"curies":[{"name":"wp","href":"https:\/\/api.w.org\/{rel}","templated":true}]}}