{"id":13880,"date":"2022-06-13T17:41:25","date_gmt":"2022-06-13T15:41:25","guid":{"rendered":"https:\/\/velartrip.com\/?post_type=product&#038;p=13880"},"modified":"2025-11-19T11:03:43","modified_gmt":"2025-11-19T10:03:43","slug":"protege-passeport-rose-de-damas","status":"publish","type":"product","link":"https:\/\/velartrip.com\/de\/accessoires-voyage\/protege-passeport-rose-de-damas\/","title":{"rendered":"Reisepass-Schutz Damaszener-Rose"},"content":{"rendered":"<h2>Sch\u00f6ne Damaszener-Rosen, die Ihren Pass zieren. So vereinen Sie Schutz und Design f\u00fcr Ihr Ausweisdokument.<\/h2>\n<p>Mit unserem Passschutz brauchen Sie keine Angst mehr vor St\u00f6\u00dfen und Kratzern in Ihrem Reisepass zu haben.<\/p>\n<p>Nutzen Sie 3 F\u00e4cher f\u00fcr Ihre Bankkarten oder Ihren F\u00fchrerschein.<\/p>\n<p>Ma\u00dfe: 14 x 10 cm<br \/>\nMaterial: Polyurethan<\/p>","protected":false},"excerpt":{"rendered":"<p>Sch\u00f6ne Damaszener-Rosen, die Ihren Reisepass zieren, vereinen Schutz und Design f\u00fcr Ihr Ausweisdokument. Mit unserem Passschutz brauchen Sie keine Angst mehr vor St\u00f6\u00dfen und Kratzern in Ihrem Pass zu haben. Nutzen Sie die 3 F\u00e4cher f\u00fcr Ihre Bankkarten oder Ihren F\u00fchrerschein. Ma\u00dfe: 14 x 10 cm Material: Polyurethan<\/p>","protected":false},"featured_media":13897,"comment_status":"open","ping_status":"closed","template":"","meta":{"_kad_blocks_custom_css":"","_kad_blocks_head_custom_js":"","_kad_blocks_body_custom_js":"","_kad_blocks_footer_custom_js":"","_kad_post_transparent":"","_kad_post_title":"","_kad_post_layout":"","_kad_post_sidebar_id":"","_kad_post_content_style":"","_kad_post_vertical_padding":"","_kad_post_feature":"","_kad_post_feature_position":"","_kad_post_header":false,"_kad_post_footer":false,"_kad_post_classname":""},"product_brand":[],"product_cat":[404,405,618,386,957],"product_tag":[],"class_list":{"0":"post-13880","1":"product","2":"type-product","3":"status-publish","4":"has-post-thumbnail","6":"product_cat-accessoires-voyage","7":"product_cat-accessoires-lifestyle","8":"product_cat-accessoires-pour-valise","9":"product_cat-accessoires-pratiques","10":"product_cat-pins-drapeau","12":"first","13":"instock","14":"taxable","15":"shipping-taxable","16":"purchasable","17":"product-type-simple","18":"entry","19":"content-bg","20":"loop-entry"},"taxonomy_info":{"product_cat":[{"value":404,"label":"Accessoires de Voyage"},{"value":405,"label":"Accessoires Lifestyle"},{"value":618,"label":"Accessoires pour Valise"},{"value":386,"label":"Accessoires Pratiques"},{"value":957,"label":"Pin's Drapeau"}]},"featured_image_src_large":["https:\/\/velartrip.com\/wp-content\/uploads\/2022\/06\/8.jpg",800,800,false],"author_info":[],"comment_info":1,"_links":{"self":[{"href":"https:\/\/velartrip.com\/de\/wp-json\/wp\/v2\/product\/13880","targetHints":{"allow":["GET"]}}],"collection":[{"href":"https:\/\/velartrip.com\/de\/wp-json\/wp\/v2\/product"}],"about":[{"href":"https:\/\/velartrip.com\/de\/wp-json\/wp\/v2\/types\/product"}],"replies":[{"embeddable":true,"href":"https:\/\/velartrip.com\/de\/wp-json\/wp\/v2\/comments?post=13880"}],"wp:featuredmedia":[{"embeddable":true,"href":"https:\/\/velartrip.com\/de\/wp-json\/wp\/v2\/media\/13897"}],"wp:attachment":[{"href":"https:\/\/velartrip.com\/de\/wp-json\/wp\/v2\/media?parent=13880"}],"wp:term":[{"taxonomy":"product_brand","embeddable":true,"href":"https:\/\/velartrip.com\/de\/wp-json\/wp\/v2\/product_brand?post=13880"},{"taxonomy":"product_cat","embeddable":true,"href":"https:\/\/velartrip.com\/de\/wp-json\/wp\/v2\/product_cat?post=13880"},{"taxonomy":"product_tag","embeddable":true,"href":"https:\/\/velartrip.com\/de\/wp-json\/wp\/v2\/product_tag?post=13880"}],"curies":[{"name":"wp","href":"https:\/\/api.w.org\/{rel}","templated":true}]}}