{"id":14414,"date":"2024-10-26T17:22:46","date_gmt":"2024-10-26T15:22:46","guid":{"rendered":"https:\/\/velartrip.com\/?post_type=product&#038;p=14414"},"modified":"2024-12-04T09:28:12","modified_gmt":"2024-12-04T08:28:12","slug":"pin-drapeau-palestine","status":"publish","type":"product","link":"https:\/\/velartrip.com\/de\/accessoires-voyage\/pins\/pin-drapeau-palestine\/","title":{"rendered":"Pal\u00e4stina-Flaggen-Pin"},"content":{"rendered":"<h3><strong>Pal\u00e4stina-Flaggen-Pin: Ein Symbol der Solidarit\u00e4t und des Engagements<\/strong><\/h3>\n<p><strong>Zeigen Sie Ihre Unterst\u00fctzung f\u00fcr die pal\u00e4stinensische Sache mit unserem stilvollen Pin mit der pal\u00e4stinensischen Flagge.<\/strong> Diese sorgf\u00e4ltig gefertigte Anstecknadel ist mehr als nur ein Accessoire. Es ist ein starkes Statement Ihrer Werte und Ihres Engagements.<\/p>\n<h4><strong>Merkmale :<\/strong><\/h4>\n<ul>\n<li><strong>Authentisches Design:<\/strong> Unsere Anstecknadel stellt die Farben und das Design der pal\u00e4stinensischen Flagge originalgetreu dar und erm\u00f6glicht Ihnen, Ihre Solidarit\u00e4t mit Stil zu zeigen.<\/li>\n<li><strong>Hochwertige Materialien:<\/strong> Diese Anstecknadel aus robustem Metall mit Emaille-Beschichtung ist langlebig und stilvoll zugleich und eignet sich perfekt f\u00fcr den t\u00e4glichen Gebrauch.<\/li>\n<li><strong>Praktische Gr\u00f6\u00dfe:<\/strong> Mit den Ma\u00dfen 3 cm x 2 cm l\u00e4sst es sich leicht an Ihrer Kleidung, Tasche oder M\u00fctze befestigen und verleiht jedem Outfit eine bedeutungsvolle Note.<\/li>\n<\/ul>\n<h4><strong>Warum sollten Sie sich f\u00fcr unsere Pal\u00e4stina-Kiefer entscheiden?<\/strong><\/h4>\n<ul>\n<li><strong>Zeigen Sie Ihre Identit\u00e4t:<\/strong> Ob bei Demonstrationen, kulturellen Veranstaltungen oder im Alltag, mit diesem Pin zeigen Sie Ihre \u00dcberzeugungen perfekt.<\/li>\n<li><strong>Ein ideales Geschenk:<\/strong> Geben Sie es Ihren Freunden und Ihrer Familie, um eine kraftvolle Botschaft des Friedens und der Gerechtigkeit zu verbreiten.<\/li>\n<li><strong>Zufriedenheitsgarantie:<\/strong> Kaufen Sie vertrauensvoll ein dank unserer unkomplizierten R\u00fcckgaberichtlinien.<\/li>\n<\/ul>\n<h3><strong>Bestellen Sie noch heute!<\/strong><\/h3>\n<p>Verpassen Sie nicht die Gelegenheit, ein starkes Symbol der Solidarit\u00e4t zu tragen. <strong>F\u00fcgen Sie jetzt den Pin mit der pal\u00e4stinensischen Flagge zu Ihrer Sammlung hinzu und senden Sie eine starke Botschaft!<\/strong> Profitieren Sie von unserem Sonderangebot: <strong>10 % Rabatt auf Ihre erste Bestellung mit dem Code PALESTINE10.<\/strong><\/p>","protected":false},"excerpt":{"rendered":"<p>Pin Drapeau Palestine : Un Symbole de Solidarit\u00e9 et d\u2019Engagement Montrez votre soutien \u00e0 la cause palestinienne avec notre \u00e9l\u00e9gant pin du drapeau de la Palestine. Fabriqu\u00e9 avec soin, ce pin est bien plus qu&rsquo;un simple accessoire ; c&rsquo;est une d\u00e9claration forte de vos valeurs et de votre engagement. Caract\u00e9ristiques : Design Authentique : Notre&#8230;<\/p>","protected":false},"featured_media":14421,"comment_status":"open","ping_status":"closed","template":"","meta":{"_kad_blocks_custom_css":"","_kad_blocks_head_custom_js":"","_kad_blocks_body_custom_js":"","_kad_blocks_footer_custom_js":"","_kad_post_transparent":"","_kad_post_title":"","_kad_post_layout":"","_kad_post_sidebar_id":"","_kad_post_content_style":"","_kad_post_vertical_padding":"","_kad_post_feature":"","_kad_post_feature_position":"","_kad_post_header":false,"_kad_post_footer":false,"_kad_post_classname":""},"product_brand":[],"product_cat":[402,404,957],"product_tag":[],"class_list":{"0":"post-14414","1":"product","2":"type-product","3":"status-publish","4":"has-post-thumbnail","6":"product_cat-pins","7":"product_cat-accessoires-voyage","8":"product_cat-pins-drapeau","10":"first","11":"instock","12":"taxable","13":"shipping-taxable","14":"purchasable","15":"product-type-variable","16":"has-default-attributes","17":"entry","18":"content-bg","19":"loop-entry"},"taxonomy_info":{"product_cat":[{"value":402,"label":"Pin's"},{"value":404,"label":"Accessoires de Voyage"},{"value":957,"label":"Pin's Drapeau"}]},"featured_image_src_large":["https:\/\/velartrip.com\/wp-content\/uploads\/2024\/10\/1-800x800.jpg",800,800,true],"author_info":[],"comment_info":0,"_links":{"self":[{"href":"https:\/\/velartrip.com\/de\/wp-json\/wp\/v2\/product\/14414","targetHints":{"allow":["GET"]}}],"collection":[{"href":"https:\/\/velartrip.com\/de\/wp-json\/wp\/v2\/product"}],"about":[{"href":"https:\/\/velartrip.com\/de\/wp-json\/wp\/v2\/types\/product"}],"replies":[{"embeddable":true,"href":"https:\/\/velartrip.com\/de\/wp-json\/wp\/v2\/comments?post=14414"}],"wp:featuredmedia":[{"embeddable":true,"href":"https:\/\/velartrip.com\/de\/wp-json\/wp\/v2\/media\/14421"}],"wp:attachment":[{"href":"https:\/\/velartrip.com\/de\/wp-json\/wp\/v2\/media?parent=14414"}],"wp:term":[{"taxonomy":"product_brand","embeddable":true,"href":"https:\/\/velartrip.com\/de\/wp-json\/wp\/v2\/product_brand?post=14414"},{"taxonomy":"product_cat","embeddable":true,"href":"https:\/\/velartrip.com\/de\/wp-json\/wp\/v2\/product_cat?post=14414"},{"taxonomy":"product_tag","embeddable":true,"href":"https:\/\/velartrip.com\/de\/wp-json\/wp\/v2\/product_tag?post=14414"}],"curies":[{"name":"wp","href":"https:\/\/api.w.org\/{rel}","templated":true}]}}