{"id":14434,"date":"2024-10-26T18:01:35","date_gmt":"2024-10-26T16:01:35","guid":{"rendered":"https:\/\/velartrip.com\/?post_type=product&#038;p=14434"},"modified":"2024-12-04T09:28:12","modified_gmt":"2024-12-04T08:28:12","slug":"pin-drapeau-liban","status":"publish","type":"product","link":"https:\/\/velartrip.com\/de\/accessoires-voyage\/pins\/pin-drapeau-liban\/","title":{"rendered":"Libanon-Flaggen-Anstecker \u2013 Ein Symbol des Stolzes und des kulturellen Erbes"},"content":{"rendered":"<p>Zeigen Sie Ihre Liebe und Ihren Stolz f\u00fcr den Libanon mit unserer Anstecknadel mit der libanesischen Flagge. Dieses elegante und bedeutungsvolle Accessoire ist perfekt f\u00fcr alle, die ihre kulturelle Identit\u00e4t auf stilvolle und unverwechselbare Weise feiern m\u00f6chten.<\/p>\n<h4><strong>Merkmale :<\/strong><\/h4>\n<ul>\n<li><strong>Authentisches Design:<\/strong> Diese Anstecknadel zeigt die ber\u00fchmte Zeder, ein emblematisches Symbol des Libanon, umgeben von den rot-wei\u00dfen Farben der libanesischen Flagge, die f\u00fcr Einheit und Widerstand steht.<\/li>\n<li><strong>Hochwertige Materialien:<\/strong> Diese Anstecknadel besteht aus robustem Metall mit Emaille-Beschichtung und ist so konzipiert, dass sie die Zeit \u00fcberdauert und dabei ihren Glanz beh\u00e4lt.<\/li>\n<li><strong>Praktische Abmessungen:<\/strong> Mit seinen Ma\u00dfen von 3 cm x 2 cm l\u00e4sst es sich leicht an Ihrer Kleidung, Tasche oder M\u00fctze befestigen und verleiht Ihrem Outfit eine bedeutungsvolle Note.<\/li>\n<\/ul>\n<h4><strong>Warum sollten Sie sich f\u00fcr unsere Libanesische Kiefer entscheiden?<\/strong><\/h4>\n<ul>\n<li><strong>Zeigen Sie Ihre Identit\u00e4t:<\/strong> Ob bei kulturellen Veranstaltungen, Feierlichkeiten oder im Alltag: Mit diesem Pin zeigen Sie Ihre Verbundenheit zum Libanon auf stilvolle Weise.<\/li>\n<li><strong>Ein bedeutungsvolles Geschenk:<\/strong> Diese Anstecknadel ist ideal f\u00fcr Freunde und Familie und vermittelt eine starke Botschaft des Stolzes und der Solidarit\u00e4t mit dem Libanon.<\/li>\n<li><strong>Zufriedenheitsgarantie:<\/strong> Kaufen Sie dank unserer einfachen und effizienten R\u00fcckgaberichtlinien vertrauensvoll ein.<\/li>\n<\/ul>\n<h3><strong>Jetzt bestellen!<\/strong><\/h3>\n<p>Verpassen Sie nicht die Gelegenheit, ein starkes Symbol Ihres Erbes zu tragen. <strong>F\u00fcgen Sie Ihrer Sammlung noch heute die Anstecknadel mit der libanesischen Flagge hinzu und zeigen Sie mit Stolz Ihre Unterst\u00fctzung!<\/strong> Genie\u00dfen <strong>10 % Rabatt<\/strong> auf Ihre erste Bestellung mit dem Code <span style=\"text-decoration: underline;\"><strong>LIBANON10.<\/strong><\/span><\/p>","protected":false},"excerpt":{"rendered":"<p>Zeigen Sie Ihre Liebe und Ihren Stolz f\u00fcr den Libanon mit unserer Anstecknadel mit der libanesischen Flagge. Dieses elegante und bedeutungsvolle Accessoire ist perfekt f\u00fcr alle, die ihre kulturelle Identit\u00e4t auf stilvolle und unverwechselbare Weise feiern m\u00f6chten. Merkmale: Authentisches Design: Diese Anstecknadel hebt die ber\u00fchmte Zeder hervor, das Wahrzeichen des Libanon, umgeben von den Farben \u2026<\/p>","protected":false},"featured_media":14441,"comment_status":"closed","ping_status":"closed","template":"","meta":{"_kad_blocks_custom_css":"","_kad_blocks_head_custom_js":"","_kad_blocks_body_custom_js":"","_kad_blocks_footer_custom_js":"","_kad_post_transparent":"","_kad_post_title":"","_kad_post_layout":"","_kad_post_sidebar_id":"","_kad_post_content_style":"","_kad_post_vertical_padding":"","_kad_post_feature":"","_kad_post_feature_position":"","_kad_post_header":false,"_kad_post_footer":false,"_kad_post_classname":""},"product_brand":[],"product_cat":[402,404,957],"product_tag":[],"class_list":{"0":"post-14434","1":"product","2":"type-product","3":"status-publish","4":"has-post-thumbnail","6":"product_cat-pins","7":"product_cat-accessoires-voyage","8":"product_cat-pins-drapeau","10":"first","11":"instock","12":"taxable","13":"shipping-taxable","14":"purchasable","15":"product-type-variable","16":"has-default-attributes","17":"entry","18":"content-bg","19":"loop-entry"},"taxonomy_info":{"product_cat":[{"value":402,"label":"Pin's"},{"value":404,"label":"Accessoires de Voyage"},{"value":957,"label":"Pin's Drapeau"}]},"featured_image_src_large":["https:\/\/velartrip.com\/wp-content\/uploads\/2024\/10\/1-2-800x800.jpg",800,800,true],"author_info":[],"comment_info":0,"_links":{"self":[{"href":"https:\/\/velartrip.com\/de\/wp-json\/wp\/v2\/product\/14434","targetHints":{"allow":["GET"]}}],"collection":[{"href":"https:\/\/velartrip.com\/de\/wp-json\/wp\/v2\/product"}],"about":[{"href":"https:\/\/velartrip.com\/de\/wp-json\/wp\/v2\/types\/product"}],"replies":[{"embeddable":true,"href":"https:\/\/velartrip.com\/de\/wp-json\/wp\/v2\/comments?post=14434"}],"wp:featuredmedia":[{"embeddable":true,"href":"https:\/\/velartrip.com\/de\/wp-json\/wp\/v2\/media\/14441"}],"wp:attachment":[{"href":"https:\/\/velartrip.com\/de\/wp-json\/wp\/v2\/media?parent=14434"}],"wp:term":[{"taxonomy":"product_brand","embeddable":true,"href":"https:\/\/velartrip.com\/de\/wp-json\/wp\/v2\/product_brand?post=14434"},{"taxonomy":"product_cat","embeddable":true,"href":"https:\/\/velartrip.com\/de\/wp-json\/wp\/v2\/product_cat?post=14434"},{"taxonomy":"product_tag","embeddable":true,"href":"https:\/\/velartrip.com\/de\/wp-json\/wp\/v2\/product_tag?post=14434"}],"curies":[{"name":"wp","href":"https:\/\/api.w.org\/{rel}","templated":true}]}}