{"id":16716,"date":"2025-03-14T17:37:04","date_gmt":"2025-03-14T16:37:04","guid":{"rendered":"https:\/\/velartrip.com\/?post_type=product&#038;p=16716"},"modified":"2026-03-23T20:15:21","modified_gmt":"2026-03-23T19:15:21","slug":"kit-de-survie-3eme-guerre-mondiale","status":"publish","type":"product","link":"https:\/\/velartrip.com\/de\/survie\/kit-de-survie-3eme-guerre-mondiale\/","title":{"rendered":"\u00dcberlebenskit f\u00fcr den dritten Weltkrieg"},"content":{"rendered":"<p><strong>Ultimatives WW3-\u00dcberlebenskit \u2013 Komplette Notfallausr\u00fcstung<\/strong><\/p>\n<p>Bereiten Sie sich auf jede Situation vor mit diesem <strong>ultra-komplettes \u00dcberlebenskit<\/strong>, konzipiert f\u00fcr den Umgang mit unerwarteten Ereignissen wie Katastrophen, Konflikten oder Notevakuierungen. Ob in der Wildnis, in der Stadt oder unterwegs, diese milit\u00e4rische \u00dcberlebenstasche bietet Ihnen die <strong>wichtige Werkzeuge, um Ihre Sicherheit und Unabh\u00e4ngigkeit zu gew\u00e4hrleisten.<\/strong><\/p>\n<h3>\ud83d\ude80 <strong>Was ist in diesem \u00dcberlebenskit?<\/strong><\/h3>\n<p>\ud83d\udd26 <strong>Beleuchtung und Orientierung<\/strong><\/p>\n<ul>\n<li><strong>Taschenlampe<\/strong> Ultrastark, um auch in v\u00f6lliger Dunkelheit zu sehen<\/li>\n<li><strong>Pr\u00e4zisionskompass<\/strong> ohne GPS navigieren<\/li>\n<li><strong>Notpfeife<\/strong> um Ihre Position zu melden<\/li>\n<\/ul>\n<p>\ud83d\udd2a <strong>Multifunktionswerkzeuge<\/strong><\/p>\n<ul>\n<li><strong>Klappzange<\/strong> mit Mehrfachfunktionen zum Schneiden, Schrauben, Festziehen<\/li>\n<li><strong>2-in-1 Messer und Gabel<\/strong> ideal zum Essen in einer \u00dcberlebenssituation<\/li>\n<li><strong>Multitool-Karte<\/strong> (Flaschen\u00f6ffner, Schraubendreher, S\u00e4ge, Inbusschl\u00fcssel usw.)<\/li>\n<li><strong>Taktischer Stift<\/strong> die als Verteidigungswaffe eingesetzt werden kann<\/li>\n<\/ul>\n<p>\ud83c\udf92 <strong>\u00dcberlebens- und Erste-Hilfe-Ausr\u00fcstung<\/strong><\/p>\n<ul>\n<li><strong>PVC-Handschuhe<\/strong> zum Schutz vor Verunreinigungen<\/li>\n<li><strong>Erste-Hilfe-Maske<\/strong><\/li>\n<li><strong>Rettungsdecke<\/strong> um die K\u00f6rperw\u00e4rme zu bewahren<\/li>\n<li><strong>Komplettes Erste-Hilfe-Set<\/strong> (Verb\u00e4nde, Scheren, Kompressen, Pflaster, Wattest\u00e4bchen)<\/li>\n<\/ul>\n<p>\ud83d\udee0\ufe0f <strong>\u00dcberleben und Heimwerken<\/strong><\/p>\n<ul>\n<li><strong>Drahts\u00e4ge<\/strong> zum Schneiden von Holz oder anderen Materialien<\/li>\n<li><strong>Feuerzeug\/Feueranz\u00fcnder<\/strong> schnell ein Feuer anz\u00fcnden<\/li>\n<li><strong>Starkes Seil<\/strong> f\u00fcr verschiedene Zwecke (Anbinden, Unterschlupf bauen, Sichern)<\/li>\n<li><strong>D-Schnalle<\/strong> um Ihre Ausr\u00fcstung zu reparieren<\/li>\n<\/ul>\n<p>\ud83d\udca6 <strong>Zusatzausstattung<\/strong><\/p>\n<ul>\n<li><strong>Wasserdichter Umhang (Umhang)<\/strong> um sich vor dem Regen zu sch\u00fctzen<\/li>\n<li><strong>Wasserflaschenclip<\/strong> um leicht hydriert zu bleiben<\/li>\n<li><strong>Blasrohr<\/strong> um ein Feuer zu sch\u00fcren oder Wasser zu filtern<\/li>\n<\/ul>\n<h3>\u2705 <strong>Warum dieses Survival-Kit w\u00e4hlen?<\/strong><\/h3>\n<p>\u2714 <strong>Kompakt und leicht<\/strong> \u2013 Leicht zu tragen in der taktischen Tarntasche<br \/>\n\u2714 <strong>Extrem widerstandsf\u00e4hig<\/strong> \u2013 Konzipiert f\u00fcr extreme Bedingungen<br \/>\n\u2714 <strong>Alles in einem<\/strong> \u2013 Ideal f\u00fcr eine schnelle Evakuierung oder in Notsituationen<\/p>\n<p>\ud83d\udd25 <strong>Seien Sie bereit, bevor es zu sp\u00e4t ist!<\/strong> \ud83d\udd25<br \/>\nBestellen Sie Ihre <strong>\u00dcberlebenskit f\u00fcr den dritten Weltkrieg<\/strong> jetzt und nutzen Sie alle Chancen auf Ihrer Seite, um dem Unvorhersehbaren zu begegnen. \ud83d\ude80<\/p>\n<p>&nbsp;<\/p>","protected":false},"excerpt":{"rendered":"<p>Ultimatives \u00dcberlebenskit f\u00fcr den 3. Weltkrieg \u2013 komplette Notfallausr\u00fcstung. Seien Sie mit diesem ultrakompletten \u00dcberlebenskit auf jede Situation vorbereitet, das f\u00fcr den Umgang mit unerwarteten Ereignissen wie Katastrophen, Konflikten oder Notevakuierungen konzipiert ist. Ob in der Wildnis, in der Stadt oder unterwegs, diese milit\u00e4rische \u00dcberlebenstasche bietet Ihnen die Werkzeuge \u2026<\/p>","protected":false},"featured_media":16706,"comment_status":"open","ping_status":"closed","template":"","meta":{"_kad_blocks_custom_css":"","_kad_blocks_head_custom_js":"","_kad_blocks_body_custom_js":"","_kad_blocks_footer_custom_js":"","_kad_post_transparent":"default","_kad_post_title":"","_kad_post_layout":"default","_kad_post_sidebar_id":"","_kad_post_content_style":"default","_kad_post_vertical_padding":"default","_kad_post_feature":"","_kad_post_feature_position":"","_kad_post_header":false,"_kad_post_footer":false,"_kad_post_classname":""},"product_brand":[],"product_cat":[987],"product_tag":[],"class_list":{"0":"post-16716","1":"product","2":"type-product","3":"status-publish","4":"has-post-thumbnail","6":"product_cat-survie","8":"first","9":"instock","10":"taxable","11":"shipping-taxable","12":"purchasable","13":"product-type-variable","14":"entry","15":"content-bg","16":"loop-entry"},"taxonomy_info":{"product_cat":[{"value":987,"label":"Survivalisme et Guerre \ud83e\ude96"}]},"featured_image_src_large":["https:\/\/velartrip.com\/wp-content\/uploads\/2025\/03\/S7d01af89bde84f0f836513299c61365d5-800x800.webp",800,800,true],"author_info":[],"comment_info":2,"_links":{"self":[{"href":"https:\/\/velartrip.com\/de\/wp-json\/wp\/v2\/product\/16716","targetHints":{"allow":["GET"]}}],"collection":[{"href":"https:\/\/velartrip.com\/de\/wp-json\/wp\/v2\/product"}],"about":[{"href":"https:\/\/velartrip.com\/de\/wp-json\/wp\/v2\/types\/product"}],"replies":[{"embeddable":true,"href":"https:\/\/velartrip.com\/de\/wp-json\/wp\/v2\/comments?post=16716"}],"wp:featuredmedia":[{"embeddable":true,"href":"https:\/\/velartrip.com\/de\/wp-json\/wp\/v2\/media\/16706"}],"wp:attachment":[{"href":"https:\/\/velartrip.com\/de\/wp-json\/wp\/v2\/media?parent=16716"}],"wp:term":[{"taxonomy":"product_brand","embeddable":true,"href":"https:\/\/velartrip.com\/de\/wp-json\/wp\/v2\/product_brand?post=16716"},{"taxonomy":"product_cat","embeddable":true,"href":"https:\/\/velartrip.com\/de\/wp-json\/wp\/v2\/product_cat?post=16716"},{"taxonomy":"product_tag","embeddable":true,"href":"https:\/\/velartrip.com\/de\/wp-json\/wp\/v2\/product_tag?post=16716"}],"curies":[{"name":"wp","href":"https:\/\/api.w.org\/{rel}","templated":true}]}}