{"id":16755,"date":"2025-04-05T23:08:28","date_gmt":"2025-04-05T21:08:28","guid":{"rendered":"https:\/\/velartrip.com\/?post_type=product&#038;p=16755"},"modified":"2025-12-03T10:59:00","modified_gmt":"2025-12-03T09:59:00","slug":"lakaka-larry-chat","status":"publish","type":"product","link":"https:\/\/velartrip.com\/de\/lakaka-tiktok\/lakaka-larry-chat\/","title":{"rendered":"Lakaka Larry Cat (Tasse, Schl\u00fcsselanh\u00e4nger, Tragetasche)"},"content":{"rendered":"<p>Verk\u00f6rpern Sie die Urspr\u00fcnge von Larry de Lakaka, der d\u00fcstersten Katze auf TikTok, durch unsere Sammlung von:<\/p>\n<ul>\n<li>Becher<\/li>\n<li>Einkaufstasche<\/li>\n<li>Schl\u00fcsselring<\/li>\n<\/ul>\n<p>Wenn Sie das Produkt weiter anpassen m\u00f6chten, z\u00f6gern Sie bitte nicht, uns zu kontaktieren: support@velartrip.com<\/p>","protected":false},"excerpt":{"rendered":"<p>Incarne les origines de\u00a0 Larry de Lakaka, le chat le plus dark de Tiktok \u00e0 travers notre collection de : Mug Tote Bag Porte-cl\u00e9s Si tu souhaites personnaliser davantage le produit n&rsquo;h\u00e9sites pas \u00e0 nous contacter : support@velartrip.com<\/p>","protected":false},"featured_media":16761,"comment_status":"closed","ping_status":"closed","template":"","meta":{"_kad_blocks_custom_css":"","_kad_blocks_head_custom_js":"","_kad_blocks_body_custom_js":"","_kad_blocks_footer_custom_js":"","_kad_post_transparent":"default","_kad_post_title":"","_kad_post_layout":"default","_kad_post_sidebar_id":"","_kad_post_content_style":"default","_kad_post_vertical_padding":"default","_kad_post_feature":"","_kad_post_feature_position":"","_kad_post_header":false,"_kad_post_footer":false,"_kad_post_classname":""},"product_brand":[385],"product_cat":[1000],"product_tag":[],"class_list":{"0":"post-16755","1":"product","2":"type-product","3":"status-publish","4":"has-post-thumbnail","6":"product_brand-velartrip","7":"product_cat-lakaka-tiktok","9":"first","10":"outofstock","11":"taxable","12":"shipping-taxable","13":"purchasable","14":"product-type-variable","15":"entry","16":"content-bg","17":"loop-entry"},"taxonomy_info":{"product_brand":[{"value":385,"label":"VelarTrip"}],"product_cat":[{"value":1000,"label":"Lakaka Tiktok"}]},"featured_image_src_large":["https:\/\/velartrip.com\/wp-content\/uploads\/2025\/04\/preview.jpeg",1001,667,false],"author_info":[],"comment_info":0,"_links":{"self":[{"href":"https:\/\/velartrip.com\/de\/wp-json\/wp\/v2\/product\/16755","targetHints":{"allow":["GET"]}}],"collection":[{"href":"https:\/\/velartrip.com\/de\/wp-json\/wp\/v2\/product"}],"about":[{"href":"https:\/\/velartrip.com\/de\/wp-json\/wp\/v2\/types\/product"}],"replies":[{"embeddable":true,"href":"https:\/\/velartrip.com\/de\/wp-json\/wp\/v2\/comments?post=16755"}],"wp:featuredmedia":[{"embeddable":true,"href":"https:\/\/velartrip.com\/de\/wp-json\/wp\/v2\/media\/16761"}],"wp:attachment":[{"href":"https:\/\/velartrip.com\/de\/wp-json\/wp\/v2\/media?parent=16755"}],"wp:term":[{"taxonomy":"product_brand","embeddable":true,"href":"https:\/\/velartrip.com\/de\/wp-json\/wp\/v2\/product_brand?post=16755"},{"taxonomy":"product_cat","embeddable":true,"href":"https:\/\/velartrip.com\/de\/wp-json\/wp\/v2\/product_cat?post=16755"},{"taxonomy":"product_tag","embeddable":true,"href":"https:\/\/velartrip.com\/de\/wp-json\/wp\/v2\/product_tag?post=16755"}],"curies":[{"name":"wp","href":"https:\/\/api.w.org\/{rel}","templated":true}]}}