{"id":6115,"date":"2020-03-19T16:03:28","date_gmt":"2020-03-19T16:03:28","guid":{"rendered":"https:\/\/velartrip.com\/?product=pese-bagage-br-tokyo"},"modified":"2022-05-31T15:47:29","modified_gmt":"2022-05-31T13:47:29","slug":"pese-bagage-tokyo","status":"publish","type":"product","link":"https:\/\/velartrip.com\/de\/accessoires-pratiques\/pese-bagage-tokyo\/","title":{"rendered":"Gep\u00e4ckwaage Tokio"},"content":{"rendered":"<h2>Entdecken Sie unsere Tokio-Gep\u00e4ckwaage, die f\u00fcr ein Boarding ohne \u00dcberraschungen am Flughafen unerl\u00e4sslich ist!<\/h2>\n<ul>\n<li>Wiegen von <strong>10 g bis 50 kg<\/strong><\/li>\n<li>Anzeige bei \u00dcberlastung.<\/li>\n<li>LCD-Anzeige f\u00fcr mehr<strong> hohe Genauigkeit <\/strong>!<\/li>\n<li>Automatische Abschaltung<\/li>\n<li>An alle deine Reisen anpassen<\/li>\n<li><span style=\"text-decoration: underline;\">Kompakt und unauff\u00e4llig<\/span><\/li>\n<\/ul>\n<p>\ud83d\udfe0 Die CR2032-Batterie ist nicht enthalten.<\/p>","protected":false},"excerpt":{"rendered":"<p>D\u00e9couvrez notre p\u00e8se-bagage Tokyo indispensable pour un embarquement sans surprises \u00e0 l&rsquo;a\u00e9roport ! Des pes\u00e9es de 10 g \u00e0 50 kg Indicateur en cas de surcharge. Affichage LCD pour une plus grande pr\u00e9cision ! Mise hors tension automatique Adapter \u00e0 tous tes voyages Compact et discret \ud83d\udfe0 La pile CR2032 n&rsquo;est pas incluse<\/p>","protected":false},"featured_media":13764,"comment_status":"open","ping_status":"closed","template":"","meta":{"_kad_blocks_custom_css":"","_kad_blocks_head_custom_js":"","_kad_blocks_body_custom_js":"","_kad_blocks_footer_custom_js":"","_kad_post_transparent":"","_kad_post_title":"","_kad_post_layout":"","_kad_post_sidebar_id":"","_kad_post_content_style":"","_kad_post_vertical_padding":"","_kad_post_feature":"","_kad_post_feature_position":"","_kad_post_header":false,"_kad_post_footer":false,"_kad_post_classname":""},"product_brand":[385],"product_cat":[386],"product_tag":[93,186],"class_list":{"0":"post-6115","1":"product","2":"type-product","3":"status-publish","4":"has-post-thumbnail","6":"product_brand-velartrip","7":"product_cat-accessoires-pratiques","8":"product_tag-accessoire","9":"product_tag-aeroport","11":"first","12":"instock","13":"taxable","14":"shipping-taxable","15":"purchasable","16":"product-type-simple","17":"entry","18":"content-bg","19":"loop-entry"},"taxonomy_info":{"product_brand":[{"value":385,"label":"VelarTrip"}],"product_cat":[{"value":386,"label":"Accessoires Pratiques"}],"product_tag":[{"value":93,"label":"Accessoire"},{"value":186,"label":"A\u00e9roport"}]},"featured_image_src_large":["https:\/\/velartrip.com\/wp-content\/uploads\/2020\/03\/4000653943500_images_629619f3e7dcc_3.jpg",800,800,false],"author_info":[],"comment_info":19,"_links":{"self":[{"href":"https:\/\/velartrip.com\/de\/wp-json\/wp\/v2\/product\/6115","targetHints":{"allow":["GET"]}}],"collection":[{"href":"https:\/\/velartrip.com\/de\/wp-json\/wp\/v2\/product"}],"about":[{"href":"https:\/\/velartrip.com\/de\/wp-json\/wp\/v2\/types\/product"}],"replies":[{"embeddable":true,"href":"https:\/\/velartrip.com\/de\/wp-json\/wp\/v2\/comments?post=6115"}],"wp:featuredmedia":[{"embeddable":true,"href":"https:\/\/velartrip.com\/de\/wp-json\/wp\/v2\/media\/13764"}],"wp:attachment":[{"href":"https:\/\/velartrip.com\/de\/wp-json\/wp\/v2\/media?parent=6115"}],"wp:term":[{"taxonomy":"product_brand","embeddable":true,"href":"https:\/\/velartrip.com\/de\/wp-json\/wp\/v2\/product_brand?post=6115"},{"taxonomy":"product_cat","embeddable":true,"href":"https:\/\/velartrip.com\/de\/wp-json\/wp\/v2\/product_cat?post=6115"},{"taxonomy":"product_tag","embeddable":true,"href":"https:\/\/velartrip.com\/de\/wp-json\/wp\/v2\/product_tag?post=6115"}],"curies":[{"name":"wp","href":"https:\/\/api.w.org\/{rel}","templated":true}]}}