{"id":6250,"date":"2020-04-03T18:41:57","date_gmt":"2020-04-03T18:41:57","guid":{"rendered":"https:\/\/velartrip.com\/?product=coussin-de-voyage-br-travelsky"},"modified":"2022-05-30T16:20:17","modified_gmt":"2022-05-30T14:20:17","slug":"coussin-de-voyage-confortable","status":"publish","type":"product","link":"https:\/\/velartrip.com\/de\/accessoires-voyage\/coussins-voyage\/coussin-de-voyage-confortable\/","title":{"rendered":"Travelsky Reisekissen"},"content":{"rendered":"<h2>Hattest du schon einmal einen entspannenden Schlaf in einem Flugzeug?<\/h2>\n<h2>F\u00fcr uns jedenfalls nicht... Deshalb stellen wir dir heute eines unserer Lieblingskissen f\u00fcr unterwegs vor: <strong>der Travelsky<\/strong><\/h2>\n<ul>\n<li>Ein Design\u00a0<strong>ultrabequem!<\/strong><\/li>\n<li>Das einzige Produkt, das dir garantiert <strong><span style=\"text-decoration: underline\">eine nat\u00fcrliche Ausrichtung von Kopf und Hals<\/span><\/strong> f\u00fcr alle deine Reisen.<\/li>\n<li>Sich <strong>schwillt schnell an<\/strong> in wenigen Atemz\u00fcgen!<\/li>\n<li>Gr\u00f6\u00dfe: 31cm * 34cm* 45 cm<\/li>\n<\/ul>\n<ul>\n<li><strong>KOSTENLOSER STANDARDVERSAND<\/strong><\/li>\n<\/ul>","protected":false},"excerpt":{"rendered":"<p>As-tu d\u00e9j\u00e0 eu un sommeil relaxant dans un avion ? En tout cas pour nous, pas du tout&#8230; C&rsquo;est pour cela qu&rsquo;aujourd&rsquo;hui\u00a0on te pr\u00e9sente\u00a0un des coussins pr\u00e9f\u00e9r\u00e9 pour\u00a0nos d\u00e9placements : le\u00a0Travelsky Un design\u00a0ultra confortable ! Le seul produit\u00a0te garantissant un alignement naturel de la t\u00eate et du cou pour tous\u00a0tes d\u00e9placements. Se gonfle rapidement en&#8230;<\/p>","protected":false},"featured_media":13670,"comment_status":"open","ping_status":"closed","template":"","meta":{"_kad_blocks_custom_css":"","_kad_blocks_head_custom_js":"","_kad_blocks_body_custom_js":"","_kad_blocks_footer_custom_js":"","_kad_post_transparent":"","_kad_post_title":"","_kad_post_layout":"","_kad_post_sidebar_id":"","_kad_post_content_style":"","_kad_post_vertical_padding":"","_kad_post_feature":"","_kad_post_feature_position":"","_kad_post_header":false,"_kad_post_footer":false,"_kad_post_classname":""},"product_brand":[385],"product_cat":[404,393],"product_tag":[95,107],"class_list":{"0":"post-6250","1":"product","2":"type-product","3":"status-publish","4":"has-post-thumbnail","6":"product_brand-velartrip","7":"product_cat-accessoires-voyage","8":"product_cat-coussins-voyage","9":"product_tag-avion","10":"product_tag-nomade","12":"first","13":"instock","14":"taxable","15":"shipping-taxable","16":"purchasable","17":"product-type-variable","18":"entry","19":"content-bg","20":"loop-entry"},"taxonomy_info":{"product_brand":[{"value":385,"label":"VelarTrip"}],"product_cat":[{"value":404,"label":"Accessoires de Voyage"},{"value":393,"label":"Coussins De Voyage"}],"product_tag":[{"value":95,"label":"Avion"},{"value":107,"label":"Nomade"}]},"featured_image_src_large":["https:\/\/velartrip.com\/wp-content\/uploads\/2022\/05\/172.jpg",800,800,false],"author_info":[],"comment_info":4,"_links":{"self":[{"href":"https:\/\/velartrip.com\/de\/wp-json\/wp\/v2\/product\/6250","targetHints":{"allow":["GET"]}}],"collection":[{"href":"https:\/\/velartrip.com\/de\/wp-json\/wp\/v2\/product"}],"about":[{"href":"https:\/\/velartrip.com\/de\/wp-json\/wp\/v2\/types\/product"}],"replies":[{"embeddable":true,"href":"https:\/\/velartrip.com\/de\/wp-json\/wp\/v2\/comments?post=6250"}],"wp:featuredmedia":[{"embeddable":true,"href":"https:\/\/velartrip.com\/de\/wp-json\/wp\/v2\/media\/13670"}],"wp:attachment":[{"href":"https:\/\/velartrip.com\/de\/wp-json\/wp\/v2\/media?parent=6250"}],"wp:term":[{"taxonomy":"product_brand","embeddable":true,"href":"https:\/\/velartrip.com\/de\/wp-json\/wp\/v2\/product_brand?post=6250"},{"taxonomy":"product_cat","embeddable":true,"href":"https:\/\/velartrip.com\/de\/wp-json\/wp\/v2\/product_cat?post=6250"},{"taxonomy":"product_tag","embeddable":true,"href":"https:\/\/velartrip.com\/de\/wp-json\/wp\/v2\/product_tag?post=6250"}],"curies":[{"name":"wp","href":"https:\/\/api.w.org\/{rel}","templated":true}]}}