{"id":6276,"date":"2020-04-12T16:27:04","date_gmt":"2020-04-12T16:27:04","guid":{"rendered":"https:\/\/velartrip.com\/?product=sacs-hemetique-alimentaire-br-ziplock"},"modified":"2022-05-30T15:28:03","modified_gmt":"2022-05-30T13:28:03","slug":"sac-hermetique-alimentaire","status":"publish","type":"product","link":"https:\/\/velartrip.com\/de\/accessoires-pratiques\/sac-hermetique-alimentaire\/","title":{"rendered":"Hermetische Lebensmittelbeutel Ziplock"},"content":{"rendered":"<h2 style=\"text-align: left;\">Transportieren Sie alle Ihre Zutaten ganz einfach, ohne sich mit platzraubenden T\u00f6pfen oder Beh\u00e4ltern im Koffer herumzuschlagen.<\/h2>\n<h2 style=\"text-align: left;\">Wir haben die Ziplock-Taschen entworfen, um sie zu benutzen, wenn wir in der N\u00e4he von Biarritz campen gehen!<\/h2>\n<ul style=\"text-align: left;\">\n<li><strong>100 durchsichtige Taschen<\/strong> mit Rei\u00dfverschl\u00fcssen.<\/li>\n<li>Eine <strong>garantierte Wasserdichtigkeit<\/strong> bei jedem Wetter!<\/li>\n<li><strong>Wiederverwendbar<\/strong> f\u00fcr all deine Reisen.<\/li>\n<li>Die <strong>Geschmack<\/strong> Ihrer Lebensmittel wird nicht <strong>nicht beeintr\u00e4chtigt<\/strong> <em>(wir haben es getestet \ud83d\ude09)<\/em><\/li>\n<\/ul>\n<ul>\n<li style=\"text-align: left;\"><strong>KOSTENLOSER STANDARDVERSAND<\/strong><\/li>\n<\/ul>","protected":false},"excerpt":{"rendered":"<p>Transportieren Sie alle Ihre Zutaten problemlos, ohne dass Gl\u00e4ser oder Beh\u00e4lter Platz in Ihrem Koffer wegnehmen. Wir haben Ziplock-Beutel entwickelt, die wir beim Camping in der N\u00e4he von Biarritz verwenden k\u00f6nnen! 100 transparente Beutel mit Rei\u00dfverschluss. Garantierte Wasserdichtigkeit bei jedem Wetter! Wiederverwendbar f\u00fcr\u2026<\/p>","protected":false},"featured_media":13659,"comment_status":"open","ping_status":"closed","template":"","meta":{"_kad_blocks_custom_css":"","_kad_blocks_head_custom_js":"","_kad_blocks_body_custom_js":"","_kad_blocks_footer_custom_js":"","_kad_post_transparent":"","_kad_post_title":"","_kad_post_layout":"","_kad_post_sidebar_id":"","_kad_post_content_style":"","_kad_post_vertical_padding":"","_kad_post_feature":"","_kad_post_feature_position":"","_kad_post_header":false,"_kad_post_footer":false,"_kad_post_classname":""},"product_brand":[385],"product_cat":[386],"product_tag":[107],"class_list":{"0":"post-6276","1":"product","2":"type-product","3":"status-publish","4":"has-post-thumbnail","6":"product_brand-velartrip","7":"product_cat-accessoires-pratiques","8":"product_tag-nomade","10":"first","11":"instock","12":"taxable","13":"shipping-taxable","14":"purchasable","15":"product-type-variable","16":"entry","17":"content-bg","18":"loop-entry"},"taxonomy_info":{"product_brand":[{"value":385,"label":"VelarTrip"}],"product_cat":[{"value":386,"label":"Accessoires Pratiques"}],"product_tag":[{"value":107,"label":"Nomade"}]},"featured_image_src_large":["https:\/\/velartrip.com\/wp-content\/uploads\/2022\/05\/164.jpg",800,800,false],"author_info":[],"comment_info":6,"_links":{"self":[{"href":"https:\/\/velartrip.com\/de\/wp-json\/wp\/v2\/product\/6276","targetHints":{"allow":["GET"]}}],"collection":[{"href":"https:\/\/velartrip.com\/de\/wp-json\/wp\/v2\/product"}],"about":[{"href":"https:\/\/velartrip.com\/de\/wp-json\/wp\/v2\/types\/product"}],"replies":[{"embeddable":true,"href":"https:\/\/velartrip.com\/de\/wp-json\/wp\/v2\/comments?post=6276"}],"wp:featuredmedia":[{"embeddable":true,"href":"https:\/\/velartrip.com\/de\/wp-json\/wp\/v2\/media\/13659"}],"wp:attachment":[{"href":"https:\/\/velartrip.com\/de\/wp-json\/wp\/v2\/media?parent=6276"}],"wp:term":[{"taxonomy":"product_brand","embeddable":true,"href":"https:\/\/velartrip.com\/de\/wp-json\/wp\/v2\/product_brand?post=6276"},{"taxonomy":"product_cat","embeddable":true,"href":"https:\/\/velartrip.com\/de\/wp-json\/wp\/v2\/product_cat?post=6276"},{"taxonomy":"product_tag","embeddable":true,"href":"https:\/\/velartrip.com\/de\/wp-json\/wp\/v2\/product_tag?post=6276"}],"curies":[{"name":"wp","href":"https:\/\/api.w.org\/{rel}","templated":true}]}}