{"id":6324,"date":"2020-04-13T17:20:44","date_gmt":"2020-04-13T17:20:44","guid":{"rendered":"https:\/\/velartrip.com\/?product=etiquette-bagage-br-donuts-rose"},"modified":"2022-08-03T11:18:03","modified_gmt":"2022-08-03T09:18:03","slug":"etiquette-bagage-avion-donuts-rose","status":"publish","type":"product","link":"https:\/\/velartrip.com\/de\/accessoires-pour-valise\/etiquettes-bagages\/etiquette-bagage-avion-donuts-rose\/","title":{"rendered":"Gep\u00e4ckanh\u00e4nger Donuts Rose"},"content":{"rendered":"<p>&nbsp;<\/p>\n<h2>Einen rosa Donut im Format eines Gep\u00e4ckanh\u00e4ngers kreieren? Eine gute Idee, um alle Reisenden mit Hunger auf S\u00fc\u00dfes bei Fl\u00fcgen, die l\u00e4nger als 10 Stunden dauern, hungrig zu machen!<\/h2>\n<ul>\n<li><strong>Identifizieren und finden Sie<\/strong>\u00a0leicht Ihr Gep\u00e4ck<\/li>\n<li><strong>L\u00e4sst sich schnell befestigen<\/strong>\u00a0und leicht.<\/li>\n<li>Entwickelt f\u00fcr\u00a0<strong>alle Arten von Gep\u00e4ck<\/strong>s (H\u00e4nde, Reisetasche, Kabinenkoffer, Rucksack...)<\/li>\n<li>Zusammensetzung: Kunstleder<\/li>\n<\/ul>\n<h3 style=\"text-align: center\"><span style=\"color: #82d5c7\">Warum sollte man seine Koffer beschriften?<\/span><\/h3>\n<p>Wenn Sie m\u00f6chten :<\/p>\n<p>\u2705 Reisen mit dem Zug, Schiff oder Flugzeug.<\/p>\n<p>\u2705\u00a0<strong>Unterscheiden Sie Ihre Koffer<\/strong>\u00a0von anderen Reisenden auf dem Gep\u00e4ckkarussell<\/p>\n<p>\u2705 <strong>Einfacher finden<\/strong>t ein verlorener Koffer (auch wenn wir Ihnen das nicht w\u00fcnschen!)<\/p>\n<p>\u2705 Sein <strong>in \u00dcbereinstimmung mit den Vorschriften<\/strong> Flugh\u00e4fen\u00a0<span data-mce-fragment=\"1\">international<\/span><\/p>\n<p><span data-mce-fragment=\"1\">\u2705 <strong>Vermeidung von Zerst\u00f6rung<\/strong> von den Beh\u00f6rden aus Ihrem unbeaufsichtigten Koffer<\/span><\/p>\n<p><span data-mce-fragment=\"1\">In diesem Fall ben\u00f6tigen Sie einen Gep\u00e4ckanh\u00e4nger.<\/span><\/p>\n<h3 style=\"text-align: center\"><span style=\"color: #db7c46\" data-mce-fragment=\"1\">Wie w\u00e4hle ich den Anh\u00e4nger f\u00fcr meinen Koffer aus?<\/span><\/h3>\n<p><span data-mce-fragment=\"1\">Dies ist wahrscheinlich das am einfachsten auszuw\u00e4hlende Reisezubeh\u00f6r, da es davon abh\u00e4ngt <strong>nur von Ihrem Geschmack f\u00fcr Design<\/strong> !<\/span><\/p>\n<p><span data-mce-fragment=\"1\">Ansonsten besitzt jedes Etikett mehr oder weniger <strong>die gleichen Felder zum Ausf\u00fcllen<\/strong>, d. h.:<\/span><\/p>\n<ul>\n<li><span data-mce-fragment=\"1\">den Vor- und Nachnamen<\/span><\/li>\n<li><span data-mce-fragment=\"1\">die Postanschrift\u00a0<\/span><\/li>\n<li><span data-mce-fragment=\"1\">die Telefonnummer\u00a0<\/span><\/li>\n<li><span data-mce-fragment=\"1\">die E-Mail-Adresse<\/span><\/li>\n<\/ul>","protected":false},"excerpt":{"rendered":"<p>&nbsp; Einen rosa Donut im Gep\u00e4ckanh\u00e4ngerformat erstellen? Eine tolle Idee, um allen Reisenden mit Lust auf etwas S\u00fc\u00dfes auf Fl\u00fcgen \u00fcber 10 Stunden den Appetit anzuregen! Identifizieren und finden Sie Ihr Gep\u00e4ck ganz einfach. L\u00e4sst sich schnell und einfach anbringen. Konzipiert f\u00fcr alle Gep\u00e4ckarten (Handgep\u00e4ck, Reisetasche, Kabinenkoffer, Rucksack usw.) Zusammensetzung: Leder\u2026<\/p>","protected":false},"featured_media":13635,"comment_status":"open","ping_status":"closed","template":"","meta":{"_kad_blocks_custom_css":"","_kad_blocks_head_custom_js":"","_kad_blocks_body_custom_js":"","_kad_blocks_footer_custom_js":"","_kad_post_transparent":"","_kad_post_title":"","_kad_post_layout":"","_kad_post_sidebar_id":"","_kad_post_content_style":"","_kad_post_vertical_padding":"","_kad_post_feature":"","_kad_post_feature_position":"","_kad_post_header":false,"_kad_post_footer":false,"_kad_post_classname":""},"product_brand":[385],"product_cat":[618,397],"product_tag":[143],"class_list":{"0":"post-6324","1":"product","2":"type-product","3":"status-publish","4":"has-post-thumbnail","6":"product_brand-velartrip","7":"product_cat-accessoires-pour-valise","8":"product_cat-etiquettes-bagages","9":"product_tag-fun","11":"first","12":"instock","13":"taxable","14":"shipping-taxable","15":"purchasable","16":"product-type-simple","17":"entry","18":"content-bg","19":"loop-entry"},"taxonomy_info":{"product_brand":[{"value":385,"label":"VelarTrip"}],"product_cat":[{"value":618,"label":"Accessoires pour Valise"},{"value":397,"label":"\u00c9tiquette Bagage"}],"product_tag":[{"value":143,"label":"Fun"}]},"featured_image_src_large":["https:\/\/velartrip.com\/wp-content\/uploads\/2022\/05\/4000402686822_images_6294715bf0e50_2-800x800.jpg",800,800,true],"author_info":[],"comment_info":5,"_links":{"self":[{"href":"https:\/\/velartrip.com\/de\/wp-json\/wp\/v2\/product\/6324","targetHints":{"allow":["GET"]}}],"collection":[{"href":"https:\/\/velartrip.com\/de\/wp-json\/wp\/v2\/product"}],"about":[{"href":"https:\/\/velartrip.com\/de\/wp-json\/wp\/v2\/types\/product"}],"replies":[{"embeddable":true,"href":"https:\/\/velartrip.com\/de\/wp-json\/wp\/v2\/comments?post=6324"}],"wp:featuredmedia":[{"embeddable":true,"href":"https:\/\/velartrip.com\/de\/wp-json\/wp\/v2\/media\/13635"}],"wp:attachment":[{"href":"https:\/\/velartrip.com\/de\/wp-json\/wp\/v2\/media?parent=6324"}],"wp:term":[{"taxonomy":"product_brand","embeddable":true,"href":"https:\/\/velartrip.com\/de\/wp-json\/wp\/v2\/product_brand?post=6324"},{"taxonomy":"product_cat","embeddable":true,"href":"https:\/\/velartrip.com\/de\/wp-json\/wp\/v2\/product_cat?post=6324"},{"taxonomy":"product_tag","embeddable":true,"href":"https:\/\/velartrip.com\/de\/wp-json\/wp\/v2\/product_tag?post=6324"}],"curies":[{"name":"wp","href":"https:\/\/api.w.org\/{rel}","templated":true}]}}