{"id":6443,"date":"2020-04-17T22:05:19","date_gmt":"2020-04-17T22:05:19","guid":{"rendered":"https:\/\/velartrip.com\/?product=protege-passeport-br-basic"},"modified":"2022-08-04T00:00:07","modified_gmt":"2022-08-03T22:00:07","slug":"protege-passeport-basic","status":"publish","type":"product","link":"https:\/\/velartrip.com\/de\/accessoires-pour-valise\/protege-passeports\/protege-passeport-basic\/","title":{"rendered":"Passport Protector Basic"},"content":{"rendered":"<h2>Ein dringend ben\u00f6tigter Schutz ist unser \"Basic\"-Passportschutz. Dank unserer gro\u00dfen Auswahl an Farben findest du bestimmt auch deinen!<\/h2>\n<ul>\n<li>Ein Passschutz f\u00fcr diejenigen, die es einfach m\u00f6gen!<\/li>\n<li>Mit ihm wirst du\u00a0<strong>vermeiden<\/strong>\u00a0eine gro\u00dfe Anzahl von\u00a0<strong>Missgeschicke.<\/strong><\/li>\n<li>Zusammensetzung: Kunstleder<\/li>\n<\/ul>\n<ul>\n<li><strong>KOSTENLOSER STANDARDVERSAND<\/strong><\/li>\n<\/ul>","protected":false},"excerpt":{"rendered":"<p>Une protection de premi\u00e8re n\u00e9cessit\u00e9 avec notre prot\u00e8ge-passeport \u00ab\u00a0basic\u00a0\u00bb. Tu trouveras forc\u00e9ment le tien gr\u00e2ce \u00e0 notre large choix de couleurs ! Un prot\u00e8ge-passeport pour ceux qui aiment les choses simples ! Avec lui\u00a0tu\u00a0\u00e9viteras\u00a0un grand nombre de\u00a0m\u00e9saventures. Composition : cuir synth\u00e9tique LIVRAISON STANDARD OFFERTE<\/p>","protected":false},"featured_media":12339,"comment_status":"open","ping_status":"closed","template":"","meta":{"_kad_blocks_custom_css":"","_kad_blocks_head_custom_js":"","_kad_blocks_body_custom_js":"","_kad_blocks_footer_custom_js":"","_kad_post_transparent":"","_kad_post_title":"","_kad_post_layout":"","_kad_post_sidebar_id":"","_kad_post_content_style":"","_kad_post_vertical_padding":"","_kad_post_feature":"","_kad_post_feature_position":"","_kad_post_header":false,"_kad_post_footer":false,"_kad_post_classname":""},"product_brand":[385],"product_cat":[395,618],"product_tag":[112,186,95],"class_list":{"0":"post-6443","1":"product","2":"type-product","3":"status-publish","4":"has-post-thumbnail","6":"product_brand-velartrip","7":"product_cat-protege-passeports","8":"product_cat-accessoires-pour-valise","9":"product_tag-protege-passeport","10":"product_tag-aeroport","11":"product_tag-avion","13":"first","14":"instock","15":"taxable","16":"shipping-taxable","17":"purchasable","18":"product-type-variable","19":"has-default-attributes","20":"entry","21":"content-bg","22":"loop-entry"},"taxonomy_info":{"product_brand":[{"value":385,"label":"VelarTrip"}],"product_cat":[{"value":395,"label":"Prot\u00e8ge-Passeports"},{"value":618,"label":"Accessoires pour Valise"}],"product_tag":[{"value":112,"label":" Prot\u00e8ge Passeport"},{"value":186,"label":"A\u00e9roport"},{"value":95,"label":"Avion"}]},"featured_image_src_large":["https:\/\/velartrip.com\/wp-content\/uploads\/2020\/04\/1005003078608253_images_624a9841a98fb_3.jpg",800,800,false],"author_info":[],"comment_info":5,"_links":{"self":[{"href":"https:\/\/velartrip.com\/de\/wp-json\/wp\/v2\/product\/6443","targetHints":{"allow":["GET"]}}],"collection":[{"href":"https:\/\/velartrip.com\/de\/wp-json\/wp\/v2\/product"}],"about":[{"href":"https:\/\/velartrip.com\/de\/wp-json\/wp\/v2\/types\/product"}],"replies":[{"embeddable":true,"href":"https:\/\/velartrip.com\/de\/wp-json\/wp\/v2\/comments?post=6443"}],"wp:featuredmedia":[{"embeddable":true,"href":"https:\/\/velartrip.com\/de\/wp-json\/wp\/v2\/media\/12339"}],"wp:attachment":[{"href":"https:\/\/velartrip.com\/de\/wp-json\/wp\/v2\/media?parent=6443"}],"wp:term":[{"taxonomy":"product_brand","embeddable":true,"href":"https:\/\/velartrip.com\/de\/wp-json\/wp\/v2\/product_brand?post=6443"},{"taxonomy":"product_cat","embeddable":true,"href":"https:\/\/velartrip.com\/de\/wp-json\/wp\/v2\/product_cat?post=6443"},{"taxonomy":"product_tag","embeddable":true,"href":"https:\/\/velartrip.com\/de\/wp-json\/wp\/v2\/product_tag?post=6443"}],"curies":[{"name":"wp","href":"https:\/\/api.w.org\/{rel}","templated":true}]}}