{"id":6767,"date":"2020-04-21T16:26:30","date_gmt":"2020-04-21T16:26:30","guid":{"rendered":"https:\/\/velartrip.com\/?product=coussin-de-voyage-br-caracas"},"modified":"2024-12-04T09:30:30","modified_gmt":"2024-12-04T08:30:30","slug":"coussin-de-voyage-gonflable","status":"publish","type":"product","link":"https:\/\/velartrip.com\/de\/accessoires-voyage\/coussins-voyage\/coussin-de-voyage-gonflable\/","title":{"rendered":"Reisekissen Caracas"},"content":{"rendered":"<h2>Nimm einen tiefen Atemzug und blase dein Reisekissen in weniger als 5 Minuten auf! Profitiere au\u00dferdem von einer nicht zu untersch\u00e4tzenden Platzersparnis in deinem Koffer!<\/h2>\n<ul>\n<li>Leicht transportierbar.<\/li>\n<li>Sich <strong>bl\u00e4ht sich auf und entleert sich<\/strong> schnell!<\/li>\n<li>Eine <strong>Unterst\u00fctzung \"Kopfst\u00fctze\"<\/strong> f\u00fcr mehr Komfort<\/li>\n<li><strong>KOSTENLOSER STANDARDVERSAND<\/strong><\/li>\n<\/ul>","protected":false},"excerpt":{"rendered":"<p>Nimm einen tiefen Atemzug und blase dein Reisekissen in weniger als 5 Minuten auf! Profitiere au\u00dferdem von einer nicht zu untersch\u00e4tzenden Platzersparnis in deinem Koffer! L\u00e4sst sich leicht transportieren. L\u00e4sst sich schnell aufblasen und entleeren! Eine \"Kopfst\u00fctzen\"-Halterung f\u00fcr mehr Komfort STANDARDLIEFERUNG GESCHENKT<\/p>","protected":false},"featured_media":13506,"comment_status":"open","ping_status":"closed","template":"","meta":{"_kad_blocks_custom_css":"","_kad_blocks_head_custom_js":"","_kad_blocks_body_custom_js":"","_kad_blocks_footer_custom_js":"","_kad_post_transparent":"","_kad_post_title":"","_kad_post_layout":"","_kad_post_sidebar_id":"","_kad_post_content_style":"","_kad_post_vertical_padding":"","_kad_post_feature":"","_kad_post_feature_position":"","_kad_post_header":false,"_kad_post_footer":false,"_kad_post_classname":""},"product_brand":[385],"product_cat":[393,404],"product_tag":[194,195,95,107],"class_list":{"0":"post-6767","1":"product","2":"type-product","3":"status-publish","4":"has-post-thumbnail","6":"product_brand-velartrip","7":"product_cat-coussins-voyage","8":"product_cat-accessoires-voyage","9":"product_tag-coussin-de-voyage","10":"product_tag-voiture","11":"product_tag-avion","12":"product_tag-nomade","14":"first","15":"instock","16":"taxable","17":"shipping-taxable","18":"purchasable","19":"product-type-variable","20":"has-default-attributes","21":"entry","22":"content-bg","23":"loop-entry"},"taxonomy_info":{"product_brand":[{"value":385,"label":"VelarTrip"}],"product_cat":[{"value":393,"label":"Coussins De Voyage"},{"value":404,"label":"Accessoires de Voyage"}],"product_tag":[{"value":194,"label":" Coussin De Voyage"},{"value":195,"label":" Voiture"},{"value":95,"label":"Avion"},{"value":107,"label":"Nomade"}]},"featured_image_src_large":["https:\/\/velartrip.com\/wp-content\/uploads\/2020\/04\/64.jpg",800,800,false],"author_info":[],"comment_info":4,"_links":{"self":[{"href":"https:\/\/velartrip.com\/de\/wp-json\/wp\/v2\/product\/6767","targetHints":{"allow":["GET"]}}],"collection":[{"href":"https:\/\/velartrip.com\/de\/wp-json\/wp\/v2\/product"}],"about":[{"href":"https:\/\/velartrip.com\/de\/wp-json\/wp\/v2\/types\/product"}],"replies":[{"embeddable":true,"href":"https:\/\/velartrip.com\/de\/wp-json\/wp\/v2\/comments?post=6767"}],"wp:featuredmedia":[{"embeddable":true,"href":"https:\/\/velartrip.com\/de\/wp-json\/wp\/v2\/media\/13506"}],"wp:attachment":[{"href":"https:\/\/velartrip.com\/de\/wp-json\/wp\/v2\/media?parent=6767"}],"wp:term":[{"taxonomy":"product_brand","embeddable":true,"href":"https:\/\/velartrip.com\/de\/wp-json\/wp\/v2\/product_brand?post=6767"},{"taxonomy":"product_cat","embeddable":true,"href":"https:\/\/velartrip.com\/de\/wp-json\/wp\/v2\/product_cat?post=6767"},{"taxonomy":"product_tag","embeddable":true,"href":"https:\/\/velartrip.com\/de\/wp-json\/wp\/v2\/product_tag?post=6767"}],"curies":[{"name":"wp","href":"https:\/\/api.w.org\/{rel}","templated":true}]}}