{"id":6830,"date":"2020-04-22T11:55:09","date_gmt":"2020-04-22T11:55:09","guid":{"rendered":"https:\/\/velartrip.com\/?product=coussin-de-voyage-br-buenos-aires"},"modified":"2022-05-12T23:27:14","modified_gmt":"2022-05-12T21:27:14","slug":"coussin-de-cou-voyage","status":"publish","type":"product","link":"https:\/\/velartrip.com\/de\/accessoires-voyage\/coussins-voyage\/coussin-de-cou-voyage\/","title":{"rendered":"Reisekissen Buenos Aires"},"content":{"rendered":"<h2>Ruhe ist wichtig f\u00fcr deine Reisen, ein erholter Geist, entdecke unser Kissen Buenos Aires f\u00fcr einen erholsamen Schlaf, egal wo du bist!<\/h2>\n<ul>\n<li>Genie\u00dfe einen Schaum mit<strong> Formged\u00e4chtnis<\/strong><\/li>\n<li><span style=\"text-decoration: underline\">Werde munterer<\/span> f\u00fcr deine Entscheidungsfindung \ud83d\udca1.<\/li>\n<li>Begrenzt die Wahrscheinlichkeit, sich mit einem erholsamen Schlaf Krankheiten einzufangen \ud83d\ude34.<\/li>\n<li>Kopfkissenbezug aus <span style=\"text-decoration: underline\">Pl\u00fcschsamt &amp; abnehmbar.<\/span><\/li>\n<li><strong>Maschinenwaschbar \ud83d\udca6.<\/strong><\/li>\n<li>Ein Design, das darauf ausgelegt ist, dass\u00a0<span style=\"text-decoration: underline\">deine Halswirbel in der besten Position sind<\/span> m\u00f6glich!\u00a0<em>(genehmigt von 80 % unserer Reisenden! \ud83e\uddf3)<\/em><\/li>\n<li><strong>KOSTENLOSER STANDARDVERSAND<\/strong><\/li>\n<\/ul>","protected":false},"excerpt":{"rendered":"<p>Le repos est essentiel pour tes voyages, un esprit repos\u00e9, d\u00e9couvre notre coussin Buenos Aires pour un sommeil r\u00e9parateur n&rsquo;importe o\u00f9 que vous soyez ! Profite d&rsquo;une mousse \u00e0 m\u00e9moire de forme Deviens plus vif pour tes prises de d\u00e9cision \ud83d\udca1 Limite les chances d&rsquo;attraper des maladies avec un sommeil r\u00e9parateur \ud83d\ude34 Taie d&rsquo;oreiller en&#8230;<\/p>","protected":false},"featured_media":13476,"comment_status":"open","ping_status":"closed","template":"","meta":{"_kad_blocks_custom_css":"","_kad_blocks_head_custom_js":"","_kad_blocks_body_custom_js":"","_kad_blocks_footer_custom_js":"","_kad_post_transparent":"","_kad_post_title":"","_kad_post_layout":"","_kad_post_sidebar_id":"","_kad_post_content_style":"","_kad_post_vertical_padding":"","_kad_post_feature":"","_kad_post_feature_position":"","_kad_post_header":false,"_kad_post_footer":false,"_kad_post_classname":""},"product_brand":[385],"product_cat":[404,393],"product_tag":[198],"class_list":{"0":"post-6830","1":"product","2":"type-product","3":"status-publish","4":"has-post-thumbnail","6":"product_brand-velartrip","7":"product_cat-accessoires-voyage","8":"product_cat-coussins-voyage","9":"product_tag-coussin","11":"first","12":"instock","13":"taxable","14":"shipping-taxable","15":"purchasable","16":"product-type-variable","17":"entry","18":"content-bg","19":"loop-entry"},"taxonomy_info":{"product_brand":[{"value":385,"label":"VelarTrip"}],"product_cat":[{"value":404,"label":"Accessoires de Voyage"},{"value":393,"label":"Coussins De Voyage"}],"product_tag":[{"value":198,"label":"Coussin"}]},"featured_image_src_large":["https:\/\/velartrip.com\/wp-content\/uploads\/2022\/05\/44.jpg",800,800,false],"author_info":[],"comment_info":4,"_links":{"self":[{"href":"https:\/\/velartrip.com\/de\/wp-json\/wp\/v2\/product\/6830","targetHints":{"allow":["GET"]}}],"collection":[{"href":"https:\/\/velartrip.com\/de\/wp-json\/wp\/v2\/product"}],"about":[{"href":"https:\/\/velartrip.com\/de\/wp-json\/wp\/v2\/types\/product"}],"replies":[{"embeddable":true,"href":"https:\/\/velartrip.com\/de\/wp-json\/wp\/v2\/comments?post=6830"}],"wp:featuredmedia":[{"embeddable":true,"href":"https:\/\/velartrip.com\/de\/wp-json\/wp\/v2\/media\/13476"}],"wp:attachment":[{"href":"https:\/\/velartrip.com\/de\/wp-json\/wp\/v2\/media?parent=6830"}],"wp:term":[{"taxonomy":"product_brand","embeddable":true,"href":"https:\/\/velartrip.com\/de\/wp-json\/wp\/v2\/product_brand?post=6830"},{"taxonomy":"product_cat","embeddable":true,"href":"https:\/\/velartrip.com\/de\/wp-json\/wp\/v2\/product_cat?post=6830"},{"taxonomy":"product_tag","embeddable":true,"href":"https:\/\/velartrip.com\/de\/wp-json\/wp\/v2\/product_tag?post=6830"}],"curies":[{"name":"wp","href":"https:\/\/api.w.org\/{rel}","templated":true}]}}