{"id":6924,"date":"2020-04-23T18:17:53","date_gmt":"2020-04-23T18:17:53","guid":{"rendered":"https:\/\/velartrip.com\/?product=sangle-bagage-br-galway"},"modified":"2022-05-02T19:25:50","modified_gmt":"2022-05-02T17:25:50","slug":"sangle-pour-sac","status":"publish","type":"product","link":"https:\/\/velartrip.com\/de\/accessoires-pratiques\/sangle-pour-sac\/","title":{"rendered":"Gep\u00e4ckgurt Galway"},"content":{"rendered":"<h2>Zu viel zu tragen? Entdecke unsere Galway-Gurte, mit denen du deinen R\u00fccken oder deine H\u00e4nde entlasten kannst.<\/h2>\n<ul>\n<li>Bis zu 14 cm lang.<\/li>\n<\/ul>\n<ul>\n<li>2,5 cm breit.<\/li>\n<\/ul>\n<ul>\n<li>Sehr widerstandsf\u00e4hig! <em>(wir haben einen 4-kg-Beutel befestigt, der h\u00e4lt gut!)\u00a0<\/em>\n<\/li>\n<\/ul>\n<ul>\n<li><strong>KOSTENLOSER STANDARDVERSAND<\/strong><\/li>\n<\/ul>","protected":false},"excerpt":{"rendered":"<p>Zu viel zum Tragen? Entdecken Sie unsere Galway-Gurte zur Entlastung Ihres R\u00fcckens oder Ihrer H\u00e4nde. Bis zu 14 cm lang. 2,5 cm breit. Sehr widerstandsf\u00e4hig! (Wir haben einen 4 kg Beutel beigef\u00fcgt, der h\u00e4lt gut!) KOSTENLOSER STANDARDVERSAND<\/p>","protected":false},"featured_media":13363,"comment_status":"open","ping_status":"closed","template":"","meta":{"_kad_blocks_custom_css":"","_kad_blocks_head_custom_js":"","_kad_blocks_body_custom_js":"","_kad_blocks_footer_custom_js":"","_kad_post_transparent":"","_kad_post_title":"","_kad_post_layout":"","_kad_post_sidebar_id":"","_kad_post_content_style":"","_kad_post_vertical_padding":"","_kad_post_feature":"","_kad_post_feature_position":"","_kad_post_header":false,"_kad_post_footer":false,"_kad_post_classname":""},"product_brand":[385],"product_cat":[386],"product_tag":[94,95],"class_list":{"0":"post-6924","1":"product","2":"type-product","3":"status-publish","4":"has-post-thumbnail","6":"product_brand-velartrip","7":"product_cat-accessoires-pratiques","8":"product_tag-aeroport","9":"product_tag-avion","11":"first","12":"instock","13":"taxable","14":"shipping-taxable","15":"purchasable","16":"product-type-variable","17":"entry","18":"content-bg","19":"loop-entry"},"taxonomy_info":{"product_brand":[{"value":385,"label":"VelarTrip"}],"product_cat":[{"value":386,"label":"Accessoires Pratiques"}],"product_tag":[{"value":94,"label":" A\u00e9roport"},{"value":95,"label":"Avion"}]},"featured_image_src_large":["https:\/\/velartrip.com\/wp-content\/uploads\/2022\/05\/95-1.jpg",800,800,false],"author_info":[],"comment_info":6,"_links":{"self":[{"href":"https:\/\/velartrip.com\/de\/wp-json\/wp\/v2\/product\/6924","targetHints":{"allow":["GET"]}}],"collection":[{"href":"https:\/\/velartrip.com\/de\/wp-json\/wp\/v2\/product"}],"about":[{"href":"https:\/\/velartrip.com\/de\/wp-json\/wp\/v2\/types\/product"}],"replies":[{"embeddable":true,"href":"https:\/\/velartrip.com\/de\/wp-json\/wp\/v2\/comments?post=6924"}],"wp:featuredmedia":[{"embeddable":true,"href":"https:\/\/velartrip.com\/de\/wp-json\/wp\/v2\/media\/13363"}],"wp:attachment":[{"href":"https:\/\/velartrip.com\/de\/wp-json\/wp\/v2\/media?parent=6924"}],"wp:term":[{"taxonomy":"product_brand","embeddable":true,"href":"https:\/\/velartrip.com\/de\/wp-json\/wp\/v2\/product_brand?post=6924"},{"taxonomy":"product_cat","embeddable":true,"href":"https:\/\/velartrip.com\/de\/wp-json\/wp\/v2\/product_cat?post=6924"},{"taxonomy":"product_tag","embeddable":true,"href":"https:\/\/velartrip.com\/de\/wp-json\/wp\/v2\/product_tag?post=6924"}],"curies":[{"name":"wp","href":"https:\/\/api.w.org\/{rel}","templated":true}]}}