{"id":6983,"date":"2020-04-24T14:53:12","date_gmt":"2020-04-24T14:53:12","guid":{"rendered":"https:\/\/velartrip.com\/?product=housse-de-valise-br-sunset"},"modified":"2023-02-12T13:42:28","modified_gmt":"2023-02-12T12:42:28","slug":"housse-protection-valise-sunset","status":"publish","type":"product","link":"https:\/\/velartrip.com\/de\/accessoires-pour-valise\/housse-de-valise\/housse-protection-valise-sunset\/","title":{"rendered":"Sunset Kofferh\u00fclle"},"content":{"rendered":"<h2>Un magnifique couch\u00e9 de soleil qui illumine 2 flamants rose ! Une housse de valise aux couleurs profondes pour tous les fans de cet oiseau !<\/h2>\n<ul>\n<li><strong><span style=\"text-decoration: underline;\">S&rsquo;adapte \u00e0 99% des valises<\/span> <\/strong>\u00e0 2 ou 4 roues.<\/li>\n<li><strong>Deux ouvertures pr\u00e9vues<\/strong> pour la poign\u00e9e t\u00e9lescopique et\/o\u00f9 la poign\u00e9e simple.<\/li>\n<li>Plus de risques de se faire voler ses affaires, <strong>les fermetures \u00e9clairs sont prot\u00e9g\u00e9es<\/strong> par notre housse<\/li>\n<li>Finis les films en plastiques jetables aux prix exorbitants, nos housses sont rentabilis\u00e9es d\u00e8s votre premier voyage.<\/li>\n<li>Lavable \u00e0 30\u00b0C et r\u00e9utilisable, la plan\u00e8te se portera mieux ! \u267b\ufe0f<\/li>\n<\/ul>\n<p style=\"text-align: center;\">\ud83d\udccf R\u00e9f\u00e9rez-vous au guide des tailles pour choisir au mieux votre housse de valise en fonction de sa dimension \ud83d\udccf<\/p>\n<p class=\"p1\" style=\"text-align: center;\"><span class=\"s1\">\u26a0\ufe0f<\/span> Compatible avec les housses de valise dont<strong> la poign\u00e9e lat\u00e9rale se situe \u00e0 gauche et non \u00e0 droite<\/strong>. (visible sur la photo de la housse)<\/p>\n<p>[block id=\u00a0\u00bbhousse-de-valise-produit-description\u00a0\u00bb]<\/p>\n","protected":false},"excerpt":{"rendered":"<p>Ein herrlicher Sonnenuntergang, der zwei rosa Flamingos beleuchtet! Eine Kofferh\u00fclle in satten Farben f\u00fcr alle Fans dieses Vogels! Passend f\u00fcr 99%-Koffer mit 2 oder 4 Rollen. Zwei \u00d6ffnungen f\u00fcr den Teleskopgriff und\/oder den Einzelgriff vorgesehen. Kein Risiko mehr, dass Ihr\u2026<\/p>","protected":false},"featured_media":12395,"comment_status":"open","ping_status":"closed","template":"","meta":{"_kad_blocks_custom_css":"","_kad_blocks_head_custom_js":"","_kad_blocks_body_custom_js":"","_kad_blocks_footer_custom_js":"","_kad_post_transparent":"","_kad_post_title":"","_kad_post_layout":"","_kad_post_sidebar_id":"","_kad_post_content_style":"","_kad_post_vertical_padding":"","_kad_post_feature":"","_kad_post_feature_position":"","_kad_post_header":false,"_kad_post_footer":false,"_kad_post_classname":""},"product_brand":[385],"product_cat":[392,618],"product_tag":[168,208,196],"class_list":{"0":"post-6983","1":"product","2":"type-product","3":"status-publish","4":"has-post-thumbnail","6":"product_brand-velartrip","7":"product_cat-housse-de-valise","8":"product_cat-accessoires-pour-valise","9":"product_tag-paysage","10":"product_tag-flamant-rose","11":"product_tag-poignee-a-gauche","13":"first","14":"instock","15":"taxable","16":"shipping-taxable","17":"purchasable","18":"product-type-variable","19":"entry","20":"content-bg","21":"loop-entry"},"taxonomy_info":{"product_brand":[{"value":385,"label":"VelarTrip"}],"product_cat":[{"value":392,"label":"Housses De Valise"},{"value":618,"label":"Accessoires pour Valise"}],"product_tag":[{"value":168,"label":" Paysage"},{"value":208,"label":"Flamant Rose"},{"value":196,"label":"Poign\u00e9e \u00e0 gauche"}]},"featured_image_src_large":["https:\/\/velartrip.com\/wp-content\/uploads\/2020\/04\/housse-de-valise-sunset.jpg",800,800,false],"author_info":[],"comment_info":5,"_links":{"self":[{"href":"https:\/\/velartrip.com\/de\/wp-json\/wp\/v2\/product\/6983","targetHints":{"allow":["GET"]}}],"collection":[{"href":"https:\/\/velartrip.com\/de\/wp-json\/wp\/v2\/product"}],"about":[{"href":"https:\/\/velartrip.com\/de\/wp-json\/wp\/v2\/types\/product"}],"replies":[{"embeddable":true,"href":"https:\/\/velartrip.com\/de\/wp-json\/wp\/v2\/comments?post=6983"}],"wp:featuredmedia":[{"embeddable":true,"href":"https:\/\/velartrip.com\/de\/wp-json\/wp\/v2\/media\/12395"}],"wp:attachment":[{"href":"https:\/\/velartrip.com\/de\/wp-json\/wp\/v2\/media?parent=6983"}],"wp:term":[{"taxonomy":"product_brand","embeddable":true,"href":"https:\/\/velartrip.com\/de\/wp-json\/wp\/v2\/product_brand?post=6983"},{"taxonomy":"product_cat","embeddable":true,"href":"https:\/\/velartrip.com\/de\/wp-json\/wp\/v2\/product_cat?post=6983"},{"taxonomy":"product_tag","embeddable":true,"href":"https:\/\/velartrip.com\/de\/wp-json\/wp\/v2\/product_tag?post=6983"}],"curies":[{"name":"wp","href":"https:\/\/api.w.org\/{rel}","templated":true}]}}