{"id":7049,"date":"2020-04-25T17:29:18","date_gmt":"2020-04-25T17:29:18","guid":{"rendered":"https:\/\/velartrip.com\/?product=masque-de-nuit-br-quito-etoiles"},"modified":"2022-08-03T11:19:59","modified_gmt":"2022-08-03T09:19:59","slug":"masque-nuit-etoiles","status":"publish","type":"product","link":"https:\/\/velartrip.com\/de\/accessoires-voyage\/masques-nuit\/masque-nuit-etoiles\/","title":{"rendered":"Quito Nachtmaske Sterne"},"content":{"rendered":"<p>&nbsp;<\/p>\n<h2>Anscheinend helfen Sterne dabei, schneller einzuschlafen. Entdecke unsere neue, mit Sternen verzierte Schlafmaske f\u00fcr sanfte und ruhige N\u00e4chte.<\/h2>\n<ul>\n<li><strong>3D-Design<\/strong>\u00a0der dir das Druckgef\u00fchl auf deinen Augen erspart.<\/li>\n<\/ul>\n<ul>\n<li>Eine Maske<strong>\u00a0leicht und bequem.<\/strong><\/li>\n<\/ul>\n<ul>\n<li>Unsere Bande\u00a0<strong><em>\" zen ajuste\"<\/em><\/strong>\u00a0die\u00a0<strong>passt sich an alle an.<\/strong><\/li>\n<\/ul>\n<ul>\n<li>25 cm lang &amp; 9 cm breit.<\/li>\n<\/ul>\n<ul>\n<li><strong>KOSTENLOSER STANDARDVERSAND<\/strong><\/li>\n<\/ul>","protected":false},"excerpt":{"rendered":"<p>&nbsp; Apparemment les \u00e9toiles aident \u00e0 s&rsquo;endormir plus rapidement. D\u00e9couvre notre nouveau masque de\u00a0nuit orn\u00e9 d&rsquo;\u00e9toiles pour des nuits douces et paisibles. Conception 3D\u00a0qui t&rsquo;\u00e9viteras la sensation de pression sur\u00a0tes yeux. Un masque\u00a0l\u00e9ger et confortable. Notre\u00a0bande\u00a0\u00ab\u00a0zen ajuste\u00a0\u00bb\u00a0qui\u00a0s&rsquo;adapte \u00e0 tous. 25 cm de long &amp; 9 cm de large. LIVRAISON STANDARD OFFERTE<\/p>","protected":false},"featured_media":13333,"comment_status":"open","ping_status":"closed","template":"","meta":{"_kad_blocks_custom_css":"","_kad_blocks_head_custom_js":"","_kad_blocks_body_custom_js":"","_kad_blocks_footer_custom_js":"","_kad_post_transparent":"","_kad_post_title":"","_kad_post_layout":"","_kad_post_sidebar_id":"","_kad_post_content_style":"","_kad_post_vertical_padding":"","_kad_post_feature":"","_kad_post_feature_position":"","_kad_post_header":false,"_kad_post_footer":false,"_kad_post_classname":""},"product_brand":[385],"product_cat":[394,404],"product_tag":[107],"class_list":{"0":"post-7049","1":"product","2":"type-product","3":"status-publish","4":"has-post-thumbnail","6":"product_brand-velartrip","7":"product_cat-masques-nuit","8":"product_cat-accessoires-voyage","9":"product_tag-nomade","11":"first","12":"instock","13":"taxable","14":"shipping-taxable","15":"purchasable","16":"product-type-simple","17":"entry","18":"content-bg","19":"loop-entry"},"taxonomy_info":{"product_brand":[{"value":385,"label":"VelarTrip"}],"product_cat":[{"value":394,"label":"Masques De Nuit"},{"value":404,"label":"Accessoires de Voyage"}],"product_tag":[{"value":107,"label":"Nomade"}]},"featured_image_src_large":["https:\/\/velartrip.com\/wp-content\/uploads\/2022\/05\/91.jpg",800,800,false],"author_info":[],"comment_info":4,"_links":{"self":[{"href":"https:\/\/velartrip.com\/de\/wp-json\/wp\/v2\/product\/7049","targetHints":{"allow":["GET"]}}],"collection":[{"href":"https:\/\/velartrip.com\/de\/wp-json\/wp\/v2\/product"}],"about":[{"href":"https:\/\/velartrip.com\/de\/wp-json\/wp\/v2\/types\/product"}],"replies":[{"embeddable":true,"href":"https:\/\/velartrip.com\/de\/wp-json\/wp\/v2\/comments?post=7049"}],"wp:featuredmedia":[{"embeddable":true,"href":"https:\/\/velartrip.com\/de\/wp-json\/wp\/v2\/media\/13333"}],"wp:attachment":[{"href":"https:\/\/velartrip.com\/de\/wp-json\/wp\/v2\/media?parent=7049"}],"wp:term":[{"taxonomy":"product_brand","embeddable":true,"href":"https:\/\/velartrip.com\/de\/wp-json\/wp\/v2\/product_brand?post=7049"},{"taxonomy":"product_cat","embeddable":true,"href":"https:\/\/velartrip.com\/de\/wp-json\/wp\/v2\/product_cat?post=7049"},{"taxonomy":"product_tag","embeddable":true,"href":"https:\/\/velartrip.com\/de\/wp-json\/wp\/v2\/product_tag?post=7049"}],"curies":[{"name":"wp","href":"https:\/\/api.w.org\/{rel}","templated":true}]}}