{"id":7084,"date":"2020-05-19T02:23:58","date_gmt":"2020-05-19T02:23:58","guid":{"rendered":"https:\/\/velartrip.com\/?product=etiquette-bagage-br-customisable"},"modified":"2022-08-03T11:18:01","modified_gmt":"2022-08-03T09:18:01","slug":"etiquette-bagage-avion-customisable","status":"publish","type":"product","link":"https:\/\/velartrip.com\/de\/accessoires-pour-valise\/etiquettes-bagages\/etiquette-bagage-avion-customisable\/","title":{"rendered":"Individuell gestaltbarer Gep\u00e4ckanh\u00e4nger"},"content":{"rendered":"<h2>Eines deiner Fotos + eine E-Mail an unser Team und schon hast du deinen neuen, vollst\u00e4ndig personalisierten Gep\u00e4ckanh\u00e4nger.<\/h2>\n<ul>\n<li><strong>Identifizieren und finden Sie<\/strong>\u00a0leicht Ihr Gep\u00e4ck<\/li>\n<li><strong>L\u00e4sst sich schnell befestigen<\/strong>\u00a0und leicht.<\/li>\n<li>Entwickelt f\u00fcr\u00a0<strong>alle Arten von Gep\u00e4ck<\/strong>s (H\u00e4nde, Reisetasche, Kabinenkoffer, Rucksack...)<\/li>\n<li>Zusammensetzung: Kunstleder<\/li>\n<li>Abmessungen :\u00a0<span data-mce-fragment=\"1\">10.5 cm x 6.5 cm<\/span><\/li>\n<\/ul>\n<p style=\"text-align: center;\"><span data-mce-fragment=\"1\"><br \/>\n<em>\ud83d\udce9 Schicke uns das Foto, das du f\u00fcr deinen Gep\u00e4ckanh\u00e4nger haben m\u00f6chtest, an folgende Adresse:\u00a0<a href=\"https:\/\/mail.google.com\/mail\/u\/0\/?view=cm&amp;fs=1&amp;tf=1&amp;source=mailto&amp;to=support%40velartrip.com&amp;utm_campaign=Back%20To%20Work%20%28TxQPMP%29&amp;utm_medium=email&amp;utm_source=All%20contacts&amp;_ke=eyJrbF9lbWFpbCI6ICJ0aG9tYXNiZW5hdGlhQGdtYWlsLmNvbSIsICJrbF9jb21wYW55X2lkIjogIlVncHdENyJ9\">support@velartrip.com<\/a>. Wir k\u00fcmmern uns um den Rest! \ud83d\udce8<\/em><\/span><\/p>\n<h3 style=\"text-align: center;\"><span style=\"color: #82d5c7;\">Warum sollte man seine Koffer beschriften?<\/span><\/h3>\n<p>Wenn Sie m\u00f6chten :<\/p>\n<p>\u2705 Reisen mit dem Zug, Schiff oder Flugzeug.<\/p>\n<p>\u2705\u00a0<strong>Unterscheiden Sie Ihre Koffer<\/strong>\u00a0von anderen Reisenden auf dem Gep\u00e4ckkarussell<\/p>\n<p>\u2705 <strong>Einfacher finden<\/strong>t ein verlorener Koffer (auch wenn wir Ihnen das nicht w\u00fcnschen!)<\/p>\n<p>\u2705 Sein <strong>in \u00dcbereinstimmung mit den Vorschriften<\/strong> Flugh\u00e4fen\u00a0<span data-mce-fragment=\"1\">international<\/span><\/p>\n<p><span data-mce-fragment=\"1\">\u2705 <strong>Vermeidung von Zerst\u00f6rung<\/strong> von den Beh\u00f6rden aus Ihrem unbeaufsichtigten Koffer<\/span><\/p>\n<p><span data-mce-fragment=\"1\">In diesem Fall ben\u00f6tigen Sie einen Gep\u00e4ckanh\u00e4nger.<\/span><\/p>\n<h3 style=\"text-align: center;\"><span style=\"color: #db7c46;\" data-mce-fragment=\"1\">Wie w\u00e4hle ich den Anh\u00e4nger f\u00fcr meinen Koffer aus?<\/span><\/h3>\n<p><span data-mce-fragment=\"1\">Dies ist wahrscheinlich das am einfachsten auszuw\u00e4hlende Reisezubeh\u00f6r, da es davon abh\u00e4ngt <strong>nur von Ihrem Geschmack f\u00fcr Design<\/strong> !<\/span><\/p>\n<p><span data-mce-fragment=\"1\">Ansonsten besitzt jedes Etikett mehr oder weniger <strong>die gleichen Felder zum Ausf\u00fcllen<\/strong>, d. h.:<\/span><\/p>\n<ul>\n<li><span data-mce-fragment=\"1\">den Vor- und Nachnamen<\/span><\/li>\n<li><span data-mce-fragment=\"1\">die Postanschrift\u00a0<\/span><\/li>\n<li><span data-mce-fragment=\"1\">die Telefonnummer\u00a0<\/span><\/li>\n<li><span data-mce-fragment=\"1\">die E-Mail-Adresse<\/span><\/li>\n<\/ul>","protected":false},"excerpt":{"rendered":"<p>Une de tes photos + un email \u00e0 notre \u00e9quipe et te voila avec ta nouvelle \u00e9tiquette de bagage enti\u00e8rement personnalis\u00e9. Identifiez et retrouvez\u00a0facilement\u00a0vos bagages S&rsquo;attache rapidement\u00a0et facilement. Con\u00e7u pour\u00a0tous types de bagages (mains, sac de voyage, valise cabine, sac \u00e0 dos&#8230;) Composition : cuir synth\u00e9tique Dimensions :\u00a010.5 cm x 6.5 cm \ud83d\udce9 Envoie-nous la&#8230;<\/p>","protected":false},"featured_media":12364,"comment_status":"open","ping_status":"closed","template":"","meta":{"_kad_blocks_custom_css":"","_kad_blocks_head_custom_js":"","_kad_blocks_body_custom_js":"","_kad_blocks_footer_custom_js":"","_kad_post_transparent":"","_kad_post_title":"","_kad_post_layout":"","_kad_post_sidebar_id":"","_kad_post_content_style":"","_kad_post_vertical_padding":"","_kad_post_feature":"","_kad_post_feature_position":"","_kad_post_header":false,"_kad_post_footer":false,"_kad_post_classname":""},"product_brand":[385],"product_cat":[397,618],"product_tag":[215],"class_list":{"0":"post-7084","1":"product","2":"type-product","3":"status-publish","4":"has-post-thumbnail","6":"product_brand-velartrip","7":"product_cat-etiquettes-bagages","8":"product_cat-accessoires-pour-valise","9":"product_tag-customisable","11":"first","12":"instock","13":"taxable","14":"shipping-taxable","15":"purchasable","16":"product-type-simple","17":"entry","18":"content-bg","19":"loop-entry"},"taxonomy_info":{"product_brand":[{"value":385,"label":"VelarTrip"}],"product_cat":[{"value":397,"label":"\u00c9tiquette Bagage"},{"value":618,"label":"Accessoires pour Valise"}],"product_tag":[{"value":215,"label":"Customisable"}]},"featured_image_src_large":["https:\/\/velartrip.com\/wp-content\/uploads\/2020\/05\/etiquettebagageavioncustomisablevelartrip18909609984157_2nd.jpeg",800,800,false],"author_info":[],"comment_info":5,"_links":{"self":[{"href":"https:\/\/velartrip.com\/de\/wp-json\/wp\/v2\/product\/7084","targetHints":{"allow":["GET"]}}],"collection":[{"href":"https:\/\/velartrip.com\/de\/wp-json\/wp\/v2\/product"}],"about":[{"href":"https:\/\/velartrip.com\/de\/wp-json\/wp\/v2\/types\/product"}],"replies":[{"embeddable":true,"href":"https:\/\/velartrip.com\/de\/wp-json\/wp\/v2\/comments?post=7084"}],"wp:featuredmedia":[{"embeddable":true,"href":"https:\/\/velartrip.com\/de\/wp-json\/wp\/v2\/media\/12364"}],"wp:attachment":[{"href":"https:\/\/velartrip.com\/de\/wp-json\/wp\/v2\/media?parent=7084"}],"wp:term":[{"taxonomy":"product_brand","embeddable":true,"href":"https:\/\/velartrip.com\/de\/wp-json\/wp\/v2\/product_brand?post=7084"},{"taxonomy":"product_cat","embeddable":true,"href":"https:\/\/velartrip.com\/de\/wp-json\/wp\/v2\/product_cat?post=7084"},{"taxonomy":"product_tag","embeddable":true,"href":"https:\/\/velartrip.com\/de\/wp-json\/wp\/v2\/product_tag?post=7084"}],"curies":[{"name":"wp","href":"https:\/\/api.w.org\/{rel}","templated":true}]}}