{"id":7159,"date":"2020-06-14T20:12:39","date_gmt":"2020-06-14T20:12:39","guid":{"rendered":"https:\/\/velartrip.com\/?product=protege-passeport-br-travel"},"modified":"2022-08-03T11:10:00","modified_gmt":"2022-08-03T09:10:00","slug":"protege-passeport-travel","status":"publish","type":"product","link":"https:\/\/velartrip.com\/de\/accessoires-pour-valise\/protege-passeports\/protege-passeport-travel\/","title":{"rendered":"Reisepass-Schutz Travel"},"content":{"rendered":"<div class=\"detailmodule_html\">\n<div class=\"detail-desc-decorate-richtext\">\n<h2>Ein gezeichnetes und symbolisiertes Brainstorming rund um das Wort \"travel\". Wir pr\u00e4sentieren dir unseren Reisepass-Schutz mit all unseren Ideen!<\/h2>\n<ul>\n<li><strong>Deckt perfekt ab<\/strong> deinen Reisepass.<\/li>\n<li><span style=\"text-decoration: underline\">4 Pl\u00e4tze<\/span> f\u00fcr Bankkarte<\/li>\n<li>Ideal gegen Spritzwasser und Sturzgefahr.<\/li>\n<li>Zusammensetzung: Synthetisch.<\/li>\n<\/ul>\n<\/div>\n<\/div>\n<div class=\"detailmodule_text\"><\/div>","protected":false},"excerpt":{"rendered":"<p>Un brainstorming dessin\u00e9 et symbolis\u00e9 autour du mot \u00ab\u00a0travel\u00a0\u00bb. Nous te pr\u00e9sentons notre prot\u00e8ge-passeport avec toutes nos id\u00e9es ! Couvre parfaitement ton passeport. 4 emplacements pour carte bancaire Id\u00e9al contre les risques d&rsquo;\u00e9claboussures et de chutes. Composition : synth\u00e9tique.<\/p>","protected":false},"featured_media":13301,"comment_status":"open","ping_status":"closed","template":"","meta":{"_kad_blocks_custom_css":"","_kad_blocks_head_custom_js":"","_kad_blocks_body_custom_js":"","_kad_blocks_footer_custom_js":"","_kad_post_transparent":"","_kad_post_title":"","_kad_post_layout":"","_kad_post_sidebar_id":"","_kad_post_content_style":"","_kad_post_vertical_padding":"","_kad_post_feature":"","_kad_post_feature_position":"","_kad_post_header":false,"_kad_post_footer":false,"_kad_post_classname":""},"product_brand":[385],"product_cat":[618,395],"product_tag":[144],"class_list":{"0":"post-7159","1":"product","2":"type-product","3":"status-publish","4":"has-post-thumbnail","6":"product_brand-velartrip","7":"product_cat-accessoires-pour-valise","8":"product_cat-protege-passeports","9":"product_tag-phrase","11":"first","12":"instock","13":"taxable","14":"shipping-taxable","15":"purchasable","16":"product-type-simple","17":"entry","18":"content-bg","19":"loop-entry"},"taxonomy_info":{"product_brand":[{"value":385,"label":"VelarTrip"}],"product_cat":[{"value":618,"label":"Accessoires pour Valise"},{"value":395,"label":"Prot\u00e8ge-Passeports"}],"product_tag":[{"value":144,"label":" Phrase"}]},"featured_image_src_large":["https:\/\/velartrip.com\/wp-content\/uploads\/2022\/04\/Sans-titre-65.jpg",800,800,false],"author_info":[],"comment_info":5,"_links":{"self":[{"href":"https:\/\/velartrip.com\/de\/wp-json\/wp\/v2\/product\/7159","targetHints":{"allow":["GET"]}}],"collection":[{"href":"https:\/\/velartrip.com\/de\/wp-json\/wp\/v2\/product"}],"about":[{"href":"https:\/\/velartrip.com\/de\/wp-json\/wp\/v2\/types\/product"}],"replies":[{"embeddable":true,"href":"https:\/\/velartrip.com\/de\/wp-json\/wp\/v2\/comments?post=7159"}],"wp:featuredmedia":[{"embeddable":true,"href":"https:\/\/velartrip.com\/de\/wp-json\/wp\/v2\/media\/13301"}],"wp:attachment":[{"href":"https:\/\/velartrip.com\/de\/wp-json\/wp\/v2\/media?parent=7159"}],"wp:term":[{"taxonomy":"product_brand","embeddable":true,"href":"https:\/\/velartrip.com\/de\/wp-json\/wp\/v2\/product_brand?post=7159"},{"taxonomy":"product_cat","embeddable":true,"href":"https:\/\/velartrip.com\/de\/wp-json\/wp\/v2\/product_cat?post=7159"},{"taxonomy":"product_tag","embeddable":true,"href":"https:\/\/velartrip.com\/de\/wp-json\/wp\/v2\/product_tag?post=7159"}],"curies":[{"name":"wp","href":"https:\/\/api.w.org\/{rel}","templated":true}]}}