{"id":7188,"date":"2020-06-18T20:09:33","date_gmt":"2020-06-18T20:09:33","guid":{"rendered":"https:\/\/velartrip.com\/?product=etiquette-bagage-br-feerique"},"modified":"2022-11-10T15:49:52","modified_gmt":"2022-11-10T14:49:52","slug":"etiquette-valise-licorne","status":"publish","type":"product","link":"https:\/\/velartrip.com\/de\/accessoires-pour-valise\/etiquettes-bagages\/etiquette-valise-licorne\/","title":{"rendered":"Feenhafter Gep\u00e4ckanh\u00e4nger"},"content":{"rendered":"<p>&nbsp;<\/p>\n<h2>Der Legende nach soll das Einhorn der W\u00e4chter des Waldes sein. Entdecke unseren Gep\u00e4ckanh\u00e4nger mit dem Bild dieses m\u00e4rchenhaften Tieres im Blumendesign.<\/h2>\n<ul>\n<li>N\u00fctzlich f\u00fcr Flugh\u00e4fen und Fluggesellschaften\u00a0<em>(Thomas im Team konnte sein Gep\u00e4ck auf dem R\u00fcckflug aus Thailand anhand des Gep\u00e4ckanh\u00e4ngers wiederfinden \ud83c\udff7\ufe0f)<\/em><\/li>\n<li><strong>L\u00e4sst sich schnell befestigen<\/strong>\u00a0und leicht.<\/li>\n<li>Entwickelt f\u00fcr\u00a0<strong>alle Arten von Gep\u00e4ck<\/strong>\u00a0(H\u00e4nde, Reisetasche, Kabinenkoffer, Rucksack...)<\/li>\n<li>Zusammensetzung: Synthetisch<\/li>\n<\/ul>\n<ul>\n<li><strong>aGESCHENKTE STANDARDLIEFERUNG<\/strong><\/li>\n<\/ul>","protected":false},"excerpt":{"rendered":"<p>&nbsp; La l\u00e9gende raconte que la Licorne serait la gardienne de la for\u00eat. D\u00e9couvre notre \u00e9tiquette de bagage \u00e0 l&rsquo;effigie de cet animal f\u00e9erique au design floral. Utile pour les a\u00e9roports et les compagnies a\u00e9riennes\u00a0(Thomas dans l&rsquo;\u00e9quipe a r\u00e9ussi \u00e0 retrouver son bagage en revenant de Tha\u00eflande gr\u00e2ce \u00e0 son \u00e9tiquette\u00a0\ud83c\udff7\ufe0f) S&rsquo;attache rapidement\u00a0et facilement. Con\u00e7u&#8230;<\/p>","protected":false},"featured_media":13311,"comment_status":"open","ping_status":"closed","template":"","meta":{"_kad_blocks_custom_css":"","_kad_blocks_head_custom_js":"","_kad_blocks_body_custom_js":"","_kad_blocks_footer_custom_js":"","_kad_post_transparent":"","_kad_post_title":"","_kad_post_layout":"","_kad_post_sidebar_id":"","_kad_post_content_style":"","_kad_post_vertical_padding":"","_kad_post_feature":"","_kad_post_feature_position":"","_kad_post_header":false,"_kad_post_footer":false,"_kad_post_classname":""},"product_brand":[385],"product_cat":[618,397],"product_tag":[227],"class_list":{"0":"post-7188","1":"product","2":"type-product","3":"status-publish","4":"has-post-thumbnail","6":"product_brand-velartrip","7":"product_cat-accessoires-pour-valise","8":"product_cat-etiquettes-bagages","9":"product_tag-licorne","11":"first","12":"instock","13":"taxable","14":"shipping-taxable","15":"purchasable","16":"product-type-simple","17":"entry","18":"content-bg","19":"loop-entry"},"taxonomy_info":{"product_brand":[{"value":385,"label":"VelarTrip"}],"product_cat":[{"value":618,"label":"Accessoires pour Valise"},{"value":397,"label":"\u00c9tiquette Bagage"}],"product_tag":[{"value":227,"label":"Licorne"}]},"featured_image_src_large":["https:\/\/velartrip.com\/wp-content\/uploads\/2022\/05\/Sans-titre-3.jpg",800,800,false],"author_info":[],"comment_info":5,"_links":{"self":[{"href":"https:\/\/velartrip.com\/de\/wp-json\/wp\/v2\/product\/7188","targetHints":{"allow":["GET"]}}],"collection":[{"href":"https:\/\/velartrip.com\/de\/wp-json\/wp\/v2\/product"}],"about":[{"href":"https:\/\/velartrip.com\/de\/wp-json\/wp\/v2\/types\/product"}],"replies":[{"embeddable":true,"href":"https:\/\/velartrip.com\/de\/wp-json\/wp\/v2\/comments?post=7188"}],"wp:featuredmedia":[{"embeddable":true,"href":"https:\/\/velartrip.com\/de\/wp-json\/wp\/v2\/media\/13311"}],"wp:attachment":[{"href":"https:\/\/velartrip.com\/de\/wp-json\/wp\/v2\/media?parent=7188"}],"wp:term":[{"taxonomy":"product_brand","embeddable":true,"href":"https:\/\/velartrip.com\/de\/wp-json\/wp\/v2\/product_brand?post=7188"},{"taxonomy":"product_cat","embeddable":true,"href":"https:\/\/velartrip.com\/de\/wp-json\/wp\/v2\/product_cat?post=7188"},{"taxonomy":"product_tag","embeddable":true,"href":"https:\/\/velartrip.com\/de\/wp-json\/wp\/v2\/product_tag?post=7188"}],"curies":[{"name":"wp","href":"https:\/\/api.w.org\/{rel}","templated":true}]}}