{"id":7210,"date":"2020-06-22T23:39:41","date_gmt":"2020-06-22T23:39:41","guid":{"rendered":"https:\/\/velartrip.com\/?product=protege-passeport-br-world-item"},"modified":"2022-08-03T11:09:57","modified_gmt":"2022-08-03T09:09:57","slug":"protege-passeport-world-item","status":"publish","type":"product","link":"https:\/\/velartrip.com\/de\/accessoires-pour-valise\/protege-passeports\/protege-passeport-world-item\/","title":{"rendered":"World Item Passport Protector"},"content":{"rendered":"<div class=\"detailmodule_html\">\n<div class=\"detail-desc-decorate-richtext\">\n<h2>Es gibt keine Ausreden mehr, um nicht am anderen Ende der Welt verloren zu gehen! Zeige deine Entdeckerseite gegen\u00fcber anderen Reisenden mit unserem World Item Passport Protector.<\/h2>\n<ul>\n<li><strong>Deckt perfekt ab<\/strong>\u00a0deinen Reisepass.<\/li>\n<li><span style=\"text-decoration: underline\">4 Pl\u00e4tze<\/span> f\u00fcr Bankkarten.<\/li>\n<li>Ideal gegen Spritzwasser und Sturzgefahr.<\/li>\n<li>Zusammensetzung: Synthetisch.<\/li>\n<\/ul>\n<\/div>\n<\/div>\n<div class=\"detailmodule_text\">\u00a0<\/div>","protected":false},"excerpt":{"rendered":"<p>Es gibt keine Ausreden mehr, um nicht am anderen Ende der Welt verloren zu gehen! Mit unserem World Item Passport Protector kannst du deine Entdeckerseite bei anderen Reisenden zeigen. Deckt deinen Reisepass perfekt ab. 4 F\u00e4cher f\u00fcr Bankkarten. Ideal zum Schutz vor Spritzern und St\u00fcrzen. Material: Synthetik. \u00a0<\/p>","protected":false},"featured_media":13568,"comment_status":"open","ping_status":"closed","template":"","meta":{"_kad_blocks_custom_css":"","_kad_blocks_head_custom_js":"","_kad_blocks_body_custom_js":"","_kad_blocks_footer_custom_js":"","_kad_post_transparent":"","_kad_post_title":"","_kad_post_layout":"","_kad_post_sidebar_id":"","_kad_post_content_style":"","_kad_post_vertical_padding":"","_kad_post_feature":"","_kad_post_feature_position":"","_kad_post_header":false,"_kad_post_footer":false,"_kad_post_classname":""},"product_brand":[385],"product_cat":[618,395],"product_tag":[216],"class_list":{"0":"post-7210","1":"product","2":"type-product","3":"status-publish","4":"has-post-thumbnail","6":"product_brand-velartrip","7":"product_cat-accessoires-pour-valise","8":"product_cat-protege-passeports","9":"product_tag-carte","11":"first","12":"instock","13":"taxable","14":"shipping-taxable","15":"purchasable","16":"product-type-simple","17":"entry","18":"content-bg","19":"loop-entry"},"taxonomy_info":{"product_brand":[{"value":385,"label":"VelarTrip"}],"product_cat":[{"value":618,"label":"Accessoires pour Valise"},{"value":395,"label":"Prot\u00e8ge-Passeports"}],"product_tag":[{"value":216,"label":"Carte"}]},"featured_image_src_large":["https:\/\/velartrip.com\/wp-content\/uploads\/2022\/05\/Sans-titre-13.jpg",800,800,false],"author_info":[],"comment_info":5,"_links":{"self":[{"href":"https:\/\/velartrip.com\/de\/wp-json\/wp\/v2\/product\/7210","targetHints":{"allow":["GET"]}}],"collection":[{"href":"https:\/\/velartrip.com\/de\/wp-json\/wp\/v2\/product"}],"about":[{"href":"https:\/\/velartrip.com\/de\/wp-json\/wp\/v2\/types\/product"}],"replies":[{"embeddable":true,"href":"https:\/\/velartrip.com\/de\/wp-json\/wp\/v2\/comments?post=7210"}],"wp:featuredmedia":[{"embeddable":true,"href":"https:\/\/velartrip.com\/de\/wp-json\/wp\/v2\/media\/13568"}],"wp:attachment":[{"href":"https:\/\/velartrip.com\/de\/wp-json\/wp\/v2\/media?parent=7210"}],"wp:term":[{"taxonomy":"product_brand","embeddable":true,"href":"https:\/\/velartrip.com\/de\/wp-json\/wp\/v2\/product_brand?post=7210"},{"taxonomy":"product_cat","embeddable":true,"href":"https:\/\/velartrip.com\/de\/wp-json\/wp\/v2\/product_cat?post=7210"},{"taxonomy":"product_tag","embeddable":true,"href":"https:\/\/velartrip.com\/de\/wp-json\/wp\/v2\/product_tag?post=7210"}],"curies":[{"name":"wp","href":"https:\/\/api.w.org\/{rel}","templated":true}]}}