{"id":7236,"date":"2020-07-02T11:42:51","date_gmt":"2020-07-02T11:42:51","guid":{"rendered":"https:\/\/velartrip.com\/?product=housse-de-valise-br-gardon"},"modified":"2023-02-12T13:42:25","modified_gmt":"2023-02-12T12:42:25","slug":"housse-valise-gardon","status":"publish","type":"product","link":"https:\/\/velartrip.com\/de\/accessoires-pour-valise\/housse-de-valise\/housse-valise-gardon\/","title":{"rendered":"Koffertasche Gardon"},"content":{"rendered":"<h2>As-tu d\u00e9j\u00e0 vu ce poisson d&rsquo;eau douce ? Le Gardon \u00e0 de tr\u00e8s belles \u00e9cailles et on a voulu les repr\u00e9senter sur une de nos housses de valise !<\/h2>\n<ul>\n<li><strong>Housse en polyester<\/strong> qui procure une grande \u00e9lasticit\u00e9.<\/li>\n<li>S&rsquo;adapte parfaitement \u00e0 <strong> tous types de bagages<\/strong> (cabine ou grande valise).<\/li>\n<li><strong>Deux ouvertures pr\u00e9vues <\/strong> pour la poign\u00e9e t\u00e9lescopique et\/o\u00f9 la poign\u00e9e simple.<\/li>\n<li>Les <strong>fermetures \u00e9clairs<\/strong> sont \u00e9galement<strong> prot\u00e9g\u00e9es <\/strong> par la housse.<\/li>\n<li>Ta valise <strong>restera ferm\u00e9e<\/strong> et en <strong>s\u00e9curit\u00e9<\/strong> au d\u00e9part comme \u00e0 l&rsquo;arriv\u00e9e.<\/li>\n<li>Tu <strong>\u00e9conomiseras<\/strong> beaucoup d&rsquo;argent en <strong>\u00e9vitant<\/strong> de <strong>payer les films<\/strong> de protection \u00e0 <strong>usage unique<\/strong> dans les a\u00e9roports !<\/li>\n<li>La plan\u00e8te se portera mieux avec nos <strong> housses r\u00e9utilisables <\/strong> ! \u267b\ufe0f<\/li>\n<\/ul>\n<p style=\"text-align: center;\"><em>\ud83d\udccf R\u00e9f\u00e8re-toi au guide des tailles pour choisir au mieux ta housse de valise en fonction de sa dimension \ud83d\udccf<\/em><\/p>\n<p>[block id=\u00a0\u00bbhousse-de-valise-produit-description\u00a0\u00bb]<\/p>\n","protected":false},"excerpt":{"rendered":"<p>Haben Sie diesen S\u00fc\u00dfwasserfisch schon einmal gesehen? Die Pl\u00f6tze hat sehr sch\u00f6ne Schuppen und wir wollten sie auf einem unserer Kofferdeckel darstellen! Polyesterbezug, der f\u00fcr gro\u00dfe Elastizit\u00e4t sorgt. Passt perfekt in alle Gep\u00e4ckarten (Handgep\u00e4ck oder gro\u00dfer Koffer). Zwei \u00d6ffnungen f\u00fcr den Teleskopgriff vorgesehen\u2026<\/p>","protected":false},"featured_media":12429,"comment_status":"open","ping_status":"closed","template":"","meta":{"_kad_blocks_custom_css":"","_kad_blocks_head_custom_js":"","_kad_blocks_body_custom_js":"","_kad_blocks_footer_custom_js":"","_kad_post_transparent":"","_kad_post_title":"","_kad_post_layout":"","_kad_post_sidebar_id":"","_kad_post_content_style":"","_kad_post_vertical_padding":"","_kad_post_feature":"","_kad_post_feature_position":"","_kad_post_header":false,"_kad_post_footer":false,"_kad_post_classname":""},"product_brand":[385],"product_cat":[392,618],"product_tag":[196],"class_list":{"0":"post-7236","1":"product","2":"type-product","3":"status-publish","4":"has-post-thumbnail","6":"product_brand-velartrip","7":"product_cat-housse-de-valise","8":"product_cat-accessoires-pour-valise","9":"product_tag-poignee-a-gauche","11":"first","12":"instock","13":"taxable","14":"shipping-taxable","15":"purchasable","16":"product-type-variable","17":"entry","18":"content-bg","19":"loop-entry"},"taxonomy_info":{"product_brand":[{"value":385,"label":"VelarTrip"}],"product_cat":[{"value":392,"label":"Housses De Valise"},{"value":618,"label":"Accessoires pour Valise"}],"product_tag":[{"value":196,"label":"Poign\u00e9e \u00e0 gauche"}]},"featured_image_src_large":["https:\/\/velartrip.com\/wp-content\/uploads\/2020\/07\/housse-de-valise-gardon.jpg",640,640,false],"author_info":[],"comment_info":6,"_links":{"self":[{"href":"https:\/\/velartrip.com\/de\/wp-json\/wp\/v2\/product\/7236","targetHints":{"allow":["GET"]}}],"collection":[{"href":"https:\/\/velartrip.com\/de\/wp-json\/wp\/v2\/product"}],"about":[{"href":"https:\/\/velartrip.com\/de\/wp-json\/wp\/v2\/types\/product"}],"replies":[{"embeddable":true,"href":"https:\/\/velartrip.com\/de\/wp-json\/wp\/v2\/comments?post=7236"}],"wp:featuredmedia":[{"embeddable":true,"href":"https:\/\/velartrip.com\/de\/wp-json\/wp\/v2\/media\/12429"}],"wp:attachment":[{"href":"https:\/\/velartrip.com\/de\/wp-json\/wp\/v2\/media?parent=7236"}],"wp:term":[{"taxonomy":"product_brand","embeddable":true,"href":"https:\/\/velartrip.com\/de\/wp-json\/wp\/v2\/product_brand?post=7236"},{"taxonomy":"product_cat","embeddable":true,"href":"https:\/\/velartrip.com\/de\/wp-json\/wp\/v2\/product_cat?post=7236"},{"taxonomy":"product_tag","embeddable":true,"href":"https:\/\/velartrip.com\/de\/wp-json\/wp\/v2\/product_tag?post=7236"}],"curies":[{"name":"wp","href":"https:\/\/api.w.org\/{rel}","templated":true}]}}