{"id":7677,"date":"2020-08-08T19:06:52","date_gmt":"2020-08-08T19:06:52","guid":{"rendered":"https:\/\/velartrip.com\/?product=protege-passeport-br-feerique"},"modified":"2024-12-04T09:30:28","modified_gmt":"2024-12-04T08:30:28","slug":"protege-passeport-feerique","status":"publish","type":"product","link":"https:\/\/velartrip.com\/de\/accessoires-pour-valise\/protege-passeports\/protege-passeport-feerique\/","title":{"rendered":"Feenhafter Reisepass-Schutz"},"content":{"rendered":"<p>&nbsp;<\/p>\n<h2>Sch\u00fctze deinen Reisepass mit den Farben unseres legend\u00e4ren Waldtieres. Er wird perfekt sein, um dich in alle Ecken der Welt zu begleiten und zu besch\u00fctzen!<\/h2>\n<ul>\n<li><strong>Deckt perfekt ab<\/strong>\u00a0deinen Reisepass.<\/li>\n<li>Ideal gegen Spritzwasser und Sturzgefahr.<\/li>\n<li>Zusammensetzung: Synthetisch.<\/li>\n<\/ul>","protected":false},"excerpt":{"rendered":"<p>&nbsp; Sch\u00fctze deinen Reisepass mit den Farben unseres legend\u00e4ren Waldtieres. Er wird perfekt sein, um dich in alle Ecken der Welt zu begleiten und zu besch\u00fctzen! Deckt deinen Reisepass perfekt ab. Ideal gegen die Gefahr von Spritzern und St\u00fcrzen. Zusammensetzung: Synthetik.<\/p>","protected":false},"featured_media":13277,"comment_status":"open","ping_status":"closed","template":"","meta":{"_kad_blocks_custom_css":"","_kad_blocks_head_custom_js":"","_kad_blocks_body_custom_js":"","_kad_blocks_footer_custom_js":"","_kad_post_transparent":"","_kad_post_title":"","_kad_post_layout":"","_kad_post_sidebar_id":"","_kad_post_content_style":"","_kad_post_vertical_padding":"","_kad_post_feature":"","_kad_post_feature_position":"","_kad_post_header":false,"_kad_post_footer":false,"_kad_post_classname":""},"product_brand":[385],"product_cat":[618,395],"product_tag":[227],"class_list":{"0":"post-7677","1":"product","2":"type-product","3":"status-publish","4":"has-post-thumbnail","6":"product_brand-velartrip","7":"product_cat-accessoires-pour-valise","8":"product_cat-protege-passeports","9":"product_tag-licorne","11":"first","12":"instock","13":"taxable","14":"shipping-taxable","15":"purchasable","16":"product-type-simple","17":"entry","18":"content-bg","19":"loop-entry"},"taxonomy_info":{"product_brand":[{"value":385,"label":"VelarTrip"}],"product_cat":[{"value":618,"label":"Accessoires pour Valise"},{"value":395,"label":"Prot\u00e8ge-Passeports"}],"product_tag":[{"value":227,"label":"Licorne"}]},"featured_image_src_large":["https:\/\/velartrip.com\/wp-content\/uploads\/2022\/04\/57-3.jpg",800,800,false],"author_info":[],"comment_info":5,"_links":{"self":[{"href":"https:\/\/velartrip.com\/de\/wp-json\/wp\/v2\/product\/7677","targetHints":{"allow":["GET"]}}],"collection":[{"href":"https:\/\/velartrip.com\/de\/wp-json\/wp\/v2\/product"}],"about":[{"href":"https:\/\/velartrip.com\/de\/wp-json\/wp\/v2\/types\/product"}],"replies":[{"embeddable":true,"href":"https:\/\/velartrip.com\/de\/wp-json\/wp\/v2\/comments?post=7677"}],"wp:featuredmedia":[{"embeddable":true,"href":"https:\/\/velartrip.com\/de\/wp-json\/wp\/v2\/media\/13277"}],"wp:attachment":[{"href":"https:\/\/velartrip.com\/de\/wp-json\/wp\/v2\/media?parent=7677"}],"wp:term":[{"taxonomy":"product_brand","embeddable":true,"href":"https:\/\/velartrip.com\/de\/wp-json\/wp\/v2\/product_brand?post=7677"},{"taxonomy":"product_cat","embeddable":true,"href":"https:\/\/velartrip.com\/de\/wp-json\/wp\/v2\/product_cat?post=7677"},{"taxonomy":"product_tag","embeddable":true,"href":"https:\/\/velartrip.com\/de\/wp-json\/wp\/v2\/product_tag?post=7677"}],"curies":[{"name":"wp","href":"https:\/\/api.w.org\/{rel}","templated":true}]}}