{"id":7704,"date":"2020-08-22T16:51:44","date_gmt":"2020-08-22T16:51:44","guid":{"rendered":"https:\/\/velartrip.com\/?product=bracelet-avion-br-aero-pink"},"modified":"2024-12-04T09:30:30","modified_gmt":"2024-12-04T08:30:30","slug":"bracelet-avion-rose","status":"publish","type":"product","link":"https:\/\/velartrip.com\/de\/accessoires-lifestyle\/bracelets-avion\/bracelet-avion-rose\/","title":{"rendered":"Armband Flugzeug Aero Pink"},"content":{"rendered":"<p>&nbsp;<\/p>\n<h2>Mit unserem Aero Pink Armband verleihst du deinem Alltag einen eleganten und femininen Stil.<\/h2>\n<ul>\n<li>Unisex.<\/li>\n<li><strong>Nylonseil<\/strong><strong>\u00a0:\u00a0<\/strong>f\u00fcr eine l\u00e4ngere Haltbarkeit im Laufe der Zeit.<\/li>\n<li>Flugzeug in\u00a0<strong>Zinklegierung<\/strong>\u00a0: bringt mehr Leichtigkeit.<\/li>\n<li>Keine Form von Unbehagen auf der Haut.<\/li>\n<\/ul>\n<ul>\n<li><strong>KOSTENLOSER STANDARDVERSAND<\/strong><\/li>\n<\/ul>\n<p>\u2708\ufe0f Um \u00f6fter damit zu reisen, vermeide den Kontakt mit Wasser. \ud83d\udca6<\/p>","protected":false},"excerpt":{"rendered":"<p>&nbsp; Zeigen Sie mit unserem Armband Aero Pink jeden Tag einen eleganten und femininen Stil. Unisex. Nylonseil: f\u00fcr eine l\u00e4ngere Haltbarkeit. Flugzeuge aus Zinklegierung: sorgen f\u00fcr mehr Leichtigkeit. Kein unangenehmes Hautgef\u00fchl. KOSTENLOSER STANDARDVERSAND \u2708\ufe0f Um \u00f6fter zu reisen, vermeiden Sie jeglichen Kontakt mit Wasser\u2026.<\/p>","protected":false},"featured_media":13264,"comment_status":"open","ping_status":"closed","template":"","meta":{"_kad_blocks_custom_css":"","_kad_blocks_head_custom_js":"","_kad_blocks_body_custom_js":"","_kad_blocks_footer_custom_js":"","_kad_post_transparent":"","_kad_post_title":"","_kad_post_layout":"","_kad_post_sidebar_id":"","_kad_post_content_style":"","_kad_post_vertical_padding":"","_kad_post_feature":"","_kad_post_feature_position":"","_kad_post_header":false,"_kad_post_footer":false,"_kad_post_classname":""},"product_brand":[385],"product_cat":[390,405],"product_tag":[261],"class_list":{"0":"post-7704","1":"product","2":"type-product","3":"status-publish","4":"has-post-thumbnail","6":"product_brand-velartrip","7":"product_cat-bracelets-avion","8":"product_cat-accessoires-lifestyle","9":"product_tag-aero","11":"first","12":"instock","13":"taxable","14":"shipping-taxable","15":"purchasable","16":"product-type-variable","17":"entry","18":"content-bg","19":"loop-entry"},"taxonomy_info":{"product_brand":[{"value":385,"label":"VelarTrip"}],"product_cat":[{"value":390,"label":"Bracelets Avion"},{"value":405,"label":"Accessoires Lifestyle"}],"product_tag":[{"value":261,"label":"Aero"}]},"featured_image_src_large":["https:\/\/velartrip.com\/wp-content\/uploads\/2022\/04\/32-1.jpg",800,800,false],"author_info":[],"comment_info":4,"_links":{"self":[{"href":"https:\/\/velartrip.com\/de\/wp-json\/wp\/v2\/product\/7704","targetHints":{"allow":["GET"]}}],"collection":[{"href":"https:\/\/velartrip.com\/de\/wp-json\/wp\/v2\/product"}],"about":[{"href":"https:\/\/velartrip.com\/de\/wp-json\/wp\/v2\/types\/product"}],"replies":[{"embeddable":true,"href":"https:\/\/velartrip.com\/de\/wp-json\/wp\/v2\/comments?post=7704"}],"wp:featuredmedia":[{"embeddable":true,"href":"https:\/\/velartrip.com\/de\/wp-json\/wp\/v2\/media\/13264"}],"wp:attachment":[{"href":"https:\/\/velartrip.com\/de\/wp-json\/wp\/v2\/media?parent=7704"}],"wp:term":[{"taxonomy":"product_brand","embeddable":true,"href":"https:\/\/velartrip.com\/de\/wp-json\/wp\/v2\/product_brand?post=7704"},{"taxonomy":"product_cat","embeddable":true,"href":"https:\/\/velartrip.com\/de\/wp-json\/wp\/v2\/product_cat?post=7704"},{"taxonomy":"product_tag","embeddable":true,"href":"https:\/\/velartrip.com\/de\/wp-json\/wp\/v2\/product_tag?post=7704"}],"curies":[{"name":"wp","href":"https:\/\/api.w.org\/{rel}","templated":true}]}}