{"id":7770,"date":"2020-08-22T17:00:11","date_gmt":"2020-08-22T17:00:11","guid":{"rendered":"https:\/\/velartrip.com\/?product=bracelet-avion-br-aero-blue"},"modified":"2024-12-04T09:30:19","modified_gmt":"2024-12-04T08:30:19","slug":"bracelet-avion-bleu","status":"publish","type":"product","link":"https:\/\/velartrip.com\/de\/accessoires-lifestyle\/bracelets-avion\/bracelet-avion-bleu\/","title":{"rendered":"Armband Flugzeug Aero Blue"},"content":{"rendered":"<p>&nbsp;<\/p>\n<h2>Unser Aero Blue Armband f\u00fcr alle, die nie lange im selben Land bleiben!<\/h2>\n<ul>\n<li>Unisex.<\/li>\n<li><strong>Nylonseil<\/strong><strong>\u00a0:\u00a0<\/strong>f\u00fcr eine l\u00e4ngere Haltbarkeit im Laufe der Zeit.<\/li>\n<li>Flugzeug in\u00a0<strong>Zinklegierung<\/strong>\u00a0: bringt ein Plus\u00a0<span style=\"text-decoration: underline;\">gro\u00dfe Leichtigkeit.<\/span><\/li>\n<li>Keine Form von Unbehagen auf der Haut.<\/li>\n<\/ul>\n<ul>\n<li><strong>KOSTENLOSER STANDARDVERSAND<\/strong><\/li>\n<\/ul>\n<p>\u2708\ufe0f Um \u00f6fter damit zu reisen, vermeide den Kontakt mit Wasser. \ud83d\udca6<\/p>","protected":false},"excerpt":{"rendered":"<p>&nbsp; Notre bracelet Aero Blue destin\u00e9 \u00e0 toutes les personnes qui ne restent jamais longtemps dans le m\u00eame pays ! Unisexe. Corde en nylon\u00a0:\u00a0pour une plus grande durabilit\u00e9 dans le temps. Avion en\u00a0alliage de zinc\u00a0: apportant une plus\u00a0grande l\u00e9g\u00e8ret\u00e9. Aucune forme de g\u00eane sur la peau. LIVRAISON STANDARD OFFERTE \u2708\ufe0f\u00a0 Pour voyager plus souvent avec,&#8230;<\/p>","protected":false},"featured_media":13259,"comment_status":"open","ping_status":"closed","template":"","meta":{"_kad_blocks_custom_css":"","_kad_blocks_head_custom_js":"","_kad_blocks_body_custom_js":"","_kad_blocks_footer_custom_js":"","_kad_post_transparent":"","_kad_post_title":"","_kad_post_layout":"","_kad_post_sidebar_id":"","_kad_post_content_style":"","_kad_post_vertical_padding":"","_kad_post_feature":"","_kad_post_feature_position":"","_kad_post_header":false,"_kad_post_footer":false,"_kad_post_classname":""},"product_brand":[385],"product_cat":[390,405],"product_tag":[261],"class_list":{"0":"post-7770","1":"product","2":"type-product","3":"status-publish","4":"has-post-thumbnail","6":"product_brand-velartrip","7":"product_cat-bracelets-avion","8":"product_cat-accessoires-lifestyle","9":"product_tag-aero","11":"first","12":"instock","13":"taxable","14":"shipping-taxable","15":"purchasable","16":"product-type-variable","17":"entry","18":"content-bg","19":"loop-entry"},"taxonomy_info":{"product_brand":[{"value":385,"label":"VelarTrip"}],"product_cat":[{"value":390,"label":"Bracelets Avion"},{"value":405,"label":"Accessoires Lifestyle"}],"product_tag":[{"value":261,"label":"Aero"}]},"featured_image_src_large":["https:\/\/velartrip.com\/wp-content\/uploads\/2022\/04\/37-1.jpg",800,800,false],"author_info":[],"comment_info":4,"_links":{"self":[{"href":"https:\/\/velartrip.com\/de\/wp-json\/wp\/v2\/product\/7770","targetHints":{"allow":["GET"]}}],"collection":[{"href":"https:\/\/velartrip.com\/de\/wp-json\/wp\/v2\/product"}],"about":[{"href":"https:\/\/velartrip.com\/de\/wp-json\/wp\/v2\/types\/product"}],"replies":[{"embeddable":true,"href":"https:\/\/velartrip.com\/de\/wp-json\/wp\/v2\/comments?post=7770"}],"wp:featuredmedia":[{"embeddable":true,"href":"https:\/\/velartrip.com\/de\/wp-json\/wp\/v2\/media\/13259"}],"wp:attachment":[{"href":"https:\/\/velartrip.com\/de\/wp-json\/wp\/v2\/media?parent=7770"}],"wp:term":[{"taxonomy":"product_brand","embeddable":true,"href":"https:\/\/velartrip.com\/de\/wp-json\/wp\/v2\/product_brand?post=7770"},{"taxonomy":"product_cat","embeddable":true,"href":"https:\/\/velartrip.com\/de\/wp-json\/wp\/v2\/product_cat?post=7770"},{"taxonomy":"product_tag","embeddable":true,"href":"https:\/\/velartrip.com\/de\/wp-json\/wp\/v2\/product_tag?post=7770"}],"curies":[{"name":"wp","href":"https:\/\/api.w.org\/{rel}","templated":true}]}}