{"id":7781,"date":"2020-08-22T17:01:06","date_gmt":"2020-08-22T17:01:06","guid":{"rendered":"https:\/\/velartrip.com\/?product=bracelet-avion-br-aero-yellow"},"modified":"2024-12-04T09:30:19","modified_gmt":"2024-12-04T08:30:19","slug":"bracelet-avion-jaune","status":"publish","type":"product","link":"https:\/\/velartrip.com\/de\/accessoires-lifestyle\/bracelets-avion\/bracelet-avion-jaune\/","title":{"rendered":"Armband Flugzeug Aero Yellow"},"content":{"rendered":"<p><meta charset=\"utf-8\"><\/p>\n<h2>Die sanfte, warme Sonne wiegt deine Reise in den Schlaf. Es gibt nichts Besseres als eine so leuchtende Farbe wie Gelb, um diesen CHILL-Modus zu verl\u00e4ngern.\u00a0<\/h2>\n<ul>\n<li>Unisex.<\/li>\n<li>\n<span><strong>Nylonseil<\/strong><\/span><strong><span>\u00a0<\/span>:<span>\u00a0<\/span><\/strong>f\u00fcr eine l\u00e4ngere Haltbarkeit im Laufe der Zeit.<\/li>\n<li>\n<span>Flugzeug in\u00a0<strong>Zinklegierung<\/strong><\/span><span>\u00a0<\/span>: bringt ein Plus\u00a0<span style=\"text-decoration: underline;\">gro\u00dfe Leichtigkeit.<\/span>\n<\/li>\n<li>Keine Form von Unbehagen auf der Haut.<\/li>\n<\/ul>\n<ul>\n<li><strong>KOSTENLOSER STANDARDVERSAND<\/strong><\/li>\n<\/ul>\n<p>\u2708\ufe0f Um \u00f6fter damit zu reisen, vermeide den Kontakt mit Wasser. \ud83d\udca6<\/p>","protected":false},"excerpt":{"rendered":"<p>Die Sanftheit der warmen Sonne beruhigt Ihre Reise, und nichts ist besser geeignet als eine leuchtende Farbe wie Gelb, um diesen CHILL-Modus zu verl\u00e4ngern. Unisex. Nylonseil: f\u00fcr eine l\u00e4ngere Haltbarkeit. Flugzeuge aus Zinklegierung: sorgen f\u00fcr mehr Leichtigkeit. Kein unangenehmes Hautgef\u00fchl. KOSTENLOSER STANDARDVERSAND \u2708\ufe0f F\u00fcr unterwegs\u2026<\/p>","protected":false},"featured_media":13262,"comment_status":"open","ping_status":"closed","template":"","meta":{"_kad_blocks_custom_css":"","_kad_blocks_head_custom_js":"","_kad_blocks_body_custom_js":"","_kad_blocks_footer_custom_js":"","_kad_post_transparent":"","_kad_post_title":"","_kad_post_layout":"","_kad_post_sidebar_id":"","_kad_post_content_style":"","_kad_post_vertical_padding":"","_kad_post_feature":"","_kad_post_feature_position":"","_kad_post_header":false,"_kad_post_footer":false,"_kad_post_classname":""},"product_brand":[385],"product_cat":[405,390],"product_tag":[261],"class_list":{"0":"post-7781","1":"product","2":"type-product","3":"status-publish","4":"has-post-thumbnail","6":"product_brand-velartrip","7":"product_cat-accessoires-lifestyle","8":"product_cat-bracelets-avion","9":"product_tag-aero","11":"first","12":"instock","13":"taxable","14":"shipping-taxable","15":"purchasable","16":"product-type-variable","17":"entry","18":"content-bg","19":"loop-entry"},"taxonomy_info":{"product_brand":[{"value":385,"label":"VelarTrip"}],"product_cat":[{"value":405,"label":"Accessoires Lifestyle"},{"value":390,"label":"Bracelets Avion"}],"product_tag":[{"value":261,"label":"Aero"}]},"featured_image_src_large":["https:\/\/velartrip.com\/wp-content\/uploads\/2022\/04\/34-1.jpg",800,800,false],"author_info":[],"comment_info":4,"_links":{"self":[{"href":"https:\/\/velartrip.com\/de\/wp-json\/wp\/v2\/product\/7781","targetHints":{"allow":["GET"]}}],"collection":[{"href":"https:\/\/velartrip.com\/de\/wp-json\/wp\/v2\/product"}],"about":[{"href":"https:\/\/velartrip.com\/de\/wp-json\/wp\/v2\/types\/product"}],"replies":[{"embeddable":true,"href":"https:\/\/velartrip.com\/de\/wp-json\/wp\/v2\/comments?post=7781"}],"wp:featuredmedia":[{"embeddable":true,"href":"https:\/\/velartrip.com\/de\/wp-json\/wp\/v2\/media\/13262"}],"wp:attachment":[{"href":"https:\/\/velartrip.com\/de\/wp-json\/wp\/v2\/media?parent=7781"}],"wp:term":[{"taxonomy":"product_brand","embeddable":true,"href":"https:\/\/velartrip.com\/de\/wp-json\/wp\/v2\/product_brand?post=7781"},{"taxonomy":"product_cat","embeddable":true,"href":"https:\/\/velartrip.com\/de\/wp-json\/wp\/v2\/product_cat?post=7781"},{"taxonomy":"product_tag","embeddable":true,"href":"https:\/\/velartrip.com\/de\/wp-json\/wp\/v2\/product_tag?post=7781"}],"curies":[{"name":"wp","href":"https:\/\/api.w.org\/{rel}","templated":true}]}}