{"id":7797,"date":"2020-08-22T17:25:37","date_gmt":"2020-08-22T17:25:37","guid":{"rendered":"https:\/\/velartrip.com\/?product=bracelet-manchette-br-nido-sea"},"modified":"2024-12-04T09:30:13","modified_gmt":"2024-12-04T08:30:13","slug":"bracelet-manchette-turquoise","status":"publish","type":"product","link":"https:\/\/velartrip.com\/de\/accessoires-lifestyle\/bracelets-avion\/bracelet-manchette-turquoise\/","title":{"rendered":"Nido Sea Manschetten-Armband"},"content":{"rendered":"<h2>Die wundersch\u00f6nen Farben der Ozeane des indonesischen Archipels sind jetzt mit unserem Nido Sea Manschettenarmband auch an deinem Handgelenk vertreten.<\/h2>\n<ul>\n<li><strong>Lederseile<\/strong><strong>\u00a0und Baumwolle :\u00a0<\/strong>f\u00fcr eine l\u00e4ngere Haltbarkeit im Laufe der Zeit.<\/li>\n<li>Motive in\u00a0<strong>Zinklegierung<\/strong>\u00a0: bringt ein Plus <span style=\"text-decoration: underline;\">gro\u00dfe Leichtigkeit<\/span>.<\/li>\n<li>Keine Form von Unbehagen auf der Haut.<\/li>\n<\/ul>\n<ul>\n<li><strong>KOSTENLOSER STANDARDVERSAND<\/strong><\/li>\n<\/ul>\n<p>\u2708\ufe0f Um \u00f6fter damit zu reisen, vermeide den Kontakt mit Wasser. \ud83d\udca6<\/p>","protected":false},"excerpt":{"rendered":"<p>Les couleurs magnifiques des oc\u00e9ans de l&rsquo;archipel Indon\u00e9sien sont d\u00e9sormais repr\u00e9sent\u00e9es \u00e0 ton poignet avec notre bracelet manchette Nido Sea. Cordes en cuir\u00a0et coton\u00a0:\u00a0pour une plus grande durabilit\u00e9 dans le temps. Motifs\u00a0en\u00a0alliage de zinc\u00a0: apportant une plus grande l\u00e9g\u00e8ret\u00e9. Aucune forme de g\u00eane sur la peau. LIVRAISON STANDARD OFFERTE \u2708\ufe0f\u00a0 Pour voyager plus souvent avec,&#8230;<\/p>","protected":false},"featured_media":13231,"comment_status":"open","ping_status":"closed","template":"","meta":{"_kad_blocks_custom_css":"","_kad_blocks_head_custom_js":"","_kad_blocks_body_custom_js":"","_kad_blocks_footer_custom_js":"","_kad_post_transparent":"","_kad_post_title":"","_kad_post_layout":"","_kad_post_sidebar_id":"","_kad_post_content_style":"","_kad_post_vertical_padding":"","_kad_post_feature":"","_kad_post_feature_position":"","_kad_post_header":false,"_kad_post_footer":false,"_kad_post_classname":""},"product_brand":[385],"product_cat":[390,405],"product_tag":[95],"class_list":{"0":"post-7797","1":"product","2":"type-product","3":"status-publish","4":"has-post-thumbnail","6":"product_brand-velartrip","7":"product_cat-bracelets-avion","8":"product_cat-accessoires-lifestyle","9":"product_tag-avion","11":"first","12":"instock","13":"taxable","14":"shipping-taxable","15":"purchasable","16":"product-type-simple","17":"entry","18":"content-bg","19":"loop-entry"},"taxonomy_info":{"product_brand":[{"value":385,"label":"VelarTrip"}],"product_cat":[{"value":390,"label":"Bracelets Avion"},{"value":405,"label":"Accessoires Lifestyle"}],"product_tag":[{"value":95,"label":"Avion"}]},"featured_image_src_large":["https:\/\/velartrip.com\/wp-content\/uploads\/2022\/04\/4000820546932_images_626be8d03712f_3.jpg",800,800,false],"author_info":[],"comment_info":4,"_links":{"self":[{"href":"https:\/\/velartrip.com\/de\/wp-json\/wp\/v2\/product\/7797","targetHints":{"allow":["GET"]}}],"collection":[{"href":"https:\/\/velartrip.com\/de\/wp-json\/wp\/v2\/product"}],"about":[{"href":"https:\/\/velartrip.com\/de\/wp-json\/wp\/v2\/types\/product"}],"replies":[{"embeddable":true,"href":"https:\/\/velartrip.com\/de\/wp-json\/wp\/v2\/comments?post=7797"}],"wp:featuredmedia":[{"embeddable":true,"href":"https:\/\/velartrip.com\/de\/wp-json\/wp\/v2\/media\/13231"}],"wp:attachment":[{"href":"https:\/\/velartrip.com\/de\/wp-json\/wp\/v2\/media?parent=7797"}],"wp:term":[{"taxonomy":"product_brand","embeddable":true,"href":"https:\/\/velartrip.com\/de\/wp-json\/wp\/v2\/product_brand?post=7797"},{"taxonomy":"product_cat","embeddable":true,"href":"https:\/\/velartrip.com\/de\/wp-json\/wp\/v2\/product_cat?post=7797"},{"taxonomy":"product_tag","embeddable":true,"href":"https:\/\/velartrip.com\/de\/wp-json\/wp\/v2\/product_tag?post=7797"}],"curies":[{"name":"wp","href":"https:\/\/api.w.org\/{rel}","templated":true}]}}