{"id":7804,"date":"2020-08-22T17:25:48","date_gmt":"2020-08-22T17:25:48","guid":{"rendered":"https:\/\/velartrip.com\/?product=bracelet-manchette-br-blue-point"},"modified":"2024-12-04T09:30:06","modified_gmt":"2024-12-04T08:30:06","slug":"bracelet-manchette-bleu","status":"publish","type":"product","link":"https:\/\/velartrip.com\/de\/accessoires-lifestyle\/bracelets-avion\/bracelet-manchette-bleu\/","title":{"rendered":"Blue Point Manschetten-Armband"},"content":{"rendered":"<p><meta charset=\"utf-8\"><\/p>\n<h2>Wasser ist dein Element? Die tiefen Farben unseres Blue Point Manschettenarmbands sind ideal f\u00fcr all deine Alltagsabenteuer!<\/h2>\n<ul>\n<li>\n<span><strong>Leder- und Baumwollseile<\/strong><\/span><strong><span>\u00a0<\/span>:<span>\u00a0<\/span><\/strong>f\u00fcr eine l\u00e4ngere Haltbarkeit im Laufe der Zeit.<\/li>\n<li>\n<span>Motive in\u00a0<strong>Zinklegierung<\/strong><\/span><span>\u00a0<\/span>: bringt ein Plus<span>\u00a0<\/span><span>gro\u00dfe Leichtigkeit<\/span>.<\/li>\n<li>Keine Form von Unbehagen auf der Haut.<\/li>\n<\/ul>\n<ul>\n<li><strong>KOSTENLOSER STANDARDVERSAND<\/strong><\/li>\n<\/ul>\n<p>\u2708\ufe0f Um \u00f6fter damit zu reisen, vermeide den Kontakt mit Wasser. \ud83d\udca6<\/p>","protected":false},"excerpt":{"rendered":"<p>L&rsquo;eau est ton \u00e9l\u00e9ment ? Les couleurs profondes de notre bracelet manchette Blue Point seront id\u00e9als pour toutes tes aventures du quotidien ! Cordes en cuir et en coton\u00a0:\u00a0pour une plus grande durabilit\u00e9 dans le temps. Motifs\u00a0en\u00a0alliage de zinc\u00a0: apportant une plus\u00a0grande l\u00e9g\u00e8ret\u00e9. Aucune forme de g\u00eane sur la peau. LIVRAISON STANDARD OFFERTE \u2708\ufe0f\u00a0 Pour&#8230;<\/p>","protected":false},"featured_media":13234,"comment_status":"open","ping_status":"closed","template":"","meta":{"_kad_blocks_custom_css":"","_kad_blocks_head_custom_js":"","_kad_blocks_body_custom_js":"","_kad_blocks_footer_custom_js":"","_kad_post_transparent":"","_kad_post_title":"","_kad_post_layout":"","_kad_post_sidebar_id":"","_kad_post_content_style":"","_kad_post_vertical_padding":"","_kad_post_feature":"","_kad_post_feature_position":"","_kad_post_header":false,"_kad_post_footer":false,"_kad_post_classname":""},"product_brand":[385],"product_cat":[405,390],"product_tag":[95],"class_list":{"0":"post-7804","1":"product","2":"type-product","3":"status-publish","4":"has-post-thumbnail","6":"product_brand-velartrip","7":"product_cat-accessoires-lifestyle","8":"product_cat-bracelets-avion","9":"product_tag-avion","11":"first","12":"instock","13":"taxable","14":"shipping-taxable","15":"purchasable","16":"product-type-simple","17":"entry","18":"content-bg","19":"loop-entry"},"taxonomy_info":{"product_brand":[{"value":385,"label":"VelarTrip"}],"product_cat":[{"value":405,"label":"Accessoires Lifestyle"},{"value":390,"label":"Bracelets Avion"}],"product_tag":[{"value":95,"label":"Avion"}]},"featured_image_src_large":["https:\/\/velartrip.com\/wp-content\/uploads\/2022\/04\/4000820546932_images_626be8d03712f_6.jpg",800,800,false],"author_info":[],"comment_info":4,"_links":{"self":[{"href":"https:\/\/velartrip.com\/de\/wp-json\/wp\/v2\/product\/7804","targetHints":{"allow":["GET"]}}],"collection":[{"href":"https:\/\/velartrip.com\/de\/wp-json\/wp\/v2\/product"}],"about":[{"href":"https:\/\/velartrip.com\/de\/wp-json\/wp\/v2\/types\/product"}],"replies":[{"embeddable":true,"href":"https:\/\/velartrip.com\/de\/wp-json\/wp\/v2\/comments?post=7804"}],"wp:featuredmedia":[{"embeddable":true,"href":"https:\/\/velartrip.com\/de\/wp-json\/wp\/v2\/media\/13234"}],"wp:attachment":[{"href":"https:\/\/velartrip.com\/de\/wp-json\/wp\/v2\/media?parent=7804"}],"wp:term":[{"taxonomy":"product_brand","embeddable":true,"href":"https:\/\/velartrip.com\/de\/wp-json\/wp\/v2\/product_brand?post=7804"},{"taxonomy":"product_cat","embeddable":true,"href":"https:\/\/velartrip.com\/de\/wp-json\/wp\/v2\/product_cat?post=7804"},{"taxonomy":"product_tag","embeddable":true,"href":"https:\/\/velartrip.com\/de\/wp-json\/wp\/v2\/product_tag?post=7804"}],"curies":[{"name":"wp","href":"https:\/\/api.w.org\/{rel}","templated":true}]}}