{"id":7856,"date":"2020-10-09T18:12:33","date_gmt":"2020-10-09T18:12:33","guid":{"rendered":"https:\/\/velartrip.com\/?product=housse-de-valise-br-astronaute"},"modified":"2024-12-04T09:30:07","modified_gmt":"2024-12-04T08:30:07","slug":"housse-valise-astronaute","status":"publish","type":"product","link":"https:\/\/velartrip.com\/de\/accessoires-pour-valise\/housse-de-valise\/housse-valise-astronaute\/","title":{"rendered":"Astronauten-Kofferh\u00fclle"},"content":{"rendered":"<h2>Hast du dich schon einmal gefragt, was sich \u00fcber den Wolken befindet? Alles in allem wird dich unsere Astronauten-Kofferh\u00fclle mit schlichter Eleganz in den Weltraum bef\u00f6rdern.<\/h2>\n<ul>\n<li><strong><span style=\"text-decoration: underline;\">Passt in 99% der Koffer<\/span> <\/strong>auf 2 oder 4 R\u00e4dern.<\/li>\n<li><strong>Zwei Er\u00f6ffnungen geplant<\/strong> f\u00fcr den Teleskopgriff und\/oder den einfachen Griff.<\/li>\n<li>Kein Risiko mehr, dass die Sachen gestohlen werden, <strong>die Rei\u00dfverschl\u00fcsse gesch\u00fctzt sind<\/strong> durch unseren Bezug<\/li>\n<li>Schluss mit Einweg-Plastikfolien zu horrenden Preisen. Unsere Schutzh\u00fcllen machen sich schon bei der ersten Reise bezahlt.<\/li>\n<li><strong>Bei 30\u00b0C waschbar und wiederverwendbar<\/strong>wird es dem Planeten besser gehen! \u267b\ufe0f<\/li>\n<\/ul>\n<p style=\"text-align: center;\">\ud83d\udccf Orientieren Sie sich an der Gr\u00f6\u00dfentabelle, um Ihre Kofferh\u00fclle am besten nach der Gr\u00f6\u00dfe auszuw\u00e4hlen \ud83d\udccf.<\/p>\n<p class=\"p1\">Sind Sie skeptisch, was die Verwendung einer Kofferh\u00fclle betrifft? Sie sind sich nicht sicher, ob Ihr Koffer mit diesem Zubeh\u00f6r kompatibel sein wird?<\/p>\n<p class=\"p2\">Wir sind auf dieses Thema spezialisiert und werden Ihnen im Folgenden alles erkl\u00e4ren!<\/p>\n<h2 class=\"p2\">Welchen Nutzen hat eine Schutzh\u00fclle f\u00fcr einen Koffer?<\/h2>\n<p class=\"p2\">Wir wissen, dass bei mehr als 36,7 Millionen Fl\u00fcgen pro Jahr die Sicherheit Ihres Gep\u00e4cks L\u00fccken aufweisen kann...<\/p>\n<p class=\"p2\">Im besten Fall wird Ihr <strong>Koffer<\/strong> kann sein<strong> einfach missbraucht<\/strong>Im schlimmsten Fall k\u00f6nnten Sie zwei gro\u00dfen Risiken ausgesetzt sein:<\/p>\n<ul class=\"ul1\">\n<li class=\"li1\">Die <strong>Flug<\/strong> von Ihren pers\u00f6nlichen Sachen<\/li>\n<li class=\"li1\">Die <strong>Verlust<\/strong> Ihres Gep\u00e4cks<\/li>\n<\/ul>\n<p class=\"p1\">Wir von VelarTrip wollen nicht, dass das passiert!<\/p>\n<p class=\"p2\">Aus diesem Grund finden Sie heute die gr\u00f6\u00dfte Auswahl an Kofferh\u00fcllen aus Polyester auf dem Markt.<\/p>\n<h3 class=\"p2\">Warum haben wir uns f\u00fcr Polyester entschieden?<\/h3>\n<p class=\"p2\">Ganz einfach, weil es bis heute das <strong>sicherstes Material<\/strong> und am flexibelsten, um sich an 95% Koffergr\u00f6\u00dfen anzupassen.<\/p>\n<p class=\"p2\">Ein weiterer Vorteil ist, dass der <strong>Polyester<\/strong> ist ein Material, das <strong>kann gewaschen werden<\/strong> Sie sparen also viel Geld im Vergleich zu denjenigen, die Plastikfolien verwenden!<\/p>\n<h3 class=\"p2\">Kann mein Koffer mithilfe einer Ihrer Schutzh\u00fcllen gesichert werden?<\/h3>\n<p class=\"p2\">Wenn Sie eine <strong>Hartschalenkoffer mit 4 R\u00e4dern<\/strong> sowie einen Teleskopgriff hat, ist die Chance gro\u00df, dass Ihr Koffer kompatibel ist!<\/p>\n<p class=\"p2\">Reisetaschen und Rucks\u00e4cke hingegen sind nicht anpassungsf\u00e4hig<\/p>\n<p class=\"p2\">Um mehr zu erfahren, vertrauen Sie bitte auf <span style=\"text-decoration: underline;\"><a title=\"Gr\u00f6\u00dfenf\u00fchrer\" href=\"https:\/\/velartrip.com\/wp-content\/uploads\/2021\/05\/Guide-des-tailles-velartrip.png\" target=\"_blank\" rel=\"noopener\">unser Gr\u00f6\u00dfenratgeber<\/a><\/span> die Ma\u00dfe Ihres Koffers und vor allem, ob sich Ihr Seitengriff auf der linken Seite befindet, da einige Modelle m\u00f6glicherweise nicht passen.<\/p>\n<h3 class=\"p2\">Konkret: Wie wird mein Koffer gesch\u00fctzt?<\/h3>\n<p class=\"p2\">Die Kofferh\u00fclle wird von oben \u00fcbergezogen und kann aus Rei\u00dfverschl\u00fcssen und Gurten bestehen, um einen<strong> sicherer Halt<\/strong> w\u00e4hrend der gesamten Reise.<\/p>\n<p class=\"p2\">Sobald der Vorgang abgeschlossen ist, wird Ihr Koffer <strong>100% gesch\u00fctzt<\/strong> gegen St\u00f6\u00dfe und Kratzer.<\/p>\n<p>&nbsp;<\/p>\n<h2 style=\"text-align: center;\"><span style=\"color: #ec7f01;\">Warum sollte man sich f\u00fcr eine Kofferh\u00fclle entscheiden?<\/span><\/h2>\n<p class=\"p1\">Sind Sie skeptisch, was die Verwendung einer Kofferh\u00fclle betrifft? Sie sind sich nicht sicher, ob Ihr <strong>Koffer wird kompatibel sein<\/strong> mit diesem Zubeh\u00f6r?<\/p>\n<p class=\"p2\">Wir sind auf dieses Thema spezialisiert und werden Ihnen im Folgenden alles erkl\u00e4ren!<\/p>\n<p>&nbsp;<\/p>\n<p>Wir wissen es: Mit \u00fcber 36,7 Millionen Fl\u00fcgen pro Jahr <strong>die Sicherheit Ihres Gep\u00e4cks<\/strong> kann L\u00fccken haben...<\/p>\n<div style=\"text-align: left;\"><img decoding=\"async\" style=\"float: none;\" src=\"https:\/\/velartrip.com\/wp-content\/uploads\/content\/bagages_dechires.jpg\" alt=\"besch\u00e4digte Koffer\" \/><\/div>\n<p>Wenn Sie m\u00f6chten :<\/p>\n<ul>\n<li><strong>Sch\u00fctzen<\/strong> Ihre <strong>pers\u00f6nliche Angelegenheiten<\/strong> effektiv<\/li>\n<li><strong>Abschreckung<\/strong> der <strong>Diebstahlversuche<\/strong><\/li>\n<li><strong>Identifizieren<\/strong> leichter <strong>Ihr Koffer<\/strong> auf dem Gep\u00e4ckkarussell<\/li>\n<\/ul>\n<p>Dann ist eine Kofferh\u00fclle genau das Richtige f\u00fcr Sie! Mit ihr ist Schluss mit :<\/p>\n<ul>\n<li>Ge\u00f6ffnete Koffer bei der Ankunft<\/li>\n<li>Die zerkratzten, eingedr\u00fcckten oder zerrissenen Koffer<\/li>\n<\/ul>\n<p>Der Frachtraum eines Flugzeugs wird f\u00fcr Sie ab sofort kein Problem mehr sein!<\/p>\n<h3><\/h3>\n<h3><span style=\"text-decoration: underline;\">Warum haben wir uns f\u00fcr Polyester entschieden?<\/span><\/h3>\n<p class=\"p2\">Ganz einfach, weil es bis heute das <strong>sicherstes Material<\/strong> und am flexibelsten f\u00fcr <strong>passend zu 99%<\/strong> Koffergr\u00f6\u00dfen.<\/p>\n<p class=\"p2\">Ein weiterer Vorteil ist, dass der <strong>Polyester<\/strong> ist ein Material, das <strong>kann gewaschen werden<\/strong> Sie sparen also viel Geld im Vergleich zu denjenigen, die Plastikfolien verwenden!<\/p>\n<p class=\"p2\">Denn zur Information: F\u00fcr einen Hin- und R\u00fcckflug kostet eine Plastikfolie genauso viel wie eine Kofferh\u00fclle...<\/p>\n<p class=\"p2\">Ihre <strong>Der Bezug ist umweltfreundlich und nachhaltig.<\/strong><\/p>\n<div style=\"text-align: left;\"><img decoding=\"async\" style=\"float: none;\" src=\"https:\/\/velartrip.com\/wp-content\/uploads\/content\/films_plastiques_ou_housses_de_valise.png\" alt=\"Plastikfolien oder Kofferh\u00fcllen\" \/><\/div>\n<h3 class=\"p2\"><\/h3>\n<h3 class=\"p2\"><\/h3>\n<h3 class=\"p2\"><span style=\"text-decoration: underline;\">Passt mein Koffer zu einer Ihrer Schutzh\u00fcllen?<\/span><\/h3>\n<p class=\"p2\">Wenn Sie eine <strong>Hartschalenkoffer mit 2 oder 4 R\u00e4dern<\/strong> sowie einen Teleskopgriff hat, ist die Chance gro\u00df, dass Ihr Koffer kompatibel ist!<\/p>\n<p class=\"p2\">Reisetaschen und Rucks\u00e4cke hingegen sind nicht anpassungsf\u00e4hig.<\/p>\n<p class=\"p2\">Um mehr zu erfahren, vertrauen Sie bitte auf <span style=\"text-decoration: underline;\"><a title=\"Gr\u00f6\u00dfenf\u00fchrer\" href=\"https:\/\/velartrip.com\/wp-content\/uploads\/2021\/05\/Guide-des-tailles-velartrip.png\" target=\"_blank\" rel=\"noopener\">unser Gr\u00f6\u00dfenratgeber<\/a><\/span> um die richtigen, Ihrem Koffer entsprechenden Ma\u00dfe zu w\u00e4hlen und vor allem zu \u00fcberpr\u00fcfen, ob <strong>Ihr Seitengriff befindet sich auf der linken Seite<\/strong>Einige Modelle sind nur f\u00fcr gerade Griffe geeignet.<\/p>\n<div style=\"text-align: left;\"><img decoding=\"async\" style=\"float: none;\" src=\"https:\/\/velartrip.com\/wp-content\/uploads\/content\/poignees_valises.png\" alt=\"Koffergriffe\" \/><\/div>\n<h3 class=\"p2\"><span style=\"text-decoration: underline;\">Wie wird mein Koffer konkret gesch\u00fctzt? <\/span><\/h3>\n<p class=\"p2\">Die Kofferh\u00fclle <strong>wird von oben eingef\u00e4delt<\/strong>Wenn Sie sich nicht sicher sind, ob Ihr Kind in der Lage ist, sich zu bewegen, k\u00f6nnen Sie es mit Rei\u00dfverschl\u00fcssen und Riemen versehen, um einen sicheren Transport zu gew\u00e4hrleisten.<strong> sicherer Halt<\/strong> w\u00e4hrend der gesamten Reise.<\/p>\n<p class=\"p2\">In <strong>weniger als 30 Sekunden<\/strong>Ihr Koffer wird <strong>100% gesch\u00fctzt.<\/strong><\/p>\n<p class=\"p2\">Wenn Sie m\u00f6chten, k\u00f6nnen Sie <span style=\"text-decoration: underline;\"><a title=\"tuto kofferbezug\" href=\"https:\/\/vimeo.com\/454561460\" target=\"_blank\" rel=\"noopener\">entdecken Sie unser Tutorial, wie Sie Ihre H\u00fclle an Ihren Koffer anpassen k\u00f6nnen<\/a>.<\/span><\/p>\n<ul>\n<li><\/li>\n<\/ul>","protected":false},"excerpt":{"rendered":"<p>T&rsquo;es-tu d\u00e9j\u00e0 demand\u00e9 ce qu&rsquo;il y avait au-dessus des nuages ? Globalement, notre Housse De Valise Astronaute te propulsera dans l&rsquo;espace tout en \u00e9l\u00e9gance et en simplicit\u00e9. S&rsquo;adapte \u00e0 99% des valises \u00e0 2 ou 4 roues. Deux ouvertures pr\u00e9vues pour la poign\u00e9e t\u00e9lescopique et\/o\u00f9 la poign\u00e9e simple. Plus de risques de se faire voler&#8230;<\/p>","protected":false},"featured_media":12411,"comment_status":"open","ping_status":"closed","template":"","meta":{"_kad_blocks_custom_css":"","_kad_blocks_head_custom_js":"","_kad_blocks_body_custom_js":"","_kad_blocks_footer_custom_js":"","_kad_post_transparent":"","_kad_post_title":"","_kad_post_layout":"","_kad_post_sidebar_id":"","_kad_post_content_style":"","_kad_post_vertical_padding":"","_kad_post_feature":"","_kad_post_feature_position":"","_kad_post_header":false,"_kad_post_footer":false,"_kad_post_classname":""},"product_brand":[385],"product_cat":[392,618],"product_tag":[165],"class_list":{"0":"post-7856","1":"product","2":"type-product","3":"status-publish","4":"has-post-thumbnail","6":"product_brand-velartrip","7":"product_cat-housse-de-valise","8":"product_cat-accessoires-pour-valise","9":"product_tag-compatible-toutes-poignees","11":"first","12":"instock","13":"taxable","14":"shipping-taxable","15":"purchasable","16":"product-type-variable","17":"entry","18":"content-bg","19":"loop-entry"},"taxonomy_info":{"product_brand":[{"value":385,"label":"VelarTrip"}],"product_cat":[{"value":392,"label":"Housses De Valise"},{"value":618,"label":"Accessoires pour Valise"}],"product_tag":[{"value":165,"label":"Compatible toutes poign\u00e9es"}]},"featured_image_src_large":["https:\/\/velartrip.com\/wp-content\/uploads\/2020\/10\/housse-de-valise-astronaute.jpg",800,800,false],"author_info":[],"comment_info":5,"_links":{"self":[{"href":"https:\/\/velartrip.com\/de\/wp-json\/wp\/v2\/product\/7856","targetHints":{"allow":["GET"]}}],"collection":[{"href":"https:\/\/velartrip.com\/de\/wp-json\/wp\/v2\/product"}],"about":[{"href":"https:\/\/velartrip.com\/de\/wp-json\/wp\/v2\/types\/product"}],"replies":[{"embeddable":true,"href":"https:\/\/velartrip.com\/de\/wp-json\/wp\/v2\/comments?post=7856"}],"wp:featuredmedia":[{"embeddable":true,"href":"https:\/\/velartrip.com\/de\/wp-json\/wp\/v2\/media\/12411"}],"wp:attachment":[{"href":"https:\/\/velartrip.com\/de\/wp-json\/wp\/v2\/media?parent=7856"}],"wp:term":[{"taxonomy":"product_brand","embeddable":true,"href":"https:\/\/velartrip.com\/de\/wp-json\/wp\/v2\/product_brand?post=7856"},{"taxonomy":"product_cat","embeddable":true,"href":"https:\/\/velartrip.com\/de\/wp-json\/wp\/v2\/product_cat?post=7856"},{"taxonomy":"product_tag","embeddable":true,"href":"https:\/\/velartrip.com\/de\/wp-json\/wp\/v2\/product_tag?post=7856"}],"curies":[{"name":"wp","href":"https:\/\/api.w.org\/{rel}","templated":true}]}}