{"id":7998,"date":"2021-01-08T08:50:20","date_gmt":"2021-01-08T08:50:20","guid":{"rendered":"https:\/\/velartrip.com\/?product=bouteille-isotherme-intelligente-br-atlantique"},"modified":"2024-12-04T09:29:55","modified_gmt":"2024-12-04T08:29:55","slug":"bouteille-isotherme-intelligente","status":"publish","type":"product","link":"https:\/\/velartrip.com\/de\/accessoires-pratiques\/bouteille-isotherme-intelligente\/","title":{"rendered":"Intelligente Isotherm-Flasche Atlantik"},"content":{"rendered":"<h2>Werden Sie zu einem umweltbewussten Reisenden, indem Sie Ihre Plastikflaschen durch eine Atlantik Intelligent Isotherm Bottle ersetzen.<\/h2>\n<ul>\n<li><span style=\"text-decoration: underline;\"><strong>500 ml Fassungsverm\u00f6gen<\/strong><\/span> genug, um seinen Durst zu stillen!<\/li>\n<li>Ihre Getr\u00e4nke <strong>werden immer die richtige Temperatur haben<\/strong> dank unseres intelligenten digitalen Sensors<\/li>\n<li>Tee, Wasser, Kaffee... Alle Ihre <strong>Lieblingsgetr\u00e4nke sind kompatibel<\/strong> mit unserer Feldflasche.<\/li>\n<li>Schluss mit der Gefahr zu st\u00fcrzen! Unsere Flaschen sind mit einem <strong>sch\u00fctzender Silikongriff<\/strong>.<\/li>\n<li>Sind Sie ein Teeliebhaber? Ein <strong>Edelstahlfilter<\/strong> ist in unserer Flasche enthalten.<\/li>\n<li>5 Jahre Nonstop-Reisen mit seiner <strong>langlebige Batterie<\/strong> (nachtr\u00e4glich austauschbar)<\/li>\n<li><strong><span style=\"text-decoration: underline;\">Kein Risiko f\u00fcr Ihre Gesundheit<\/span><\/strong> mit unserer lebensmittelechten Edelstahlverarbeitung im Inneren der Flasche.<\/li>\n<li><strong>12 Stunden konstante W\u00e4rme<\/strong> f\u00fcr Ihren Lieblingskaffee oder -tee<\/li>\n<\/ul>\n<p><span style=\"text-decoration: underline;\">Merkmale<\/span> :<\/p>\n<ul>\n<li>H\u00f6he: 23,5 cm<\/li>\n<li>Breite: 6,5 cm<\/li>\n<\/ul>\n<h2 style=\"text-align: center;\"><span style=\"color: #db7c46;\">Warum sollte man mit einer Atlantik-K\u00fchlflasche reisen?<\/span><\/h2>\n<p>Sie wissen nicht, ob dieses Produkt f\u00fcr Sie n\u00fctzlich sein wird? Sie verstehen den Nutzen einer Isolierflasche nicht?<\/p>\n<p>Wenn das der Fall ist, keine Panik, wir erkl\u00e4ren Ihnen alles. Wenn Sie noch mehr wissen wollen, k\u00f6nnen Sie sich unseren Blogartikel \u00fcber die<a href=\"https:\/\/velartrip.com\/de\/prendre-gourde-avion\/\">ie Regeln f\u00fcr Trinkflaschen im Flugzeug.<\/a><\/p>\n<p>In einem ersten Schritt, wenn Sie :<\/p>\n<p>\u2705 <strong>Bis zu 468 \u20ac sparen<\/strong> Einwegplastikflaschen pro Jahr.<\/p>\n<p>\u2705 Ihren Kaffee oder Tee l\u00e4nger als 2 Stunden hei\u00df halten k\u00f6nnen.<\/p>\n<p>\u2705 Aufh\u00f6ren <strong>giftige Substanzen trinken<\/strong> aus Kunststoff.<\/p>\n<p>\u2705 <strong>Begrenzen Sie Ihre \u00f6kologischen Auswirkungen<\/strong> auf dem Planeten mit einer Reduzierung von etwa 1000 Plastikflaschen pro Jahr.<\/p>\n<p>\u2705 <strong>Die Welt bewahren<\/strong> von morgen f\u00fcr Ihre Familie.<\/p>\n<p>Dann ist dieses Produkt genau das Richtige f\u00fcr Sie!<\/p>\n<h3>Kann ich mit meiner Isolierflasche durch die Sicherheitskontrollen gehen?<\/h3>\n<p>Ja, selbstverst\u00e4ndlich! Sie sollten jedoch darauf achten, dass sie zu diesem Zeitpunkt leer ist<span style=\"font-family: -apple-system, BlinkMacSystemFont, 'San Francisco', 'Segoe UI', Roboto, 'Helvetica Neue', sans-serif; font-size: 1.4em;\">.<\/span><\/p>\n<h3>Warum haben Sie sich f\u00fcr lebensmittelechte Isolierflaschen aus rostfreiem Stahl entschieden?<\/h3>\n<p>Viel haltbarer als Plastik- oder Bambusflaschen, wird deine Flasche aus rostfreiem Stahl dich auf all deinen Abenteuern rund um den Globus begleiten.<\/p>\n<h3>Wie reinige ich meine Isolierflasche?<\/h3>\n<p>Nach jedem Gebrauch empfehlen wir Ihnen, eine Silikonb\u00fcrste zu verwenden, um alle verbleibenden R\u00fcckst\u00e4nde und Ablagerungen zu entfernen.<\/p>\n<h3>Wie funktioniert der intelligente Sensor zur Temperaturkontrolle?<\/h3>\n<p>Um ihn zu bedienen, klopfst du einfach auf den Deckel der Flasche und die Temperatur deines Getr\u00e4nks erscheint.<\/p>","protected":false},"excerpt":{"rendered":"<p>Werden Sie ein umweltfreundlicher Reisender, indem Sie Ihre Plastikflaschen durch eine Atlantic Smart Insulated Bottle ersetzen. 500 ml Fassungsverm\u00f6gen zum Durstl\u00f6schen! Dank unseres intelligenten digitalen Sensors haben Ihre Getr\u00e4nke immer die richtige Temperatur. Tee, Wasser, Kaffee ... Alle Ihre Lieblingsgetr\u00e4nke sind mit unserer Flasche kompatibel. Keine Risiken mehr durch\u2026<\/p>","protected":false},"featured_media":13179,"comment_status":"open","ping_status":"closed","template":"","meta":{"_kad_blocks_custom_css":"","_kad_blocks_head_custom_js":"","_kad_blocks_body_custom_js":"","_kad_blocks_footer_custom_js":"","_kad_post_transparent":"","_kad_post_title":"","_kad_post_layout":"","_kad_post_sidebar_id":"","_kad_post_content_style":"","_kad_post_vertical_padding":"","_kad_post_feature":"","_kad_post_feature_position":"","_kad_post_header":false,"_kad_post_footer":false,"_kad_post_classname":""},"product_brand":[385],"product_cat":[386],"product_tag":[],"class_list":{"0":"post-7998","1":"product","2":"type-product","3":"status-publish","4":"has-post-thumbnail","6":"product_brand-velartrip","7":"product_cat-accessoires-pratiques","9":"first","10":"instock","11":"taxable","12":"shipping-taxable","13":"purchasable","14":"product-type-variable","15":"entry","16":"content-bg","17":"loop-entry"},"taxonomy_info":{"product_brand":[{"value":385,"label":"VelarTrip"}],"product_cat":[{"value":386,"label":"Accessoires Pratiques"}]},"featured_image_src_large":["https:\/\/velartrip.com\/wp-content\/uploads\/2022\/04\/6-3.jpg",800,800,false],"author_info":[],"comment_info":6,"_links":{"self":[{"href":"https:\/\/velartrip.com\/de\/wp-json\/wp\/v2\/product\/7998","targetHints":{"allow":["GET"]}}],"collection":[{"href":"https:\/\/velartrip.com\/de\/wp-json\/wp\/v2\/product"}],"about":[{"href":"https:\/\/velartrip.com\/de\/wp-json\/wp\/v2\/types\/product"}],"replies":[{"embeddable":true,"href":"https:\/\/velartrip.com\/de\/wp-json\/wp\/v2\/comments?post=7998"}],"wp:featuredmedia":[{"embeddable":true,"href":"https:\/\/velartrip.com\/de\/wp-json\/wp\/v2\/media\/13179"}],"wp:attachment":[{"href":"https:\/\/velartrip.com\/de\/wp-json\/wp\/v2\/media?parent=7998"}],"wp:term":[{"taxonomy":"product_brand","embeddable":true,"href":"https:\/\/velartrip.com\/de\/wp-json\/wp\/v2\/product_brand?post=7998"},{"taxonomy":"product_cat","embeddable":true,"href":"https:\/\/velartrip.com\/de\/wp-json\/wp\/v2\/product_cat?post=7998"},{"taxonomy":"product_tag","embeddable":true,"href":"https:\/\/velartrip.com\/de\/wp-json\/wp\/v2\/product_tag?post=7998"}],"curies":[{"name":"wp","href":"https:\/\/api.w.org\/{rel}","templated":true}]}}