{"id":8068,"date":"2021-01-09T10:07:52","date_gmt":"2021-01-09T10:07:52","guid":{"rendered":"https:\/\/velartrip.com\/?product=bouteille-isotherme-br-mediterranee"},"modified":"2024-12-04T09:29:44","modified_gmt":"2024-12-04T08:29:44","slug":"bouteille-isotherme-tasse","status":"publish","type":"product","link":"https:\/\/velartrip.com\/de\/accessoires-pratiques\/bouteille-isotherme-tasse\/","title":{"rendered":"Isotherme Flasche Mittelmeer"},"content":{"rendered":"<h2>Du m\u00f6chtest dir den Komfort bewahren, dein Getr\u00e4nk \u00fcberall auf der Welt aus einer Tasse zu genie\u00dfen?<br \/>\nEntdecke jetzt unsere Mittelmeer-K\u00fchlflasche<\/h2>\n<ul>\n<li><span style=\"text-decoration: underline;\"> <strong>420 ml oder 580 ml<\/strong><\/span>Du hast die Wahl!<\/li>\n<li><strong>Ein tassenf\u00f6rmiger Deckel mit einem Henkel<\/strong> um seinen Tee wie zu Hause zu genie\u00dfen.<\/li>\n<li>Tee, Wasser, Kaffee... Alle Ihre\u00a0<strong>Lieblingsgetr\u00e4nke sind kompatibel<\/strong>\u00a0mit unserer Feldflasche.<\/li>\n<li>Schluss mit der Gefahr zu st\u00fcrzen! Unsere Flaschen sind mit einem\u00a0<strong>sch\u00fctzender Silikongriff<\/strong>.<\/li>\n<li><strong><span style=\"text-decoration: underline;\">Kein Risiko f\u00fcr Ihre Gesundheit<\/span><\/strong>\u00a0mit unserer lebensmittelechten Edelstahlverarbeitung im Inneren der Flasche.<\/li>\n<li><strong>12 Stunden konstante W\u00e4rme<\/strong>\u00a0f\u00fcr Ihren Lieblingskaffee oder -tee<\/li>\n<\/ul>\n<p><span style=\"text-decoration: underline;\">Merkmale<\/span> :<\/p>\n<p>420 ml: 20,8 cm X 6,8 cm<\/p>\n<p>580 ml: 25,3 cm X 6,8 cm<\/p>\n<h2 style=\"text-align: center;\"><span style=\"color: #db7c46;\">Warum sollte man mit einer Mittelmeer-K\u00fchlflasche reisen?<\/span><\/h2>\n<p>Sie wissen nicht, ob dieses Produkt f\u00fcr Sie n\u00fctzlich sein wird? Sie verstehen den Nutzen einer Isolierflasche nicht?<\/p>\n<p>Wenn das der Fall ist, keine Panik, wir erkl\u00e4ren Ihnen alles.<\/p>\n<p>In einem ersten Schritt, wenn Sie :<\/p>\n<p>\u2705\u00a0<strong>Bis zu 468 \u20ac sparen<\/strong>\u00a0Einwegplastikflaschen pro Jahr.<\/p>\n<p>\u2705 Ihren Kaffee oder Tee l\u00e4nger als 2 Stunden hei\u00df halten k\u00f6nnen.<\/p>\n<p>\u2705 Aufh\u00f6ren\u00a0<strong>giftige Substanzen trinken<\/strong>\u00a0aus Kunststoff.<\/p>\n<p>\u2705\u00a0<strong>Begrenzen Sie Ihre \u00f6kologischen Auswirkungen<\/strong>\u00a0auf dem Planeten mit einer Reduzierung von etwa 1000 Plastikflaschen pro Jahr.<\/p>\n<p>\u2705\u00a0<strong>Die Welt bewahren<\/strong>\u00a0von morgen f\u00fcr Ihre Familie.<\/p>\n<p>Dann ist dieses Produkt genau das Richtige f\u00fcr Sie!<\/p>\n<h3>Kann ich mit meiner Isolierflasche durch die Sicherheitskontrollen gehen?<\/h3>\n<p>Ja, nat\u00fcrlich! Sie sollten jedoch darauf achten, dass sie zu diesem Zeitpunkt leer ist.<\/p>\n<h3>Warum haben Sie sich f\u00fcr lebensmittelechte Isolierflaschen aus rostfreiem Stahl entschieden?<\/h3>\n<p>Viel haltbarer als Plastik- oder Bambusflaschen, wird deine Flasche aus rostfreiem Stahl dich auf all deinen Abenteuern rund um den Globus begleiten.<\/p>\n<h3>Wie reinige ich meine Isolierflasche?<\/h3>\n<p>Nach jedem Gebrauch empfehlen wir Ihnen, eine Silikonb\u00fcrste zu verwenden, um alle verbleibenden R\u00fcckst\u00e4nde und Ablagerungen zu entfernen.<\/p>\n<h3>Wie funktioniert der intelligente Sensor zur Temperaturkontrolle?<\/h3>\n<p>Um ihn zu bedienen, klopfst du einfach auf den Deckel der Flasche und die Temperatur deines Getr\u00e4nks erscheint.<\/p>","protected":false},"excerpt":{"rendered":"<p>M\u00f6chten Sie Ihr Getr\u00e4nk bequem \u00fcberall auf der Welt aus einer Tasse genie\u00dfen k\u00f6nnen? Entdecken Sie jetzt unsere mediterrane Isolierflasche 420 ml oder 580 ml, Sie haben die Wahl! Ein becherf\u00f6rmiger Deckel mit Henkel f\u00fcr den Teegenuss wie zu Hause. Tee, Wasser, Kaffee \u2026 Alle Ihre Lieblingsgetr\u00e4nke \u2026<\/p>","protected":false},"featured_media":13172,"comment_status":"open","ping_status":"closed","template":"","meta":{"_kad_blocks_custom_css":"","_kad_blocks_head_custom_js":"","_kad_blocks_body_custom_js":"","_kad_blocks_footer_custom_js":"","_kad_post_transparent":"","_kad_post_title":"","_kad_post_layout":"","_kad_post_sidebar_id":"","_kad_post_content_style":"","_kad_post_vertical_padding":"","_kad_post_feature":"","_kad_post_feature_position":"","_kad_post_header":false,"_kad_post_footer":false,"_kad_post_classname":""},"product_brand":[385],"product_cat":[386,388],"product_tag":[],"class_list":{"0":"post-8068","1":"product","2":"type-product","3":"status-publish","4":"has-post-thumbnail","6":"product_brand-velartrip","7":"product_cat-accessoires-pratiques","8":"product_cat-nouveautes","10":"first","11":"instock","12":"taxable","13":"shipping-taxable","14":"purchasable","15":"product-type-variable","16":"entry","17":"content-bg","18":"loop-entry"},"taxonomy_info":{"product_brand":[{"value":385,"label":"VelarTrip"}],"product_cat":[{"value":386,"label":"Accessoires Pratiques"},{"value":388,"label":"Nouveaut\u00e9s"}]},"featured_image_src_large":["https:\/\/velartrip.com\/wp-content\/uploads\/2022\/04\/2-4.jpg",800,800,false],"author_info":[],"comment_info":7,"_links":{"self":[{"href":"https:\/\/velartrip.com\/de\/wp-json\/wp\/v2\/product\/8068","targetHints":{"allow":["GET"]}}],"collection":[{"href":"https:\/\/velartrip.com\/de\/wp-json\/wp\/v2\/product"}],"about":[{"href":"https:\/\/velartrip.com\/de\/wp-json\/wp\/v2\/types\/product"}],"replies":[{"embeddable":true,"href":"https:\/\/velartrip.com\/de\/wp-json\/wp\/v2\/comments?post=8068"}],"wp:featuredmedia":[{"embeddable":true,"href":"https:\/\/velartrip.com\/de\/wp-json\/wp\/v2\/media\/13172"}],"wp:attachment":[{"href":"https:\/\/velartrip.com\/de\/wp-json\/wp\/v2\/media?parent=8068"}],"wp:term":[{"taxonomy":"product_brand","embeddable":true,"href":"https:\/\/velartrip.com\/de\/wp-json\/wp\/v2\/product_brand?post=8068"},{"taxonomy":"product_cat","embeddable":true,"href":"https:\/\/velartrip.com\/de\/wp-json\/wp\/v2\/product_cat?post=8068"},{"taxonomy":"product_tag","embeddable":true,"href":"https:\/\/velartrip.com\/de\/wp-json\/wp\/v2\/product_tag?post=8068"}],"curies":[{"name":"wp","href":"https:\/\/api.w.org\/{rel}","templated":true}]}}