{"id":8088,"date":"2021-01-11T10:23:56","date_gmt":"2021-01-11T10:23:56","guid":{"rendered":"https:\/\/velartrip.com\/?product=kit-voyage-br-johannesbourg"},"modified":"2024-12-04T09:29:43","modified_gmt":"2024-12-04T08:29:43","slug":"kit-voyage-flacons","status":"publish","type":"product","link":"https:\/\/velartrip.com\/de\/accessoires-pratiques\/kit-voyage-flacons\/","title":{"rendered":"Reisepaket Johannesburg"},"content":{"rendered":"<p><meta charset=\"utf-8\"><\/p>\n<h2 data-mce-fragment=\"1\">Ihre Sch\u00f6nheitsprodukte werden dank der 6 leeren Flaschen, aus denen unser Johannesburg Travel Kit besteht, ohne Einschr\u00e4nkungen die Grenzen \u00fcberqueren.<\/h2>\n<h3 data-mce-fragment=\"1\">Warum sollten Sie unser Johannesburg-Flugreisenpaket nehmen?<\/h3>\n<p data-mce-fragment=\"1\">Wenn Sie zu den Reisenden geh\u00f6ren, die :\u00a0<\/p>\n<ul data-mce-fragment=\"1\">\n<li data-mce-fragment=\"1\">F\u00fchren Sie im Flugzeug einen Kulturbeutel mit sich.<\/li>\n<li data-mce-fragment=\"1\">\n<strong data-mce-fragment=\"1\">Keine Risiken mehr eingehen<\/strong><span data-mce-fragment=\"1\">\u00a0<\/span>sich<span data-mce-fragment=\"1\">\u00a0<\/span><strong data-mce-fragment=\"1\">beschlagnahmen<\/strong><span data-mce-fragment=\"1\">\u00a0<\/span>eines ihrer Kosmetika w\u00e4hrend der Sicherheitskontrollen.<\/li>\n<li data-mce-fragment=\"1\">Eine haben<span data-mce-fragment=\"1\">\u00a0<\/span><strong data-mce-fragment=\"1\">angepasster Kulturbeutel<\/strong><span data-mce-fragment=\"1\">\u00a0<\/span>auf Langstreckenfl\u00fcgen.\u00a0<\/li>\n<li data-mce-fragment=\"1\">Alles Notwendige bei sich haben, um<span data-mce-fragment=\"1\">\u00a0<\/span><strong data-mce-fragment=\"1\">eine einwandfreie Hygiene bewahren<\/strong><span data-mce-fragment=\"1\">\u00a0<\/span>selbst bei einer Zeitverschiebung von +6 Stunden.<\/li>\n<\/ul>\n<p data-mce-fragment=\"1\">Dann ist unser Kulturbeutel genau das Richtige f\u00fcr Sie! \u2708\ufe0f<\/p>\n<p data-mce-fragment=\"1\">Die<span data-mce-fragment=\"1\">\u00a0<\/span><strong data-mce-fragment=\"1\">Vorteile<\/strong><span data-mce-fragment=\"1\">\u00a0<\/span>unseren<span data-mce-fragment=\"1\">\u00a0<\/span><strong data-mce-fragment=\"1\">Reise-Set<\/strong><span data-mce-fragment=\"1\"> Johannesburg<\/span>\u00a0sind die folgenden:<\/p>\n<ul data-mce-fragment=\"1\">\n<li data-mce-fragment=\"1\">\n<strong data-mce-fragment=\"1\">Nachhaltig und wiederverwertbar<\/strong><span data-mce-fragment=\"1\">\u00a0<\/span>f\u00fcr alle Ihre Reisen.<\/li>\n<li data-mce-fragment=\"1\">Kompatibel mit<span data-mce-fragment=\"1\">\u00a0<\/span><strong data-mce-fragment=\"1\">jeder Reisestil<\/strong><span data-mce-fragment=\"1\">\u00a0<\/span>dank seiner<span data-mce-fragment=\"1\">\u00a0<\/span><strong data-mce-fragment=\"1\">Sturzfestigkeit<\/strong><span data-mce-fragment=\"1\">\u00a0<\/span>und Staub.<\/li>\n<li data-mce-fragment=\"1\">Eine komplette K\u00f6rperpflege, die angepasst ist an<span data-mce-fragment=\"1\">\u00a0<\/span><span data-mce-fragment=\"1\"><strong data-mce-fragment=\"1\">6 Reisefl\u00e4schchen\u00a0<\/strong><\/span>\n<\/li>\n<li data-mce-fragment=\"1\">\n<strong data-mce-fragment=\"1\">3 Werkzeuge<\/strong><span data-mce-fragment=\"1\">\u00a0<\/span>enthalten mit f\u00fcr<span data-mce-fragment=\"1\">\u00a0<\/span><strong data-mce-fragment=\"1\">auf Milliliter einstellen<\/strong><span data-mce-fragment=\"1\">\u00a0<\/span>bei Ihren Kosmetika (Trichter, Pipette &amp; Cremespatel)\u00a0 \u00a0<\/li>\n<\/ul>","protected":false},"excerpt":{"rendered":"<p>Dank unserer 6 leeren Flaschen, aus denen unser Johannesburg-Reiseset besteht, k\u00f6nnen Ihre Sch\u00f6nheitsprodukte die Grenzen ohne Einschr\u00e4nkungen passieren. Warum sollten Sie unser Set f\u00fcr Ihre Flugreisen nach Johannesburg mitnehmen? Wenn Sie zu den Reisenden geh\u00f6ren, die Folgendes m\u00f6chten: Nehmen Sie einen Kulturbeutel mit ins Flugzeug. Gehen Sie kein Risiko mehr ein \u2026<\/p>","protected":false},"featured_media":13298,"comment_status":"open","ping_status":"closed","template":"","meta":{"_kad_blocks_custom_css":"","_kad_blocks_head_custom_js":"","_kad_blocks_body_custom_js":"","_kad_blocks_footer_custom_js":"","_kad_post_transparent":"","_kad_post_title":"","_kad_post_layout":"","_kad_post_sidebar_id":"","_kad_post_content_style":"","_kad_post_vertical_padding":"","_kad_post_feature":"","_kad_post_feature_position":"","_kad_post_header":false,"_kad_post_footer":false,"_kad_post_classname":""},"product_brand":[385],"product_cat":[386,388],"product_tag":[],"class_list":{"0":"post-8088","1":"product","2":"type-product","3":"status-publish","4":"has-post-thumbnail","6":"product_brand-velartrip","7":"product_cat-accessoires-pratiques","8":"product_cat-nouveautes","10":"first","11":"instock","12":"taxable","13":"shipping-taxable","14":"purchasable","15":"product-type-simple","16":"entry","17":"content-bg","18":"loop-entry"},"taxonomy_info":{"product_brand":[{"value":385,"label":"VelarTrip"}],"product_cat":[{"value":386,"label":"Accessoires Pratiques"},{"value":388,"label":"Nouveaut\u00e9s"}]},"featured_image_src_large":["https:\/\/velartrip.com\/wp-content\/uploads\/2022\/04\/4000778079830_images_626d2f45507d1_1.webp",800,800,false],"author_info":[],"comment_info":6,"_links":{"self":[{"href":"https:\/\/velartrip.com\/de\/wp-json\/wp\/v2\/product\/8088","targetHints":{"allow":["GET"]}}],"collection":[{"href":"https:\/\/velartrip.com\/de\/wp-json\/wp\/v2\/product"}],"about":[{"href":"https:\/\/velartrip.com\/de\/wp-json\/wp\/v2\/types\/product"}],"replies":[{"embeddable":true,"href":"https:\/\/velartrip.com\/de\/wp-json\/wp\/v2\/comments?post=8088"}],"wp:featuredmedia":[{"embeddable":true,"href":"https:\/\/velartrip.com\/de\/wp-json\/wp\/v2\/media\/13298"}],"wp:attachment":[{"href":"https:\/\/velartrip.com\/de\/wp-json\/wp\/v2\/media?parent=8088"}],"wp:term":[{"taxonomy":"product_brand","embeddable":true,"href":"https:\/\/velartrip.com\/de\/wp-json\/wp\/v2\/product_brand?post=8088"},{"taxonomy":"product_cat","embeddable":true,"href":"https:\/\/velartrip.com\/de\/wp-json\/wp\/v2\/product_cat?post=8088"},{"taxonomy":"product_tag","embeddable":true,"href":"https:\/\/velartrip.com\/de\/wp-json\/wp\/v2\/product_tag?post=8088"}],"curies":[{"name":"wp","href":"https:\/\/api.w.org\/{rel}","templated":true}]}}