{"id":8100,"date":"2021-01-13T14:38:22","date_gmt":"2021-01-13T14:38:22","guid":{"rendered":"https:\/\/velartrip.com\/?product=porte-cles-gel-hydroalcoolique-br-baseball"},"modified":"2024-12-04T09:29:43","modified_gmt":"2024-12-04T08:29:43","slug":"porte-cles-gel-hydroalcoolique-baseball","status":"publish","type":"product","link":"https:\/\/velartrip.com\/de\/accessoires-lifestyle\/porte-cles-gel-hydroalcoolique\/porte-cles-gel-hydroalcoolique-baseball\/","title":{"rendered":"Schl\u00fcsselanh\u00e4nger Hydroalkoholisches Gel Baseball"},"content":{"rendered":"<h2>Nimm deinen Schl\u00e4ger und deinen Schl\u00fcsselanh\u00e4nger mit, bevor du rausgehst! \ud83e\udd4e<br \/>\n<\/h2>\n<ul>\n<li>Eine <strong>30-ml-Flasche <\/strong>lebenslang wiederverwendbar!\u00a0<\/li>\n<li>Ein Koffer, eine Handtasche, ein Schl\u00fcssel... Unser hydroalkoholischer Gelhalter <strong>passt sich \u00fcberall an<\/strong>\n<\/li>\n<li>W\u00e4hlen Sie einen <strong>Design, das zu Ihnen passt <\/strong>aus hochwertigem Neopren<\/li>\n<li>\n<span style=\"text-decoration: underline;\" data-mce-style=\"text-decoration: underline;\"><strong>Kompakt und leicht<\/strong><\/span>r, Schluss mit platzraubenden Fl\u00e4schchen!<\/li>\n<\/ul>\n<p><\/p>\n<p><span style=\"text-decoration: underline;\" data-mce-style=\"text-decoration: underline;\"><\/span><span style=\"text-decoration: underline;\" data-mce-style=\"text-decoration: underline;\">Abmessungen :<\/span> 10,16 x 5,6 cm<\/p>\n<p>\u26a0\ufe0f Die Flasche wird leer und ohne Fl\u00fcssigkeit geliefert.<\/p>\n<h2 style=\"text-align: center;\" data-mce-style=\"text-align: center;\"><span style=\"color: #82d5c7;\" data-mce-style=\"color: #82d5c7;\">\u00a0Warum sollte man sich f\u00fcr einen Hydroalkoholischen Gel-Schl\u00fcsselanh\u00e4nger entscheiden?<\/span><\/h2>\n<div style=\"text-align: left; padding-left: 30px;\" data-mce-style=\"text-align: left; padding-left: 30px;\">\u2705 Wenn Sie es satt haben, lange nach Ihrem hydroalkoholischen Gel in Ihrer Tasche zu suchen<\/div>\n<div style=\"text-align: left; padding-left: 30px;\" data-mce-style=\"text-align: left; padding-left: 30px;\">\u2705 Wenn Sie nicht<strong> es nicht mehr aushalten, das hydroalkoholische Gel aus den Gesch\u00e4ften zu verwenden<\/strong> wenn Sie einkaufen gehen\u00a0<\/div>\n<div style=\"text-align: left; padding-left: 30px;\" data-mce-style=\"text-align: left; padding-left: 30px;\">\u2705 Wenn Sie Design und praktische Dinge m\u00f6gen\u00a0<\/div>\n<div style=\"text-align: left; padding-left: 30px;\" data-mce-style=\"text-align: left; padding-left: 30px;\">\u2705 Wenn Sie reisen m\u00f6chten in <span style=\"text-decoration: underline;\" data-mce-style=\"text-decoration: underline;\"><a href=\"https:\/\/velartrip.com\/de\/prendre-gourde-avion\/\" title=\"Beschr\u00e4nkungen f\u00fcr Fl\u00fcssigkeiten im Flugzeug\" target=\"_blank\" rel=\"noopener\">die Beschr\u00e4nkungen f\u00fcr Fl\u00fcssigkeiten an Flugh\u00e4fen einhalten<\/a><\/span> ganz in\u00a0<strong>im Flugzeug auf eine gute Handhygiene achten<\/strong>\n<\/div>\n<div style=\"text-align: left; padding-left: 30px;\" data-mce-style=\"text-align: left; padding-left: 30px;\"><strong><\/strong><\/div>\n<div style=\"text-align: left; padding-left: 30px;\" data-mce-style=\"text-align: left; padding-left: 30px;\"><strong><\/strong><\/div>\n<div style=\"text-align: left; padding-left: 30px;\" data-mce-style=\"text-align: left; padding-left: 30px;\"><\/div>\n<p> Dann unsere Schl\u00fcsselanh\u00e4nger <strong>sind an Ihren Lebensstil angepasst<\/strong>. W\u00e4hlen Sie aus unserer gro\u00dfen Auswahl das Modell, das zu Ihnen passt.<\/p>","protected":false},"excerpt":{"rendered":"<p>Schnappen Sie sich Ihren Schl\u00e4ger und Ihren Schl\u00fcsselanh\u00e4nger, bevor Sie ausgehen! \ud83e\udd4e Eine 30-ml-Flasche, die ein Leben lang wiederverwendet werden kann! Ein Koffer, eine Handtasche, Schl\u00fcssel ... Unser Halter f\u00fcr hydroalkoholisches Gel passt \u00fcberall hin. W\u00e4hlen Sie ein Design, das zu Ihnen passt. \u00dcberragende Qualit\u00e4t aus Neopren. Kompakt und leicht, keine Flaschen mehr, die Platz wegnehmen! Abmessungen\u2026<\/p>","protected":false},"featured_media":13164,"comment_status":"open","ping_status":"closed","template":"","meta":{"_kad_blocks_custom_css":"","_kad_blocks_head_custom_js":"","_kad_blocks_body_custom_js":"","_kad_blocks_footer_custom_js":"","_kad_post_transparent":"","_kad_post_title":"","_kad_post_layout":"","_kad_post_sidebar_id":"","_kad_post_content_style":"","_kad_post_vertical_padding":"","_kad_post_feature":"","_kad_post_feature_position":"","_kad_post_header":false,"_kad_post_footer":false,"_kad_post_classname":""},"product_brand":[385],"product_cat":[405,400],"product_tag":[296],"class_list":{"0":"post-8100","1":"product","2":"type-product","3":"status-publish","4":"has-post-thumbnail","6":"product_brand-velartrip","7":"product_cat-accessoires-lifestyle","8":"product_cat-porte-cles-gel-hydroalcoolique","9":"product_tag-30-ml","11":"first","12":"instock","13":"taxable","14":"shipping-taxable","15":"purchasable","16":"product-type-simple","17":"entry","18":"content-bg","19":"loop-entry"},"taxonomy_info":{"product_brand":[{"value":385,"label":"VelarTrip"}],"product_cat":[{"value":405,"label":"Accessoires Lifestyle"},{"value":400,"label":"Porte-Cl\u00e9s Gel Hydroalcoolique"}],"product_tag":[{"value":296,"label":"30 ml"}]},"featured_image_src_large":["https:\/\/velartrip.com\/wp-content\/uploads\/2022\/04\/1005001909135302_images_626ae9209f268_1.webp",800,800,false],"author_info":[],"comment_info":3,"_links":{"self":[{"href":"https:\/\/velartrip.com\/de\/wp-json\/wp\/v2\/product\/8100","targetHints":{"allow":["GET"]}}],"collection":[{"href":"https:\/\/velartrip.com\/de\/wp-json\/wp\/v2\/product"}],"about":[{"href":"https:\/\/velartrip.com\/de\/wp-json\/wp\/v2\/types\/product"}],"replies":[{"embeddable":true,"href":"https:\/\/velartrip.com\/de\/wp-json\/wp\/v2\/comments?post=8100"}],"wp:featuredmedia":[{"embeddable":true,"href":"https:\/\/velartrip.com\/de\/wp-json\/wp\/v2\/media\/13164"}],"wp:attachment":[{"href":"https:\/\/velartrip.com\/de\/wp-json\/wp\/v2\/media?parent=8100"}],"wp:term":[{"taxonomy":"product_brand","embeddable":true,"href":"https:\/\/velartrip.com\/de\/wp-json\/wp\/v2\/product_brand?post=8100"},{"taxonomy":"product_cat","embeddable":true,"href":"https:\/\/velartrip.com\/de\/wp-json\/wp\/v2\/product_cat?post=8100"},{"taxonomy":"product_tag","embeddable":true,"href":"https:\/\/velartrip.com\/de\/wp-json\/wp\/v2\/product_tag?post=8100"}],"curies":[{"name":"wp","href":"https:\/\/api.w.org\/{rel}","templated":true}]}}