{"id":8153,"date":"2021-01-13T17:15:02","date_gmt":"2021-01-13T17:15:02","guid":{"rendered":"https:\/\/velartrip.com\/?product=porte-cles-gel-hydroalcoolique-br-marbre"},"modified":"2025-11-07T10:10:03","modified_gmt":"2025-11-07T09:10:03","slug":"porte-cles-gel-hydroalcoolique-marbre","status":"publish","type":"product","link":"https:\/\/velartrip.com\/de\/accessoires-lifestyle\/porte-cles-gel-hydroalcoolique\/porte-cles-gel-hydroalcoolique-marbre\/","title":{"rendered":"Schl\u00fcsselanh\u00e4nger Hydroalkoholisches Gel Marmor"},"content":{"rendered":"<h2>Die Sch\u00f6nheit des Marmors in f\u00fcnf Variationen f\u00fcr unseren Schl\u00fcsselanh\u00e4nger.<\/h2>\n<ul>\n<li>Eine <strong>30-ml-Flasche <\/strong>lebenslang wiederverwendbar!\u00a0<\/li>\n<li>Ein Koffer, eine Handtasche, ein Schl\u00fcssel... Unser hydroalkoholischer Gelhalter <strong>passt sich \u00fcberall an<\/strong>\n<\/li>\n<li>W\u00e4hlen Sie einen <strong>Design, das zu Ihnen passt <\/strong>aus hochwertigem Neopren<\/li>\n<li>\n<span style=\"text-decoration: underline;\" data-mce-style=\"text-decoration: underline;\"><strong>Kompakt und leicht<\/strong><\/span>r, Schluss mit platzraubenden Fl\u00e4schchen!<\/li>\n<\/ul>\n<p><\/p>\n<p><span style=\"text-decoration: underline;\" data-mce-style=\"text-decoration: underline;\"><\/span><span style=\"text-decoration: underline;\" data-mce-style=\"text-decoration: underline;\">Abmessungen :<\/span> 10,16 x 5,6 cm<\/p>\n<p>\u26a0\ufe0f Die Flasche wird leer und ohne Fl\u00fcssigkeit geliefert.<\/p>\n<h2 style=\"text-align: center;\" data-mce-style=\"text-align: center;\"><span style=\"color: #82d5c7;\" data-mce-style=\"color: #82d5c7;\">\u00a0Warum sollte man sich f\u00fcr einen Hydroalkoholischen Gel-Schl\u00fcsselanh\u00e4nger entscheiden?<\/span><\/h2>\n<div style=\"text-align: left; padding-left: 30px;\" data-mce-style=\"text-align: left; padding-left: 30px;\">\u2705 Wenn Sie es satt haben, lange nach Ihrem hydroalkoholischen Gel in Ihrer Tasche zu suchen<\/div>\n<div style=\"text-align: left; padding-left: 30px;\" data-mce-style=\"text-align: left; padding-left: 30px;\">\u2705 Wenn Sie nicht<strong> es nicht mehr aushalten, das hydroalkoholische Gel aus den Gesch\u00e4ften zu verwenden<\/strong> wenn Sie einkaufen gehen\u00a0<\/div>\n<div style=\"text-align: left; padding-left: 30px;\" data-mce-style=\"text-align: left; padding-left: 30px;\">\u2705 Wenn Sie Design und praktische Dinge m\u00f6gen\u00a0<\/div>\n<div style=\"text-align: left; padding-left: 30px;\" data-mce-style=\"text-align: left; padding-left: 30px;\">\u2705 Wenn Sie reisen m\u00f6chten in <span style=\"text-decoration: underline;\" data-mce-style=\"text-decoration: underline;\"><a href=\"https:\/\/velartrip.com\/de\/prendre-gourde-avion\/\" title=\"Beschr\u00e4nkungen f\u00fcr Fl\u00fcssigkeiten im Flugzeug\" target=\"_blank\" rel=\"noopener\">die Beschr\u00e4nkungen f\u00fcr Fl\u00fcssigkeiten an Flugh\u00e4fen einhalten<\/a><\/span> ganz in\u00a0<strong>im Flugzeug auf eine gute Handhygiene achten<\/strong>\n<\/div>\n<div style=\"text-align: left; padding-left: 30px;\" data-mce-style=\"text-align: left; padding-left: 30px;\"><strong><\/strong><\/div>\n<div style=\"text-align: left; padding-left: 30px;\" data-mce-style=\"text-align: left; padding-left: 30px;\"><strong><\/strong><\/div>\n<div style=\"text-align: left; padding-left: 30px;\" data-mce-style=\"text-align: left; padding-left: 30px;\"><\/div>\n<p> Dann unsere Schl\u00fcsselanh\u00e4nger <strong>sind an Ihren Lebensstil angepasst<\/strong>. W\u00e4hlen Sie aus unserer gro\u00dfen Auswahl das Modell, das zu Ihnen passt.<\/p>","protected":false},"excerpt":{"rendered":"<p>La beaut\u00e9 du Marbre repr\u00e9sent\u00e9e\u00a0en\u00a05 d\u00e9clinaisons\u00a0pour notre Porte-Cl\u00e9s. Un flacon\u00a0de 30\u2009ml r\u00e9utilisable \u00e0 vie !\u00a0 Une valise, un sac \u00e0 main, des cl\u00e9s&#8230; Notre porte-gel hydroalcoolique s&rsquo;adapte partout Choisissez un design qui vous correspond de qualit\u00e9 sup\u00e9rieure en N\u00e9opr\u00e8ne Compact et l\u00e9ger, finis les flacons qui prennent de la place ! Dimensions : 10,16 x&#8230;<\/p>","protected":false},"featured_media":13142,"comment_status":"open","ping_status":"closed","template":"","meta":{"_kad_blocks_custom_css":"","_kad_blocks_head_custom_js":"","_kad_blocks_body_custom_js":"","_kad_blocks_footer_custom_js":"","_kad_post_transparent":"","_kad_post_title":"","_kad_post_layout":"","_kad_post_sidebar_id":"","_kad_post_content_style":"","_kad_post_vertical_padding":"","_kad_post_feature":"","_kad_post_feature_position":"","_kad_post_header":false,"_kad_post_footer":false,"_kad_post_classname":""},"product_brand":[385],"product_cat":[405,400],"product_tag":[296],"class_list":{"0":"post-8153","1":"product","2":"type-product","3":"status-publish","4":"has-post-thumbnail","6":"product_brand-velartrip","7":"product_cat-accessoires-lifestyle","8":"product_cat-porte-cles-gel-hydroalcoolique","9":"product_tag-30-ml","11":"first","12":"instock","13":"taxable","14":"shipping-taxable","15":"purchasable","16":"product-type-variable","17":"entry","18":"content-bg","19":"loop-entry"},"taxonomy_info":{"product_brand":[{"value":385,"label":"VelarTrip"}],"product_cat":[{"value":405,"label":"Accessoires Lifestyle"},{"value":400,"label":"Porte-Cl\u00e9s Gel Hydroalcoolique"}],"product_tag":[{"value":296,"label":"30 ml"}]},"featured_image_src_large":["https:\/\/velartrip.com\/wp-content\/uploads\/2022\/04\/95.jpg",800,800,false],"author_info":[],"comment_info":4,"_links":{"self":[{"href":"https:\/\/velartrip.com\/de\/wp-json\/wp\/v2\/product\/8153","targetHints":{"allow":["GET"]}}],"collection":[{"href":"https:\/\/velartrip.com\/de\/wp-json\/wp\/v2\/product"}],"about":[{"href":"https:\/\/velartrip.com\/de\/wp-json\/wp\/v2\/types\/product"}],"replies":[{"embeddable":true,"href":"https:\/\/velartrip.com\/de\/wp-json\/wp\/v2\/comments?post=8153"}],"wp:featuredmedia":[{"embeddable":true,"href":"https:\/\/velartrip.com\/de\/wp-json\/wp\/v2\/media\/13142"}],"wp:attachment":[{"href":"https:\/\/velartrip.com\/de\/wp-json\/wp\/v2\/media?parent=8153"}],"wp:term":[{"taxonomy":"product_brand","embeddable":true,"href":"https:\/\/velartrip.com\/de\/wp-json\/wp\/v2\/product_brand?post=8153"},{"taxonomy":"product_cat","embeddable":true,"href":"https:\/\/velartrip.com\/de\/wp-json\/wp\/v2\/product_cat?post=8153"},{"taxonomy":"product_tag","embeddable":true,"href":"https:\/\/velartrip.com\/de\/wp-json\/wp\/v2\/product_tag?post=8153"}],"curies":[{"name":"wp","href":"https:\/\/api.w.org\/{rel}","templated":true}]}}