{"id":8238,"date":"2021-01-16T17:47:39","date_gmt":"2021-01-16T17:47:39","guid":{"rendered":"https:\/\/velartrip.com\/?product=porte-cles-gel-hydroalcoolique-br-puma-noir"},"modified":"2024-12-04T09:29:36","modified_gmt":"2024-12-04T08:29:36","slug":"porte-cles-gel-hydroalcoolique-puma-noir","status":"publish","type":"product","link":"https:\/\/velartrip.com\/de\/accessoires-lifestyle\/porte-cles-gel-hydroalcoolique\/porte-cles-gel-hydroalcoolique-puma-noir\/","title":{"rendered":"Schl\u00fcsselanh\u00e4nger Hydroalkoholisches Gel Puma Schwarz"},"content":{"rendered":"<h2>So elegant wie ein schwarzer Puma ist auch unser Hydroalkohol-Schl\u00fcsselanh\u00e4nger, der seine Farben zur Schau stellt.<\/h2>\n<ul>\n<li>Eine <strong>30-ml-Flasche <\/strong>lebenslang wiederverwendbar!<\/li>\n<li>Ein Koffer, eine Handtasche, ein Schl\u00fcssel... Unser hydroalkoholischer Gelhalter <strong>passt sich \u00fcberall an<\/strong><\/li>\n<li>W\u00e4hlen Sie einen <strong>Design, das zu Ihnen passt <\/strong>hochwertiges Kunstleder<\/li>\n<li><span style=\"text-decoration: underline;\"><strong>Kompakt und leicht<\/strong><\/span>r, Schluss mit platzraubenden Fl\u00e4schchen!<\/li>\n<\/ul>\n<p>&nbsp;<\/p>\n<p><span style=\"text-decoration: underline;\">Abmessungen :<\/span>\u00a010 x 7 cm<\/p>\n<p>\u26a0\ufe0f Die Flasche wird leer und ohne Fl\u00fcssigkeit geliefert.<\/p>\n<h2 style=\"text-align: center;\"><span style=\"color: #82d5c7;\">\u00a0Warum sollte man sich f\u00fcr einen Hydroalkoholischen Gel-Schl\u00fcsselanh\u00e4nger entscheiden?<\/span><\/h2>\n<div style=\"text-align: left; padding-left: 30px;\">\u2705 Wenn Sie es satt haben, lange nach Ihrem hydroalkoholischen Gel in Ihrer Tasche zu suchen<\/div>\n<div style=\"text-align: left; padding-left: 30px;\">\u2705 Wenn Sie nicht<strong> es nicht mehr aushalten, das hydroalkoholische Gel aus den Gesch\u00e4ften zu verwenden<\/strong> wenn Sie einkaufen gehen<\/div>\n<div style=\"text-align: left; padding-left: 30px;\">\u2705 Wenn Sie Design und praktische Dinge m\u00f6gen<\/div>\n<div style=\"text-align: left; padding-left: 30px;\">\u2705 Wenn Sie reisen m\u00f6chten in <span style=\"text-decoration: underline;\"><a title=\"Beschr\u00e4nkungen f\u00fcr Fl\u00fcssigkeiten im Flugzeug\" href=\"https:\/\/velartrip.com\/de\/prendre-gourde-avion\/\" target=\"_blank\" rel=\"noopener\">die Beschr\u00e4nkungen f\u00fcr Fl\u00fcssigkeiten an Flugh\u00e4fen einhalten<\/a><\/span> ganz in\u00a0<strong>im Flugzeug auf eine gute Handhygiene achten<\/strong><\/div>\n<div style=\"text-align: left; padding-left: 30px;\"><\/div>\n<div style=\"text-align: left; padding-left: 30px;\"><\/div>\n<div style=\"text-align: left; padding-left: 30px;\"><\/div>\n<p>Dann unsere Schl\u00fcsselanh\u00e4nger <strong>sind an Ihren Lebensstil angepasst<\/strong>. W\u00e4hlen Sie aus unserer gro\u00dfen Auswahl das Modell, das zu Ihnen passt.<\/p>","protected":false},"excerpt":{"rendered":"<p>So elegant wie ein schwarzer Puma ist hier unser hydroalkoholischer Schl\u00fcsselanh\u00e4nger, der seine Farben zeigt. Eine 30-ml-Flasche, die ein Leben lang wiederverwendet werden kann! Ein Koffer, eine Handtasche, Schl\u00fcssel ... Unser Halter f\u00fcr hydroalkoholisches Gel passt \u00fcberall hin. W\u00e4hlen Sie ein Design, das zu Ihnen passt. Hochwertiges Kunstleder. Kompakt und leicht, keine Flaschen mehr, die Platz wegnehmen! ...<\/p>","protected":false},"featured_media":0,"comment_status":"open","ping_status":"closed","template":"","meta":{"_kad_blocks_custom_css":"","_kad_blocks_head_custom_js":"","_kad_blocks_body_custom_js":"","_kad_blocks_footer_custom_js":"","_kad_post_transparent":"","_kad_post_title":"","_kad_post_layout":"","_kad_post_sidebar_id":"","_kad_post_content_style":"","_kad_post_vertical_padding":"","_kad_post_feature":"","_kad_post_feature_position":"","_kad_post_header":false,"_kad_post_footer":false,"_kad_post_classname":""},"product_brand":[385],"product_cat":[400,405],"product_tag":[],"class_list":{"0":"post-8238","1":"product","2":"type-product","3":"status-publish","5":"product_brand-velartrip","6":"product_cat-porte-cles-gel-hydroalcoolique","7":"product_cat-accessoires-lifestyle","9":"first","10":"instock","11":"taxable","12":"shipping-taxable","13":"purchasable","14":"product-type-variable","15":"entry","16":"content-bg","17":"loop-entry"},"taxonomy_info":{"product_brand":[{"value":385,"label":"VelarTrip"}],"product_cat":[{"value":400,"label":"Porte-Cl\u00e9s Gel Hydroalcoolique"},{"value":405,"label":"Accessoires Lifestyle"}]},"featured_image_src_large":false,"author_info":[],"comment_info":3,"_links":{"self":[{"href":"https:\/\/velartrip.com\/de\/wp-json\/wp\/v2\/product\/8238","targetHints":{"allow":["GET"]}}],"collection":[{"href":"https:\/\/velartrip.com\/de\/wp-json\/wp\/v2\/product"}],"about":[{"href":"https:\/\/velartrip.com\/de\/wp-json\/wp\/v2\/types\/product"}],"replies":[{"embeddable":true,"href":"https:\/\/velartrip.com\/de\/wp-json\/wp\/v2\/comments?post=8238"}],"wp:attachment":[{"href":"https:\/\/velartrip.com\/de\/wp-json\/wp\/v2\/media?parent=8238"}],"wp:term":[{"taxonomy":"product_brand","embeddable":true,"href":"https:\/\/velartrip.com\/de\/wp-json\/wp\/v2\/product_brand?post=8238"},{"taxonomy":"product_cat","embeddable":true,"href":"https:\/\/velartrip.com\/de\/wp-json\/wp\/v2\/product_cat?post=8238"},{"taxonomy":"product_tag","embeddable":true,"href":"https:\/\/velartrip.com\/de\/wp-json\/wp\/v2\/product_tag?post=8238"}],"curies":[{"name":"wp","href":"https:\/\/api.w.org\/{rel}","templated":true}]}}