{"id":8267,"date":"2021-01-27T11:03:45","date_gmt":"2021-01-27T11:03:45","guid":{"rendered":"https:\/\/velartrip.com\/?product=trousse-de-toilette-br-travel-beauty"},"modified":"2024-12-04T09:29:33","modified_gmt":"2024-12-04T08:29:33","slug":"trousse-de-toilette-motifs","status":"publish","type":"product","link":"https:\/\/velartrip.com\/de\/accessoires-voyage\/trousses-toilette\/trousse-de-toilette-motifs\/","title":{"rendered":"Toilettenbeutel Travel Beauty"},"content":{"rendered":"<h2>Pflegen Sie sich auch unterwegs mit unserer wei\u00dfen Travel Beauty Toilettentasche. Ihre Sch\u00f6nheitsprodukte immer gut organisiert!<\/h2>\n<ul>\n<li>Nachhaltig und<strong> leicht abwaschbar<\/strong>.<\/li>\n<li>Mehr Sicherheit durch 2 Rei\u00dfverschl\u00fcsse.<\/li>\n<li>Eine <strong>Platzersparnis<\/strong> Dank seines kompakten und leichten Designs ist er ein wichtiger Begleiter in Ihrem Koffer.<\/li>\n<li><strong>Ein atmungsaktives Oxford-Gewebe<\/strong> um das Wachstum von Bakterien zu verhindern.<\/li>\n<li><strong>Leicht transportierbar<\/strong> mithilfe seines oberen Griffs.<\/li>\n<li><strong>Eine abnehmbare Aufbewahrung<\/strong>\u00a0verf\u00fcgbar, um zus\u00e4tzlichen Platz in deinem Kulturbeutel zu sparen.<\/li>\n<\/ul>\n<p><span style=\"text-decoration: underline;\">Abmessungen<\/span> : 21 x 17 x 8 cm<\/p>","protected":false},"excerpt":{"rendered":"<p>Prenez soin de vous, m\u00eame en\u00a0d\u00e9placement avec notre Trousse de Toilette\u00a0Travel\u00a0Beauty\u00a0de couleur blanche. Vos produits de beaut\u00e9 toujours bien organis\u00e9s ! Durable et facilement lavable. Une s\u00e9curit\u00e9 renforc\u00e9e gr\u00e2ce \u00e0 ses 2 fermetures \u00e9clair. Un gain de place important dans votre valise gr\u00e2ce \u00e0 son\u00a0design\u00a0compact et l\u00e9ger. Un tissu Oxford respirant pour \u00e9viter la prolif\u00e9ration&#8230;<\/p>","protected":false},"featured_media":13080,"comment_status":"open","ping_status":"closed","template":"","meta":{"_kad_blocks_custom_css":"","_kad_blocks_head_custom_js":"","_kad_blocks_body_custom_js":"","_kad_blocks_footer_custom_js":"","_kad_post_transparent":"","_kad_post_title":"","_kad_post_layout":"","_kad_post_sidebar_id":"","_kad_post_content_style":"","_kad_post_vertical_padding":"","_kad_post_feature":"","_kad_post_feature_position":"","_kad_post_header":false,"_kad_post_footer":false,"_kad_post_classname":""},"product_brand":[385],"product_cat":[401,404],"product_tag":[],"class_list":{"0":"post-8267","1":"product","2":"type-product","3":"status-publish","4":"has-post-thumbnail","6":"product_brand-velartrip","7":"product_cat-trousses-toilette","8":"product_cat-accessoires-voyage","10":"first","11":"instock","12":"taxable","13":"shipping-taxable","14":"purchasable","15":"product-type-simple","16":"entry","17":"content-bg","18":"loop-entry"},"taxonomy_info":{"product_brand":[{"value":385,"label":"VelarTrip"}],"product_cat":[{"value":401,"label":"Trousses de Toilette"},{"value":404,"label":"Accessoires de Voyage"}]},"featured_image_src_large":["https:\/\/velartrip.com\/wp-content\/uploads\/2022\/04\/1005003954691379_images_62698f4dbf6e3_1.webp",800,800,false],"author_info":[],"comment_info":4,"_links":{"self":[{"href":"https:\/\/velartrip.com\/de\/wp-json\/wp\/v2\/product\/8267","targetHints":{"allow":["GET"]}}],"collection":[{"href":"https:\/\/velartrip.com\/de\/wp-json\/wp\/v2\/product"}],"about":[{"href":"https:\/\/velartrip.com\/de\/wp-json\/wp\/v2\/types\/product"}],"replies":[{"embeddable":true,"href":"https:\/\/velartrip.com\/de\/wp-json\/wp\/v2\/comments?post=8267"}],"wp:featuredmedia":[{"embeddable":true,"href":"https:\/\/velartrip.com\/de\/wp-json\/wp\/v2\/media\/13080"}],"wp:attachment":[{"href":"https:\/\/velartrip.com\/de\/wp-json\/wp\/v2\/media?parent=8267"}],"wp:term":[{"taxonomy":"product_brand","embeddable":true,"href":"https:\/\/velartrip.com\/de\/wp-json\/wp\/v2\/product_brand?post=8267"},{"taxonomy":"product_cat","embeddable":true,"href":"https:\/\/velartrip.com\/de\/wp-json\/wp\/v2\/product_cat?post=8267"},{"taxonomy":"product_tag","embeddable":true,"href":"https:\/\/velartrip.com\/de\/wp-json\/wp\/v2\/product_tag?post=8267"}],"curies":[{"name":"wp","href":"https:\/\/api.w.org\/{rel}","templated":true}]}}