{"id":8324,"date":"2021-01-27T11:04:51","date_gmt":"2021-01-27T11:04:51","guid":{"rendered":"https:\/\/velartrip.com\/?product=trousse-de-toilette-a-suspendre-br-citron"},"modified":"2024-12-04T09:29:27","modified_gmt":"2024-12-04T08:29:27","slug":"trousse-toilette-suspendre-citron","status":"publish","type":"product","link":"https:\/\/velartrip.com\/de\/accessoires-voyage\/trousses-toilette\/trousse-toilette-suspendre-citron\/","title":{"rendered":"Kosmetiktasche zum Aufh\u00e4ngen Zitrone"},"content":{"rendered":"<p><meta charset=\"utf-8\"><\/p>\n<h2><b>Warum sollten Sie sich f\u00fcr unsere Reise-Toilettentasche zum Aufh\u00e4ngen entscheiden?<\/b><\/h2>\n<p>Wenn Sie m\u00f6chten :<\/p>\n<p>\u2705 Sich selbst erschaffen k\u00f6nnen <strong>einen Sch\u00f6nheitsbereich \u00fcberall.<\/strong><\/p>\n<p>\u2705 <strong>Einfach Platz gewinnen<\/strong> in Ihrem Badezimmer oder in Hotelzimmern, wenn Sie unterwegs sind.<\/p>\n<p>\u2705 Ein Federm\u00e4ppchen haben mit <strong>eine komfortable, aber dennoch kompakte Aufbewahrung<\/strong>\u00a0f\u00fcr Ihre Sch\u00f6nheitsprodukte.<\/p>\n<h3 style=\"text-align: center;\"><span style=\"color: #db7c46;\">Dann ist unsere Kosmetiktasche zum Aufh\u00e4ngen Zitrone perfekt f\u00fcr Sie!<\/span><\/h3>\n<p>Hier sind die\u00a0<strong>4 Vorteile<\/strong> die unseren Kulturbeutel <strong>ein unverzichtbares Accessoire<\/strong> f\u00fcr Ihren Alltag und Ihre Reisen :<\/p>\n<ul>\n<li>\n<strong>Alle Ihre Produkte konzentriert an einem Ort :<\/strong> Eine Platzersparnis in Ihrem Koffer von 30% im Vergleich zum Stapeln mehrerer Etuis.<\/li>\n<li>Ihre Produkte <strong>immer an einem Ort organisiert<\/strong> : Kein l\u00e4stiges Suchen der Produkte in verschiedenen Taschen mehr.<\/li>\n<li>\n<strong>Ein echter Sch\u00f6nheitsbereich<\/strong>\u00a0\u00fcberall verf\u00fcgbar, dank seines Hakens, der an folgenden Stellen angebracht werden kann: an T\u00fcren, Duschw\u00e4nden, Handtuchhaltern, Regalen...\u00a0\u00a0\n<\/li>\n<li>\n<span style=\"text-decoration: underline;\">Ein Design, das zu Ihrem Lebensstil passt :<\/span> l\u00e4sst sich aufklappen und <strong>ordnet in weniger als 3 Sekunden<\/strong> !<\/li>\n<\/ul>\n<p><span style=\"text-decoration: underline;\">Abmessungen<\/span> :\u00a0<\/p>\n<p><meta charset=\"utf-8\"><span data-mce-fragment=\"1\">Zusammengeklappt und geschlossen\u00a0<\/span> : 24 x 20 x 9,5 cm<\/p>","protected":false},"excerpt":{"rendered":"<p>Pourquoi choisir\u00a0notre Trousse de Toilette de Voyage \u00e0 Suspendre ? Si vous souhaitez : \u2705 Pouvoir vous cr\u00e9er un espace beaut\u00e9 n&rsquo;importe o\u00f9. \u2705 Gagner facilement de la place dans votre salle de bain ou les chambres d&rsquo;h\u00f4tel lors de vos d\u00e9placements. \u2705 Avoir une trousse avec un rangement confortable, mais qui reste compact\u00a0pour vos&#8230;<\/p>","protected":false},"featured_media":13060,"comment_status":"open","ping_status":"closed","template":"","meta":{"_kad_blocks_custom_css":"","_kad_blocks_head_custom_js":"","_kad_blocks_body_custom_js":"","_kad_blocks_footer_custom_js":"","_kad_post_transparent":"","_kad_post_title":"","_kad_post_layout":"","_kad_post_sidebar_id":"","_kad_post_content_style":"","_kad_post_vertical_padding":"","_kad_post_feature":"","_kad_post_feature_position":"","_kad_post_header":false,"_kad_post_footer":false,"_kad_post_classname":""},"product_brand":[385],"product_cat":[404,401],"product_tag":[],"class_list":{"0":"post-8324","1":"product","2":"type-product","3":"status-publish","4":"has-post-thumbnail","6":"product_brand-velartrip","7":"product_cat-accessoires-voyage","8":"product_cat-trousses-toilette","10":"first","11":"instock","12":"taxable","13":"shipping-taxable","14":"purchasable","15":"product-type-variable","16":"entry","17":"content-bg","18":"loop-entry"},"taxonomy_info":{"product_brand":[{"value":385,"label":"VelarTrip"}],"product_cat":[{"value":404,"label":"Accessoires de Voyage"},{"value":401,"label":"Trousses de Toilette"}]},"featured_image_src_large":["https:\/\/velartrip.com\/wp-content\/uploads\/2022\/04\/trousse-de-toilette-a\u0300-suspendre-citron-gris-velartrip.jpg",800,800,false],"author_info":[],"comment_info":4,"_links":{"self":[{"href":"https:\/\/velartrip.com\/de\/wp-json\/wp\/v2\/product\/8324","targetHints":{"allow":["GET"]}}],"collection":[{"href":"https:\/\/velartrip.com\/de\/wp-json\/wp\/v2\/product"}],"about":[{"href":"https:\/\/velartrip.com\/de\/wp-json\/wp\/v2\/types\/product"}],"replies":[{"embeddable":true,"href":"https:\/\/velartrip.com\/de\/wp-json\/wp\/v2\/comments?post=8324"}],"wp:featuredmedia":[{"embeddable":true,"href":"https:\/\/velartrip.com\/de\/wp-json\/wp\/v2\/media\/13060"}],"wp:attachment":[{"href":"https:\/\/velartrip.com\/de\/wp-json\/wp\/v2\/media?parent=8324"}],"wp:term":[{"taxonomy":"product_brand","embeddable":true,"href":"https:\/\/velartrip.com\/de\/wp-json\/wp\/v2\/product_brand?post=8324"},{"taxonomy":"product_cat","embeddable":true,"href":"https:\/\/velartrip.com\/de\/wp-json\/wp\/v2\/product_cat?post=8324"},{"taxonomy":"product_tag","embeddable":true,"href":"https:\/\/velartrip.com\/de\/wp-json\/wp\/v2\/product_tag?post=8324"}],"curies":[{"name":"wp","href":"https:\/\/api.w.org\/{rel}","templated":true}]}}