{"id":8482,"date":"2021-02-19T17:18:43","date_gmt":"2021-02-19T17:18:43","guid":{"rendered":"https:\/\/velartrip.com\/?product=pins-br-bateau-papier"},"modified":"2024-12-04T09:29:17","modified_gmt":"2024-12-04T08:29:17","slug":"pins-bateau-papier","status":"publish","type":"product","link":"https:\/\/velartrip.com\/de\/accessoires-voyage\/pins\/pins-bateau-papier\/","title":{"rendered":"Pin Boot Papier"},"content":{"rendered":"<p><meta charset=\"UTF-8\"><\/p>\n<h2>Es gibt nichts Sch\u00f6neres, als sich von einem Boot tragen zu lassen. Entdecken Sie ganz einfach unseren Pin Boot.<\/h2>\n<ul>\n<li>Das n\u00fctzliche Zubeh\u00f6r f\u00fcr <strong>seine pers\u00f6nliche Note hinzuf\u00fcgen<\/strong> auf ihrem Gep\u00e4ck.<\/li>\n<li>Er wird untrennbar mit Ihrer Tasche verbunden sein dank <strong>seinen sicheren Verschluss 100%<\/strong>.<\/li>\n<li>Ma\u00dfe: 2,032 x 0,76 cm.<\/li>\n<\/ul>\n<h3 style=\"text-align: center;\"><span style=\"color: #82d5c7;\">Warum sollten Sie einen Pin f\u00fcr Ihre Reisen w\u00e4hlen?<\/span><\/h3>\n<h4>1 &#8211; <span style=\"text-decoration: underline;\">Geschichte des Pin's\u00a0<\/span><br \/>\n<\/h4>\n<p>Der Pin wurde lange Zeit als Mittel f\u00fcr Marken verwendet, um Werbung zu machen. Wir sch\u00e4tzen, dass der H\u00f6hepunkt der Beliebtheit von Pins in den 1990er Jahren erreicht wurde. 5 Jahre sp\u00e4ter geht die Produktion deutlich zur\u00fcck.<\/p>\n<p>Heute wird der Pin nicht mehr hergestellt und nur noch bei bestimmten Sport- oder Kulturveranstaltungen verwendet. <br \/>Es gibt jedoch eine Gemeinschaft von Liebhabern, die als Philopins oder Philopinisten bezeichnet werden und auf Sammlermessen oder in Foren nach den seltensten Anstecknadeln suchen.<\/p>\n<h4>2 &#8211; <span style=\"text-decoration: underline;\">Der Pin und die Reise von VelarTrip<\/span><br \/>\n<\/h4>\n<p>Wie Sie wissen, ist es unser tiefstes Bestreben, dass Sie <strong>reisen, indem Sie sich nur auf das Wesentliche konzentrieren.<\/strong><\/p>\n<p><span style=\"text-decoration: underline;\"><\/span>Aber was ist \"das Wesentliche\"?<\/p>\n<p>Wenn wir es definieren m\u00fcssten, w\u00e4ren es all die positiven Emotionen, die eine Reise bei Ihnen ausl\u00f6st.<\/p>\n<p>Deshalb w\u00fcnschen wir uns dank unserer Anstecknadeln (sehr), dass Sie :<\/p>\n<ul>\n<li>\n<strong>Anpassen<\/strong><span>\u00a0<\/span>nach Ihrer Pers\u00f6nlichkeit Ihre<strong><span>\u00a0<\/span>Reisetaschen oder Rucks\u00e4cke<\/strong>.<\/li>\n<li>\n<strong>Einfaches Auffinden<\/strong><span>\u00a0<\/span>Ihren Koffern.<\/li>\n<li>\n<strong>Unterscheiden Sie Ihre Taschen<\/strong><span>\u00a0<\/span>unter den anderen Reisenden.<\/li>\n<\/ul>\n<p>Zus\u00e4tzlich zu unseren<span style=\"text-decoration: underline;\">\u00a0<a href=\"https:\/\/velartrip.com\/de\/collections\/housses-de-valise\/\" title=\"kollektion kofferh\u00fcllen\" target=\"_blank\" rel=\"noopener noreferrer\">Kofferh\u00fcllen<\/a><\/span><span>\u00a0<\/span>oder unseren<span>\u00a0<\/span><span style=\"text-decoration: underline;\"><a href=\"https:\/\/velartrip.com\/de\/collections\/etiquettes-bagages\/\" title=\"Kollektion Gep\u00e4cketiketten\" target=\"_blank\" rel=\"noopener noreferrer\">Gep\u00e4cketiketten<\/a><\/span>Wenn Sie einen Pin hinzuf\u00fcgen, k\u00f6nnen Sie damit<span>\u00a0<\/span><strong>das Risiko, dass Ihr Gep\u00e4ck verloren geht, deutlich verringern<\/strong>.<\/p>","protected":false},"excerpt":{"rendered":"<p>Es gibt nichts Sch\u00f6neres, als sich von einem Boot tragen zu lassen. Entdecken Sie unseren Boat Pin ganz einfach. Das n\u00fctzliche Accessoire, um Ihrem Gep\u00e4ck eine pers\u00f6nliche Note zu verleihen. Dank des sicheren 100%-Verschlusses ist es untrennbar mit Ihrer Tasche verbunden. Abmessungen: 2,032 x 0,76 cm. Warum sollten Sie f\u00fcr Ihre Reisen einen Pin w\u00e4hlen? 1 \u2013 Geschichte des Pins Der Pin\u2026<\/p>","protected":false},"featured_media":12737,"comment_status":"open","ping_status":"closed","template":"","meta":{"_kad_blocks_custom_css":"","_kad_blocks_head_custom_js":"","_kad_blocks_body_custom_js":"","_kad_blocks_footer_custom_js":"","_kad_post_transparent":"","_kad_post_title":"","_kad_post_layout":"","_kad_post_sidebar_id":"","_kad_post_content_style":"","_kad_post_vertical_padding":"","_kad_post_feature":"","_kad_post_feature_position":"","_kad_post_header":false,"_kad_post_footer":false,"_kad_post_classname":""},"product_brand":[385],"product_cat":[404,402],"product_tag":[],"class_list":{"0":"post-8482","1":"product","2":"type-product","3":"status-publish","4":"has-post-thumbnail","6":"product_brand-velartrip","7":"product_cat-accessoires-voyage","8":"product_cat-pins","10":"first","11":"instock","12":"taxable","13":"shipping-taxable","14":"purchasable","15":"product-type-simple","16":"entry","17":"content-bg","18":"loop-entry"},"taxonomy_info":{"product_brand":[{"value":385,"label":"VelarTrip"}],"product_cat":[{"value":404,"label":"Accessoires de Voyage"},{"value":402,"label":"Pin's"}]},"featured_image_src_large":["https:\/\/velartrip.com\/wp-content\/uploads\/2022\/04\/4000246209145_images_626183456bce9_2.webp",800,800,false],"author_info":[],"comment_info":5,"_links":{"self":[{"href":"https:\/\/velartrip.com\/de\/wp-json\/wp\/v2\/product\/8482","targetHints":{"allow":["GET"]}}],"collection":[{"href":"https:\/\/velartrip.com\/de\/wp-json\/wp\/v2\/product"}],"about":[{"href":"https:\/\/velartrip.com\/de\/wp-json\/wp\/v2\/types\/product"}],"replies":[{"embeddable":true,"href":"https:\/\/velartrip.com\/de\/wp-json\/wp\/v2\/comments?post=8482"}],"wp:featuredmedia":[{"embeddable":true,"href":"https:\/\/velartrip.com\/de\/wp-json\/wp\/v2\/media\/12737"}],"wp:attachment":[{"href":"https:\/\/velartrip.com\/de\/wp-json\/wp\/v2\/media?parent=8482"}],"wp:term":[{"taxonomy":"product_brand","embeddable":true,"href":"https:\/\/velartrip.com\/de\/wp-json\/wp\/v2\/product_brand?post=8482"},{"taxonomy":"product_cat","embeddable":true,"href":"https:\/\/velartrip.com\/de\/wp-json\/wp\/v2\/product_cat?post=8482"},{"taxonomy":"product_tag","embeddable":true,"href":"https:\/\/velartrip.com\/de\/wp-json\/wp\/v2\/product_tag?post=8482"}],"curies":[{"name":"wp","href":"https:\/\/api.w.org\/{rel}","templated":true}]}}