{"id":8814,"date":"2021-03-14T13:26:41","date_gmt":"2021-03-14T13:26:41","guid":{"rendered":"https:\/\/velartrip.com\/?product=pins-br-drapeau-allemagne"},"modified":"2025-07-30T19:53:28","modified_gmt":"2025-07-30T17:53:28","slug":"pins-drapeau-allemagne","status":"publish","type":"product","link":"https:\/\/velartrip.com\/de\/accessoires-voyage\/pins\/pins-drapeau-allemagne\/","title":{"rendered":"Pin Flagge Deutschland"},"content":{"rendered":"<h2>Das ber\u00fchmte Brandenburger Tor. Wenn Sie noch keine Gelegenheit hatten, es zu besuchen, empfehlen wir Ihnen dringend, einen Blick darauf zu werfen!\u00a0<br \/>\n<\/h2>\n<ul>\n<li>Das n\u00fctzliche Zubeh\u00f6r f\u00fcr <strong>seine pers\u00f6nliche Note hinzuf\u00fcgen<\/strong> auf ihrem Gep\u00e4ck.<\/li>\n<li>Er wird untrennbar mit Ihrer Tasche verbunden sein dank <strong>seinen sicheren Verschluss 100%<\/strong>.<\/li>\n<li>Ma\u00dfe: 1,9 x 1,6 cm.<\/li>\n<\/ul>\n<h3 style=\"text-align: center;\" data-mce-style=\"text-align: center;\"><span style=\"color: #82d5c7;\" data-mce-style=\"color: #82d5c7;\">Warum sollten Sie einen Pin f\u00fcr Ihre Reisen w\u00e4hlen?<\/span><\/h3>\n<h4>1 &#8211; <span style=\"text-decoration: underline;\" data-mce-style=\"text-decoration: underline;\">Geschichte des Pin's\u00a0<\/span><br \/>\n<\/h4>\n<p>Der Pin wurde lange Zeit als Mittel f\u00fcr Marken verwendet, um Werbung zu machen. Wir sch\u00e4tzen, dass der H\u00f6hepunkt der Beliebtheit von Pins in den 1990er Jahren erreicht wurde. 5 Jahre sp\u00e4ter geht die Produktion deutlich zur\u00fcck.<\/p>\n<p>Heute wird der Pin nicht mehr hergestellt und nur noch bei bestimmten Sport- oder Kulturveranstaltungen verwendet. <br \/>Es gibt jedoch eine Gemeinschaft von Liebhabern, die als Philopins oder Philopinisten bezeichnet werden und auf Sammlermessen oder in Foren nach den seltensten Anstecknadeln suchen.<\/p>\n<h4>2 &#8211; <span style=\"text-decoration: underline;\" data-mce-style=\"text-decoration: underline;\">Der Pin und die Reise von VelarTrip<\/span><br \/>\n<\/h4>\n<p>Wie Sie wissen, ist es unser tiefstes Bestreben, dass Sie <strong>reisen, indem Sie sich nur auf das Wesentliche konzentrieren.<\/strong><\/p>\n<p><span style=\"text-decoration: underline;\" data-mce-style=\"text-decoration: underline;\"><\/span>Aber was ist \"das Wesentliche\"?<\/p>\n<p>Wenn wir es definieren m\u00fcssten, w\u00e4ren es all die positiven Emotionen, die eine Reise bei Ihnen ausl\u00f6st.<\/p>\n<p>Deshalb w\u00fcnschen wir uns dank unserer Anstecknadeln (sehr), dass Sie :<\/p>\n<ul>\n<li>\n<strong>Anpassen<\/strong> nach Ihrer Pers\u00f6nlichkeit Ihre<strong> Reisetaschen oder Rucks\u00e4cke<\/strong>.<\/li>\n<li>\n<strong>Einfaches Auffinden<\/strong> Ihren Koffern.<\/li>\n<li>\n<strong>Unterscheiden Sie Ihre Taschen<\/strong> unter den anderen Reisenden.<\/li>\n<\/ul>\n<p>Zus\u00e4tzlich zu unseren <span style=\"text-decoration: underline;\" data-mce-style=\"text-decoration: underline;\"><a title=\"kollektion kofferh\u00fcllen\" href=\"https:\/\/velartrip.com\/de\/collections\/housses-de-valise\/\" target=\"_blank\" rel=\"noopener\">Kofferh\u00fcllen<\/a><\/span> oder unseren <span style=\"text-decoration: underline;\" data-mce-style=\"text-decoration: underline;\"><a title=\"Kollektion Gep\u00e4cketiketten\" href=\"https:\/\/velartrip.com\/de\/collections\/etiquettes-bagages\/\" target=\"_blank\" rel=\"noopener\">Gep\u00e4cketiketten<\/a><\/span>Wenn Sie einen Pin hinzuf\u00fcgen, k\u00f6nnen Sie damit <strong>das Risiko, dass Ihr Gep\u00e4ck verloren geht, deutlich verringern<\/strong>.<\/p>","protected":false},"excerpt":{"rendered":"<p>La fameuse Porte de Brandebourg, si\u00a0vous n&rsquo;avez\u00a0pas eu l&rsquo;occasion de la visiter nous vous conseillons vivement d&rsquo;y aller jeter un \u0153il !\u00a0 L&rsquo;accessoire\u00a0utile\u00a0pour ajouter\u00a0sa touche personnelle sur\u00a0ses bagages. Il sera ins\u00e9parable avec votre sac gr\u00e2ce \u00e0 son\u00a0fermoir 100% s\u00e9curis\u00e9. Dimensions : 1,9 x 1,6 cm. Pourquoi choisir un Pin&rsquo;s pour vos voyages ? 1 &#8211;&#8230;<\/p>","protected":false},"featured_media":12540,"comment_status":"open","ping_status":"closed","template":"","meta":{"_kad_blocks_custom_css":"","_kad_blocks_head_custom_js":"","_kad_blocks_body_custom_js":"","_kad_blocks_footer_custom_js":"","_kad_post_transparent":"","_kad_post_title":"","_kad_post_layout":"","_kad_post_sidebar_id":"","_kad_post_content_style":"","_kad_post_vertical_padding":"","_kad_post_feature":"","_kad_post_feature_position":"","_kad_post_header":false,"_kad_post_footer":false,"_kad_post_classname":""},"product_brand":[385],"product_cat":[404,402,957],"product_tag":[],"class_list":{"0":"post-8814","1":"product","2":"type-product","3":"status-publish","4":"has-post-thumbnail","6":"product_brand-velartrip","7":"product_cat-accessoires-voyage","8":"product_cat-pins","9":"product_cat-pins-drapeau","11":"first","12":"instock","13":"taxable","14":"shipping-taxable","15":"purchasable","16":"product-type-variable","17":"entry","18":"content-bg","19":"loop-entry"},"taxonomy_info":{"product_brand":[{"value":385,"label":"VelarTrip"}],"product_cat":[{"value":404,"label":"Accessoires de Voyage"},{"value":402,"label":"Pin's"},{"value":957,"label":"Pin's Drapeau"}]},"featured_image_src_large":["https:\/\/velartrip.com\/wp-content\/uploads\/2022\/04\/49.jpg",800,800,false],"author_info":[],"comment_info":4,"_links":{"self":[{"href":"https:\/\/velartrip.com\/de\/wp-json\/wp\/v2\/product\/8814","targetHints":{"allow":["GET"]}}],"collection":[{"href":"https:\/\/velartrip.com\/de\/wp-json\/wp\/v2\/product"}],"about":[{"href":"https:\/\/velartrip.com\/de\/wp-json\/wp\/v2\/types\/product"}],"replies":[{"embeddable":true,"href":"https:\/\/velartrip.com\/de\/wp-json\/wp\/v2\/comments?post=8814"}],"wp:featuredmedia":[{"embeddable":true,"href":"https:\/\/velartrip.com\/de\/wp-json\/wp\/v2\/media\/12540"}],"wp:attachment":[{"href":"https:\/\/velartrip.com\/de\/wp-json\/wp\/v2\/media?parent=8814"}],"wp:term":[{"taxonomy":"product_brand","embeddable":true,"href":"https:\/\/velartrip.com\/de\/wp-json\/wp\/v2\/product_brand?post=8814"},{"taxonomy":"product_cat","embeddable":true,"href":"https:\/\/velartrip.com\/de\/wp-json\/wp\/v2\/product_cat?post=8814"},{"taxonomy":"product_tag","embeddable":true,"href":"https:\/\/velartrip.com\/de\/wp-json\/wp\/v2\/product_tag?post=8814"}],"curies":[{"name":"wp","href":"https:\/\/api.w.org\/{rel}","templated":true}]}}