{"id":13814,"date":"2022-06-12T16:58:31","date_gmt":"2022-06-12T14:58:31","guid":{"rendered":"https:\/\/velartrip.com\/?post_type=product&#038;p=13814"},"modified":"2024-12-04T09:28:03","modified_gmt":"2024-12-04T08:28:03","slug":"protege-passeport-king","status":"publish","type":"product","link":"https:\/\/velartrip.com\/en\/accessoires-pour-valise\/protege-passeports\/protege-passeport-king\/","title":{"rendered":"King Passport Cover"},"content":{"rendered":"<h3>Add some whimsy to your passport with crowns<\/h3>\n<p>Protect your passport against the hazards of your travel.<\/p>\n<p>No more fear of shocks and scratches on your passport<\/p>\n<p>Dimensions: 14 cm * 10 cm<\/p>\n<p>Material: polyurethane<\/p>","protected":false},"excerpt":{"rendered":"<p>Ajoutez de la fantaisie \u00e0 votre passeport avec des couronnes Prot\u00e9gez votre passeport contre les al\u00e9as de votre voyage. Ne craignez plus les chocs et les rayures sur votre passeport Dimensions : 14 cm * 10 cm Mati\u00e8re : polyur\u00e9thane<\/p>","protected":false},"featured_media":13813,"comment_status":"open","ping_status":"closed","template":"","meta":{"_kad_blocks_custom_css":"","_kad_blocks_head_custom_js":"","_kad_blocks_body_custom_js":"","_kad_blocks_footer_custom_js":"","_kad_post_transparent":"","_kad_post_title":"","_kad_post_layout":"","_kad_post_sidebar_id":"","_kad_post_content_style":"","_kad_post_vertical_padding":"","_kad_post_feature":"","_kad_post_feature_position":"","_kad_post_header":false,"_kad_post_footer":false,"_kad_post_classname":""},"product_brand":[],"product_cat":[395,618],"product_tag":[],"class_list":{"0":"post-13814","1":"product","2":"type-product","3":"status-publish","4":"has-post-thumbnail","6":"product_cat-protege-passeports","7":"product_cat-accessoires-pour-valise","9":"first","10":"instock","11":"taxable","12":"shipping-taxable","13":"purchasable","14":"product-type-simple","15":"entry","16":"content-bg","17":"loop-entry"},"taxonomy_info":{"product_cat":[{"value":395,"label":"Prot\u00e8ge-Passeports"},{"value":618,"label":"Accessoires pour Valise"}]},"featured_image_src_large":["https:\/\/velartrip.com\/wp-content\/uploads\/2022\/06\/H14fb1a58539f433d84948b40a05d62e8Q.jpg",800,800,false],"author_info":[],"comment_info":0,"_links":{"self":[{"href":"https:\/\/velartrip.com\/en\/wp-json\/wp\/v2\/product\/13814","targetHints":{"allow":["GET"]}}],"collection":[{"href":"https:\/\/velartrip.com\/en\/wp-json\/wp\/v2\/product"}],"about":[{"href":"https:\/\/velartrip.com\/en\/wp-json\/wp\/v2\/types\/product"}],"replies":[{"embeddable":true,"href":"https:\/\/velartrip.com\/en\/wp-json\/wp\/v2\/comments?post=13814"}],"wp:featuredmedia":[{"embeddable":true,"href":"https:\/\/velartrip.com\/en\/wp-json\/wp\/v2\/media\/13813"}],"wp:attachment":[{"href":"https:\/\/velartrip.com\/en\/wp-json\/wp\/v2\/media?parent=13814"}],"wp:term":[{"taxonomy":"product_brand","embeddable":true,"href":"https:\/\/velartrip.com\/en\/wp-json\/wp\/v2\/product_brand?post=13814"},{"taxonomy":"product_cat","embeddable":true,"href":"https:\/\/velartrip.com\/en\/wp-json\/wp\/v2\/product_cat?post=13814"},{"taxonomy":"product_tag","embeddable":true,"href":"https:\/\/velartrip.com\/en\/wp-json\/wp\/v2\/product_tag?post=13814"}],"curies":[{"name":"wp","href":"https:\/\/api.w.org\/{rel}","templated":true}]}}