{"id":6191,"date":"2020-03-19T19:16:53","date_gmt":"2020-03-19T19:16:53","guid":{"rendered":"https:\/\/velartrip.com\/?product=trousse-de-toilette-br-montreal"},"modified":"2024-11-19T07:44:41","modified_gmt":"2024-11-19T06:44:41","slug":"trousse-de-toilette-voyage-avion","status":"publish","type":"product","link":"https:\/\/velartrip.com\/en\/accessoires-voyage\/trousses-toilette\/trousse-de-toilette-voyage-avion\/","title":{"rendered":"Trousse De Toilette Montr\u00e9al"},"content":{"rendered":"<h2>Our most compact toiletry bag in the range. Designed for all your travels!<\/h2>\n<ul>\n<li>A <strong>large capacity<\/strong> so you'll always look your best! (25 cm long and 15 cm wide)<\/li>\n<li>Manufacturing <strong>waterproof<\/strong> !<\/li>\n<li>Adapting for you\u00a0<span style=\"text-decoration: underline;\">follow you wherever you go. <\/span>\n<\/li>\n<li>Has a hook for the <strong>hang<\/strong> in any <strong>bathroom.<\/strong>\n<\/li>\n<\/ul>\n<ul>\n<li>\n<strong>FREE STANDARD DELIVERY<\/strong>\n<\/li>\n<\/ul>\n<p>\u00a0<\/p>","protected":false},"excerpt":{"rendered":"<p>Notre trousse de toilette la plus compacte de la gamme. Con\u00e7ue pour tous tes voyages ! Une grande capacit\u00e9 pour \u00eatre toujours sur son 31 ! (25\u00a0cm de long sur 15\u00a0cm de large) Une fabrication imperm\u00e9able ! Adapter pour\u00a0te\u00a0suivre dans tous\u00a0tes d\u00e9placements. Dispose d&rsquo;un crochet pour la suspendre dans n&rsquo;importe quelle salle de bain. LIVRAISON&#8230;<\/p>","protected":false},"featured_media":13421,"comment_status":"open","ping_status":"closed","template":"","meta":{"_kad_blocks_custom_css":"","_kad_blocks_head_custom_js":"","_kad_blocks_body_custom_js":"","_kad_blocks_footer_custom_js":"","_kad_post_transparent":"","_kad_post_title":"","_kad_post_layout":"","_kad_post_sidebar_id":"","_kad_post_content_style":"","_kad_post_vertical_padding":"","_kad_post_feature":"","_kad_post_feature_position":"","_kad_post_header":false,"_kad_post_footer":false,"_kad_post_classname":""},"product_brand":[385],"product_cat":[404,401],"product_tag":[96,93],"class_list":{"0":"post-6191","1":"product","2":"type-product","3":"status-publish","4":"has-post-thumbnail","6":"product_brand-velartrip","7":"product_cat-accessoires-voyage","8":"product_cat-trousses-toilette","9":"product_tag-nomade","10":"product_tag-accessoire","12":"first","13":"instock","14":"taxable","15":"shipping-taxable","16":"purchasable","17":"product-type-variable","18":"entry","19":"content-bg","20":"loop-entry"},"taxonomy_info":{"product_brand":[{"value":385,"label":"VelarTrip"}],"product_cat":[{"value":404,"label":"Accessoires de Voyage"},{"value":401,"label":"Trousses de Toilette"}],"product_tag":[{"value":96,"label":" Nomade"},{"value":93,"label":"Accessoire"}]},"featured_image_src_large":["https:\/\/velartrip.com\/wp-content\/uploads\/2022\/05\/30.jpg",800,800,false],"author_info":[],"comment_info":4,"_links":{"self":[{"href":"https:\/\/velartrip.com\/en\/wp-json\/wp\/v2\/product\/6191","targetHints":{"allow":["GET"]}}],"collection":[{"href":"https:\/\/velartrip.com\/en\/wp-json\/wp\/v2\/product"}],"about":[{"href":"https:\/\/velartrip.com\/en\/wp-json\/wp\/v2\/types\/product"}],"replies":[{"embeddable":true,"href":"https:\/\/velartrip.com\/en\/wp-json\/wp\/v2\/comments?post=6191"}],"wp:featuredmedia":[{"embeddable":true,"href":"https:\/\/velartrip.com\/en\/wp-json\/wp\/v2\/media\/13421"}],"wp:attachment":[{"href":"https:\/\/velartrip.com\/en\/wp-json\/wp\/v2\/media?parent=6191"}],"wp:term":[{"taxonomy":"product_brand","embeddable":true,"href":"https:\/\/velartrip.com\/en\/wp-json\/wp\/v2\/product_brand?post=6191"},{"taxonomy":"product_cat","embeddable":true,"href":"https:\/\/velartrip.com\/en\/wp-json\/wp\/v2\/product_cat?post=6191"},{"taxonomy":"product_tag","embeddable":true,"href":"https:\/\/velartrip.com\/en\/wp-json\/wp\/v2\/product_tag?post=6191"}],"curies":[{"name":"wp","href":"https:\/\/api.w.org\/{rel}","templated":true}]}}