{"id":6214,"date":"2020-03-20T14:18:21","date_gmt":"2020-03-20T14:18:21","guid":{"rendered":"https:\/\/velartrip.com\/?product=protege-brosse-a-dents-br-ubud"},"modified":"2025-05-06T17:49:38","modified_gmt":"2025-05-06T15:49:38","slug":"protege-brosse-a-dents","status":"publish","type":"product","link":"https:\/\/velartrip.com\/en\/accessoires-voyage\/accessoires-beaute\/protege-brosse-a-dents\/","title":{"rendered":"Ubud Toothbrush Protector"},"content":{"rendered":"<h2>We guarantee perfect hygiene with our toothbrush guard, designed for all your travels!<\/h2>\n<ul>\n<li>Silicone and gel coating for maximum <strong>getting started<\/strong> <strong>pleasant<\/strong>\n<\/li>\n<\/ul>\n<ul>\n<li>Ventilation for optimal drying.<\/li>\n<\/ul>\n<ul>\n<li>Suitable for <strong>all toothbrushes <\/strong>! <strong>(21 cm long)<\/strong>\n<\/li>\n<\/ul>","protected":false},"excerpt":{"rendered":"<p>On te garanti une hygi\u00e8ne parfaite avec notre prot\u00e8ge brosse \u00e0 dents pens\u00e9 pour tous tes p\u00e9riples ! Rev\u00eatement en silicone et en gel pour une prise en main agr\u00e9able Une a\u00e9ration pr\u00e9vue pour te garantir un s\u00e9chage optimal. Adapt\u00e9e pour toutes les brosses \u00e0 dents ! (21 cm de longueur)<\/p>","protected":false},"featured_media":13694,"comment_status":"open","ping_status":"closed","template":"","meta":{"_kad_blocks_custom_css":"","_kad_blocks_head_custom_js":"","_kad_blocks_body_custom_js":"","_kad_blocks_footer_custom_js":"","_kad_post_transparent":"","_kad_post_title":"","_kad_post_layout":"","_kad_post_sidebar_id":"","_kad_post_content_style":"","_kad_post_vertical_padding":"","_kad_post_feature":"","_kad_post_feature_position":"","_kad_post_header":false,"_kad_post_footer":false,"_kad_post_classname":""},"product_brand":[385],"product_cat":[404,396],"product_tag":[122,96,93],"class_list":{"0":"post-6214","1":"product","2":"type-product","3":"status-publish","4":"has-post-thumbnail","6":"product_brand-velartrip","7":"product_cat-accessoires-voyage","8":"product_cat-accessoires-beaute","9":"product_tag-avion","10":"product_tag-nomade","11":"product_tag-accessoire","13":"first","14":"instock","15":"taxable","16":"shipping-taxable","17":"purchasable","18":"product-type-variable","19":"entry","20":"content-bg","21":"loop-entry"},"taxonomy_info":{"product_brand":[{"value":385,"label":"VelarTrip"}],"product_cat":[{"value":404,"label":"Accessoires de Voyage"},{"value":396,"label":"Mini Produits de Beaut\u00e9"}],"product_tag":[{"value":122,"label":" Avion"},{"value":96,"label":" Nomade"},{"value":93,"label":"Accessoire"}]},"featured_image_src_large":["https:\/\/velartrip.com\/wp-content\/uploads\/2022\/05\/Sans-titre-29.jpg",800,800,false],"author_info":[],"comment_info":0,"_links":{"self":[{"href":"https:\/\/velartrip.com\/en\/wp-json\/wp\/v2\/product\/6214","targetHints":{"allow":["GET"]}}],"collection":[{"href":"https:\/\/velartrip.com\/en\/wp-json\/wp\/v2\/product"}],"about":[{"href":"https:\/\/velartrip.com\/en\/wp-json\/wp\/v2\/types\/product"}],"replies":[{"embeddable":true,"href":"https:\/\/velartrip.com\/en\/wp-json\/wp\/v2\/comments?post=6214"}],"wp:featuredmedia":[{"embeddable":true,"href":"https:\/\/velartrip.com\/en\/wp-json\/wp\/v2\/media\/13694"}],"wp:attachment":[{"href":"https:\/\/velartrip.com\/en\/wp-json\/wp\/v2\/media?parent=6214"}],"wp:term":[{"taxonomy":"product_brand","embeddable":true,"href":"https:\/\/velartrip.com\/en\/wp-json\/wp\/v2\/product_brand?post=6214"},{"taxonomy":"product_cat","embeddable":true,"href":"https:\/\/velartrip.com\/en\/wp-json\/wp\/v2\/product_cat?post=6214"},{"taxonomy":"product_tag","embeddable":true,"href":"https:\/\/velartrip.com\/en\/wp-json\/wp\/v2\/product_tag?post=6214"}],"curies":[{"name":"wp","href":"https:\/\/api.w.org\/{rel}","templated":true}]}}