{"id":6304,"date":"2020-04-13T12:00:14","date_gmt":"2020-04-13T12:00:14","guid":{"rendered":"https:\/\/velartrip.com\/?product=ceinture-de-voyage-br-nairobi"},"modified":"2022-05-30T10:25:44","modified_gmt":"2022-05-30T08:25:44","slug":"ceinture-de-voyage-multipoches","status":"publish","type":"product","link":"https:\/\/velartrip.com\/en\/accessoires-pratiques\/ceinture-de-voyage-multipoches\/","title":{"rendered":"Nairobi Travel Belt"},"content":{"rendered":"<h2>Never travel again with your passport and money in your pocket! You risk losing them.<\/h2>\n<h2>Take the discreet Nairobi belt instead - it'll save you a lot of hassle!<\/h2>\n<ul>\n<li>Can be used to carry money, your credit card and\/or your passport<\/li>\n<\/ul>\n<ul>\n<li>A <strong>discreet belt<\/strong> that fits all sizes<em> (up to 114 cm)<\/em><\/li>\n<\/ul>\n<ul>\n<li>Fits perfectly thanks to its adjustable belt<\/li>\n<\/ul>\n<ul>\n<li>It can be worn either as <strong>banana style<\/strong> or close to the body <em>(we in the team prefer close to the body for more discretion)<\/em><\/li>\n<\/ul>\n<ul>\n<li>Designed in a fabric that <strong>reduces perspiration<\/strong><\/li>\n<\/ul>\n<ul>\n<li>Size: 13*26 cm<\/li>\n<\/ul>\n<ul>\n<li><strong>FREE STANDARD DELIVERY<\/strong><\/li>\n<\/ul>","protected":false},"excerpt":{"rendered":"<p>Ne partez plus en voyage avec votre passeport et votre argent dans vos poches ! Vous risqueriez de les \u00e9garer. Prenez plut\u00f4t la ceinture discr\u00e8te Nairobi qui \u00e9vitera de nombreux tracas ! Utilisable pour transporter de l&rsquo;argent, sa CB et\/ou son passeport Une ceinture discr\u00e8te qui s&rsquo;adapte \u00e0 toutes les tailles (jusqu&rsquo;\u00e0 114 cm) S&rsquo;ajuste&#8230;<\/p>","protected":false},"featured_media":13643,"comment_status":"open","ping_status":"closed","template":"","meta":{"_kad_blocks_custom_css":"","_kad_blocks_head_custom_js":"","_kad_blocks_body_custom_js":"","_kad_blocks_footer_custom_js":"","_kad_post_transparent":"","_kad_post_title":"","_kad_post_layout":"","_kad_post_sidebar_id":"","_kad_post_content_style":"","_kad_post_vertical_padding":"","_kad_post_feature":"","_kad_post_feature_position":"","_kad_post_header":false,"_kad_post_footer":false,"_kad_post_classname":""},"product_brand":[385],"product_cat":[386],"product_tag":[141],"class_list":{"0":"post-6304","1":"product","2":"type-product","3":"status-publish","4":"has-post-thumbnail","6":"product_brand-velartrip","7":"product_cat-accessoires-pratiques","8":"product_tag-securite","10":"first","11":"instock","12":"taxable","13":"shipping-taxable","14":"purchasable","15":"product-type-variable","16":"entry","17":"content-bg","18":"loop-entry"},"taxonomy_info":{"product_brand":[{"value":385,"label":"VelarTrip"}],"product_cat":[{"value":386,"label":"Accessoires Pratiques"}],"product_tag":[{"value":141,"label":"S\u00e9curit\u00e9"}]},"featured_image_src_large":["https:\/\/velartrip.com\/wp-content\/uploads\/2022\/05\/4000908206018_images_62947e689d740_2.jpg",800,800,false],"author_info":[],"comment_info":6,"_links":{"self":[{"href":"https:\/\/velartrip.com\/en\/wp-json\/wp\/v2\/product\/6304","targetHints":{"allow":["GET"]}}],"collection":[{"href":"https:\/\/velartrip.com\/en\/wp-json\/wp\/v2\/product"}],"about":[{"href":"https:\/\/velartrip.com\/en\/wp-json\/wp\/v2\/types\/product"}],"replies":[{"embeddable":true,"href":"https:\/\/velartrip.com\/en\/wp-json\/wp\/v2\/comments?post=6304"}],"wp:featuredmedia":[{"embeddable":true,"href":"https:\/\/velartrip.com\/en\/wp-json\/wp\/v2\/media\/13643"}],"wp:attachment":[{"href":"https:\/\/velartrip.com\/en\/wp-json\/wp\/v2\/media?parent=6304"}],"wp:term":[{"taxonomy":"product_brand","embeddable":true,"href":"https:\/\/velartrip.com\/en\/wp-json\/wp\/v2\/product_brand?post=6304"},{"taxonomy":"product_cat","embeddable":true,"href":"https:\/\/velartrip.com\/en\/wp-json\/wp\/v2\/product_cat?post=6304"},{"taxonomy":"product_tag","embeddable":true,"href":"https:\/\/velartrip.com\/en\/wp-json\/wp\/v2\/product_tag?post=6304"}],"curies":[{"name":"wp","href":"https:\/\/api.w.org\/{rel}","templated":true}]}}