{"id":6330,"date":"2020-04-15T22:19:55","date_gmt":"2020-04-15T22:19:55","guid":{"rendered":"https:\/\/velartrip.com\/?product=etiquette-bagage-br-away-we-go-vert"},"modified":"2025-11-27T15:04:28","modified_gmt":"2025-11-27T14:04:28","slug":"etiquette-bagage-avion-vert","status":"publish","type":"product","link":"https:\/\/velartrip.com\/en\/accessoires-pour-valise\/etiquettes-bagages\/etiquette-bagage-avion-vert\/","title":{"rendered":"Away We Go Luggage Tags Green"},"content":{"rendered":"<p>&nbsp;<\/p>\n<h2>Our luggage tag will bring you luck on all your flights!<\/h2>\n<ul>\n<li><strong>Identify and find<\/strong>\u00a0your luggage with ease<\/li>\n<li><strong>Attaches quickly<\/strong>\u00a0with ease.<\/li>\n<li>Designed for\u00a0<strong>all types of luggage<\/strong>s (hands, travel bag, carry-on suitcase, backpack...)<\/li>\n<li>Composition: synthetic leather<\/li>\n<\/ul>\n<h3 style=\"text-align: center\"><span style=\"color: #82d5c7\">Why label your suitcases?<\/span><\/h3>\n<p>If you would like to :<\/p>\n<p>\u2705 Travel by train, boat or plane.<\/p>\n<p>\u2705\u00a0<strong>Distinguishing your suitcases<\/strong>\u00a0of other travellers on the baggage carousel<\/p>\n<p>\u2705 <strong>Find your way more easily<\/strong>t a lost suitcase (although we wouldn't wish it on you!)<\/p>\n<p>\u2705 To be <strong>in compliance with regulations<\/strong> airport\u00a0<span data-mce-fragment=\"1\">international<\/span><\/p>\n<p><span data-mce-fragment=\"1\">\u2705 <strong>Avoiding destruction<\/strong> by the authorities of your unattended suitcase.<\/span><\/p>\n<p><span data-mce-fragment=\"1\">In this case, you will need a luggage tag.<\/span><\/p>\n<h3 style=\"text-align: center\"><span style=\"color: #db7c46\" data-mce-fragment=\"1\">How do I choose a label for my suitcase?<\/span><\/h3>\n<p><span data-mce-fragment=\"1\">This is probably the easiest travel accessory to choose since it will depend <strong>just your taste in design<\/strong> !<\/span><\/p>\n<p><span data-mce-fragment=\"1\">For the rest, each label has more or less <strong>the same fields to be completed<\/strong>, that&#039;s to say :<\/span><\/p>\n<ul>\n<li><span data-mce-fragment=\"1\">first and last name<\/span><\/li>\n<li><span data-mce-fragment=\"1\">the postal address\u00a0<\/span><\/li>\n<li><span data-mce-fragment=\"1\">telephone number\u00a0<\/span><\/li>\n<li><span data-mce-fragment=\"1\">the email address<\/span><\/li>\n<\/ul>","protected":false},"excerpt":{"rendered":"<p>&nbsp; Notre \u00e9tiquette de bagage de portera chance pour tous tes vols ! Identifiez et retrouvez\u00a0facilement\u00a0vos bagages S&rsquo;attache rapidement\u00a0et facilement. Con\u00e7u pour\u00a0tous types de bagages (mains, sac de voyage, valise cabine, sac \u00e0 dos&#8230;) Composition : cuir synth\u00e9tique Pourquoi \u00e9tiqueter ses valises ? Si vous souhaitez : \u2705\u00a0Voyager en train, bateau ou avion. \u2705\u00a0Distinguer\u00a0vos\u00a0valises\u00a0des autres&#8230;<\/p>","protected":false},"featured_media":13632,"comment_status":"open","ping_status":"closed","template":"","meta":{"_kad_blocks_custom_css":"","_kad_blocks_head_custom_js":"","_kad_blocks_body_custom_js":"","_kad_blocks_footer_custom_js":"","_kad_post_transparent":"","_kad_post_title":"","_kad_post_layout":"","_kad_post_sidebar_id":"","_kad_post_content_style":"","_kad_post_vertical_padding":"","_kad_post_feature":"","_kad_post_feature_position":"","_kad_post_header":false,"_kad_post_footer":false,"_kad_post_classname":""},"product_brand":[385],"product_cat":[618,397],"product_tag":[144,95],"class_list":{"0":"post-6330","1":"product","2":"type-product","3":"status-publish","4":"has-post-thumbnail","6":"product_brand-velartrip","7":"product_cat-accessoires-pour-valise","8":"product_cat-etiquettes-bagages","9":"product_tag-phrase","10":"product_tag-avion","12":"first","13":"instock","14":"taxable","15":"shipping-taxable","16":"purchasable","17":"product-type-simple","18":"entry","19":"content-bg","20":"loop-entry"},"taxonomy_info":{"product_brand":[{"value":385,"label":"VelarTrip"}],"product_cat":[{"value":618,"label":"Accessoires pour Valise"},{"value":397,"label":"\u00c9tiquette Bagage"}],"product_tag":[{"value":144,"label":" Phrase"},{"value":95,"label":"Avion"}]},"featured_image_src_large":["https:\/\/velartrip.com\/wp-content\/uploads\/2022\/05\/149.jpg",800,800,false],"author_info":[],"comment_info":5,"_links":{"self":[{"href":"https:\/\/velartrip.com\/en\/wp-json\/wp\/v2\/product\/6330","targetHints":{"allow":["GET"]}}],"collection":[{"href":"https:\/\/velartrip.com\/en\/wp-json\/wp\/v2\/product"}],"about":[{"href":"https:\/\/velartrip.com\/en\/wp-json\/wp\/v2\/types\/product"}],"replies":[{"embeddable":true,"href":"https:\/\/velartrip.com\/en\/wp-json\/wp\/v2\/comments?post=6330"}],"wp:featuredmedia":[{"embeddable":true,"href":"https:\/\/velartrip.com\/en\/wp-json\/wp\/v2\/media\/13632"}],"wp:attachment":[{"href":"https:\/\/velartrip.com\/en\/wp-json\/wp\/v2\/media?parent=6330"}],"wp:term":[{"taxonomy":"product_brand","embeddable":true,"href":"https:\/\/velartrip.com\/en\/wp-json\/wp\/v2\/product_brand?post=6330"},{"taxonomy":"product_cat","embeddable":true,"href":"https:\/\/velartrip.com\/en\/wp-json\/wp\/v2\/product_cat?post=6330"},{"taxonomy":"product_tag","embeddable":true,"href":"https:\/\/velartrip.com\/en\/wp-json\/wp\/v2\/product_tag?post=6330"}],"curies":[{"name":"wp","href":"https:\/\/api.w.org\/{rel}","templated":true}]}}