{"id":6397,"date":"2020-04-17T15:41:55","date_gmt":"2020-04-17T15:41:55","guid":{"rendered":"https:\/\/velartrip.com\/?product=protege-passeport-br-business-premium-floral"},"modified":"2022-08-04T00:00:07","modified_gmt":"2022-08-03T22:00:07","slug":"protege-passeport-motifs-floraux","status":"publish","type":"product","link":"https:\/\/velartrip.com\/en\/accessoires-pour-valise\/protege-passeports\/protege-passeport-motifs-floraux\/","title":{"rendered":"Business Premium Passport Cover (Floral)"},"content":{"rendered":"<h2>\u00a0If you're looking for a passport protector that stands out from the crowd, we've got you covered with our floral patterned protector!<\/h2>\n<ul>\n<li>A passport cover<strong> in patterned genuine leather.<\/strong><\/li>\n<li>Location for <strong>2 credit cards.<\/strong><\/li>\n<li><strong>Thicker<\/strong> with its <strong>80 grams!<\/strong><\/li>\n<li>With him you <strong>avoid<\/strong>\u00a0a large number of <strong>mishaps!<\/strong><\/li>\n<\/ul>\n<ul>\n<li><strong>FREE STANDARD DELIVERY<\/strong><\/li>\n<\/ul>","protected":false},"excerpt":{"rendered":"<p>\u00a0Si tu souhaites un prot\u00e8ge-passeport qui se distingue du lot, nous te faisons d\u00e9couvrir notre protection \u00e0 motifs floraux ! Un prot\u00e8ge-passeport en cuir v\u00e9ritable \u00e0 motifs. Emplacement pour 2 cartes bancaires. Plus \u00e9pais que la moyenne avec ses 80 grammes ! Avec lui tu \u00e9viteras\u00a0un grand nombre de m\u00e9saventures ! LIVRAISON STANDARD OFFERTE<\/p>","protected":false},"featured_media":13608,"comment_status":"open","ping_status":"closed","template":"","meta":{"_kad_blocks_custom_css":"","_kad_blocks_head_custom_js":"","_kad_blocks_body_custom_js":"","_kad_blocks_footer_custom_js":"","_kad_post_transparent":"","_kad_post_title":"","_kad_post_layout":"","_kad_post_sidebar_id":"","_kad_post_content_style":"","_kad_post_vertical_padding":"","_kad_post_feature":"","_kad_post_feature_position":"","_kad_post_header":false,"_kad_post_footer":false,"_kad_post_classname":""},"product_brand":[385],"product_cat":[395,618],"product_tag":[186,95],"class_list":{"0":"post-6397","1":"product","2":"type-product","3":"status-publish","4":"has-post-thumbnail","6":"product_brand-velartrip","7":"product_cat-protege-passeports","8":"product_cat-accessoires-pour-valise","9":"product_tag-aeroport","10":"product_tag-avion","12":"first","13":"instock","14":"taxable","15":"shipping-taxable","16":"purchasable","17":"product-type-variable","18":"has-default-attributes","19":"entry","20":"content-bg","21":"loop-entry"},"taxonomy_info":{"product_brand":[{"value":385,"label":"VelarTrip"}],"product_cat":[{"value":395,"label":"Prot\u00e8ge-Passeports"},{"value":618,"label":"Accessoires pour Valise"}],"product_tag":[{"value":186,"label":"A\u00e9roport"},{"value":95,"label":"Avion"}]},"featured_image_src_large":["https:\/\/velartrip.com\/wp-content\/uploads\/2022\/05\/130.jpg",800,800,false],"author_info":[],"comment_info":5,"_links":{"self":[{"href":"https:\/\/velartrip.com\/en\/wp-json\/wp\/v2\/product\/6397","targetHints":{"allow":["GET"]}}],"collection":[{"href":"https:\/\/velartrip.com\/en\/wp-json\/wp\/v2\/product"}],"about":[{"href":"https:\/\/velartrip.com\/en\/wp-json\/wp\/v2\/types\/product"}],"replies":[{"embeddable":true,"href":"https:\/\/velartrip.com\/en\/wp-json\/wp\/v2\/comments?post=6397"}],"wp:featuredmedia":[{"embeddable":true,"href":"https:\/\/velartrip.com\/en\/wp-json\/wp\/v2\/media\/13608"}],"wp:attachment":[{"href":"https:\/\/velartrip.com\/en\/wp-json\/wp\/v2\/media?parent=6397"}],"wp:term":[{"taxonomy":"product_brand","embeddable":true,"href":"https:\/\/velartrip.com\/en\/wp-json\/wp\/v2\/product_brand?post=6397"},{"taxonomy":"product_cat","embeddable":true,"href":"https:\/\/velartrip.com\/en\/wp-json\/wp\/v2\/product_cat?post=6397"},{"taxonomy":"product_tag","embeddable":true,"href":"https:\/\/velartrip.com\/en\/wp-json\/wp\/v2\/product_tag?post=6397"}],"curies":[{"name":"wp","href":"https:\/\/api.w.org\/{rel}","templated":true}]}}