{"id":6678,"date":"2020-04-20T13:27:53","date_gmt":"2020-04-20T13:27:53","guid":{"rendered":"https:\/\/velartrip.com\/?product=housse-de-valise-br-mandala"},"modified":"2024-12-04T09:30:30","modified_gmt":"2024-12-04T08:30:30","slug":"housse-valise-mandala","status":"publish","type":"product","link":"https:\/\/velartrip.com\/en\/accessoires-pour-valise\/housse-de-valise\/housse-valise-mandala\/","title":{"rendered":"Mandala Suitcase Cover"},"content":{"rendered":"<h2>Are you a fan of Buddhist culture? Discover our suitcase covers with mandala symbols, and keep your sense of well-being alive in the 4 corners of the globe.<\/h2>\n<ul>\n<li><strong><span style=\"text-decoration: underline;\">Fits 99% suitcases<\/span> <\/strong>with 2 or 4 wheels.<\/li>\n<li><strong>Two openings planned<\/strong> for telescopic handle and\/or single handle.<\/li>\n<li>No more risk of having your belongings stolen, <strong>zippers are protected<\/strong> by our cover<\/li>\n<li>No more exorbitantly-priced disposable plastic film, our covers pay for themselves on your very first trip.<\/li>\n<li>Washable at 30\u00b0C and reusable, the planet will be better off! \u267b\ufe0f<\/li>\n<\/ul>\n<p style=\"text-align: center;\">\ud83d\udccf Refer to the size guide to best choose your suitcase cover according to its dimension \ud83d\udccf<\/p>\n<p class=\"p1\" style=\"text-align: center;\"><span class=\"s1\">\u26a0\ufe0f<\/span> Compatible with the following suitcase covers<strong> the side handle is on the left, not the right<\/strong>. (visible on the photo of the cover)<\/p>\n<p>&nbsp;<\/p>\n<h2 style=\"text-align: center;\"><span style=\"color: #ec7f01;\">Why choose a suitcase cover?<\/span><\/h2>\n<p class=\"p1\">Are you skeptical about using a suitcase cover? Not sure if your <strong>case will be compatible<\/strong> with this accessory?<\/p>\n<p class=\"p2\">We specialize in this area and explain it all below!<\/p>\n<p>&nbsp;<\/p>\n<p>As we all know, with more than 36.7 million flights a year <strong>the safety of your luggage<\/strong> can be flawed...<\/p>\n<div style=\"text-align: left;\"><img decoding=\"async\" style=\"float: none;\" src=\"https:\/\/velartrip.com\/wp-content\/uploads\/content\/bagages_dechires.jpg\" alt=\"damaged luggage\" \/><\/div>\n<p>If you would like to :<\/p>\n<ul>\n<li><strong>Protect<\/strong> your <strong>personal belongings<\/strong> efficiently<\/li>\n<li><strong>Discourage<\/strong> from <strong>theft attempts<\/strong><\/li>\n<li><strong>Identify<\/strong> more easily <strong>your suitcase<\/strong> on the baggage carousel<\/li>\n<\/ul>\n<p>Then a suitcase cover is just what you need! No more :<\/p>\n<ul>\n<li>Suitcases opened upon arrival<\/li>\n<li>Scratched, dented or torn suitcases<\/li>\n<\/ul>\n<p>The hold of an airplane will no longer be a problem for you from now on!<\/p>\n<h3><\/h3>\n<h3><span style=\"text-decoration: underline;\">Why did we choose polyester?<\/span><\/h3>\n<p class=\"p2\">Quite simply because, to date, it's the <strong>most secure material<\/strong> and most flexible for <strong>adapt to 99%<\/strong> suitcase sizes.<\/p>\n<p class=\"p2\">The other advantage is that the <strong>polyester<\/strong> is a material that <strong>can be washed<\/strong> You'll save a lot of money compared to plastic film fans!<\/p>\n<p class=\"p2\">Because for your information, for a round trip flight, a plastic film costs the same as a suitcase cover...<\/p>\n<p class=\"p2\">Your <strong>cover respects the environment and sustainable development.<\/strong><\/p>\n<div style=\"text-align: left;\"><img decoding=\"async\" style=\"float: none;\" src=\"https:\/\/velartrip.com\/wp-content\/uploads\/content\/films_plastiques_ou_housses_de_valise.png\" alt=\"plastic films or suitcase covers\" \/><\/div>\n<h3 class=\"p2\"><\/h3>\n<h3 class=\"p2\"><\/h3>\n<h3 class=\"p2\"><span style=\"text-decoration: underline;\">Is my suitcase compatible with one of your protective covers?<\/span><\/h3>\n<p class=\"p2\">If you have a <strong>rigid case with 2 or 4 wheels<\/strong> and a telescopic handle, there's a good chance your suitcase will be compatible!<\/p>\n<p class=\"p2\">Travel bags and backpacks, on the other hand, are not adaptable.<\/p>\n<p class=\"p2\">To find out more, please refer to <span style=\"text-decoration: underline;\"><a title=\"sizing guide\" href=\"https:\/\/velartrip.com\/wp-content\/uploads\/2021\/05\/Guide-des-tailles-velartrip.png\" target=\"_blank\" rel=\"noopener\">our size guide<\/a><\/span> to choose the right dimensions for your suitcase and, above all, to check whether <strong>your side handle is on the left<\/strong>Some models are designed exclusively for straight handles.<\/p>\n<div style=\"text-align: left;\"><img decoding=\"async\" style=\"float: none;\" src=\"https:\/\/velartrip.com\/wp-content\/uploads\/content\/poignees_valises.png\" alt=\"Suitcase handles\" \/><\/div>\n<h3 class=\"p2\"><span style=\"text-decoration: underline;\">How is my suitcase protected? <\/span><\/h3>\n<p class=\"p2\">Suitcase cover <strong>slips on from the top<\/strong>can be fitted with zippers and straps to ensure a secure fit.<strong> secure hold<\/strong> throughout the journey.<\/p>\n<p class=\"p2\">Visit <strong>less than 30 seconds<\/strong>your suitcase will be <strong>100% protected.<\/strong><\/p>\n<p class=\"p2\">If you wish, you can <span style=\"text-decoration: underline;\"><a title=\"suitcase cover tutorial\" href=\"https:\/\/vimeo.com\/454561460\" target=\"_blank\" rel=\"noopener\">discover our tutorial on how to adapt your cover to your suitcase<\/a>.<\/span><\/p>\n<ul>\n<li><\/li>\n<\/ul>","protected":false},"excerpt":{"rendered":"<p>Tu es fan de la culture bouddhiste ? D\u00e9couvre nos housses de valise aux symboles mandala, et fait perdurer ton sentiment de bien-\u00eatre aux 4 coins du globe. S&rsquo;adapte \u00e0 99% des valises \u00e0 2 ou 4 roues. Deux ouvertures pr\u00e9vues pour la poign\u00e9e t\u00e9lescopique et\/o\u00f9 la poign\u00e9e simple. Plus de risques de se faire&#8230;<\/p>","protected":false},"featured_media":12451,"comment_status":"open","ping_status":"closed","template":"","meta":{"_kad_blocks_custom_css":"","_kad_blocks_head_custom_js":"","_kad_blocks_body_custom_js":"","_kad_blocks_footer_custom_js":"","_kad_post_transparent":"","_kad_post_title":"","_kad_post_layout":"","_kad_post_sidebar_id":"","_kad_post_content_style":"","_kad_post_vertical_padding":"","_kad_post_feature":"","_kad_post_feature_position":"","_kad_post_header":false,"_kad_post_footer":false,"_kad_post_classname":""},"product_brand":[],"product_cat":[392,618],"product_tag":[],"class_list":{"0":"post-6678","1":"product","2":"type-product","3":"status-publish","4":"has-post-thumbnail","6":"product_cat-housse-de-valise","7":"product_cat-accessoires-pour-valise","9":"first","10":"instock","11":"taxable","12":"shipping-taxable","13":"purchasable","14":"product-type-variable","15":"entry","16":"content-bg","17":"loop-entry"},"taxonomy_info":{"product_cat":[{"value":392,"label":"Housses De Valise"},{"value":618,"label":"Accessoires pour Valise"}]},"featured_image_src_large":["https:\/\/velartrip.com\/wp-content\/uploads\/2022\/04\/housse-valise-mandala.jpg",800,800,false],"author_info":[],"comment_info":0,"_links":{"self":[{"href":"https:\/\/velartrip.com\/en\/wp-json\/wp\/v2\/product\/6678","targetHints":{"allow":["GET"]}}],"collection":[{"href":"https:\/\/velartrip.com\/en\/wp-json\/wp\/v2\/product"}],"about":[{"href":"https:\/\/velartrip.com\/en\/wp-json\/wp\/v2\/types\/product"}],"replies":[{"embeddable":true,"href":"https:\/\/velartrip.com\/en\/wp-json\/wp\/v2\/comments?post=6678"}],"wp:featuredmedia":[{"embeddable":true,"href":"https:\/\/velartrip.com\/en\/wp-json\/wp\/v2\/media\/12451"}],"wp:attachment":[{"href":"https:\/\/velartrip.com\/en\/wp-json\/wp\/v2\/media?parent=6678"}],"wp:term":[{"taxonomy":"product_brand","embeddable":true,"href":"https:\/\/velartrip.com\/en\/wp-json\/wp\/v2\/product_brand?post=6678"},{"taxonomy":"product_cat","embeddable":true,"href":"https:\/\/velartrip.com\/en\/wp-json\/wp\/v2\/product_cat?post=6678"},{"taxonomy":"product_tag","embeddable":true,"href":"https:\/\/velartrip.com\/en\/wp-json\/wp\/v2\/product_tag?post=6678"}],"curies":[{"name":"wp","href":"https:\/\/api.w.org\/{rel}","templated":true}]}}